{"id":3579,"date":"2023-11-27T15:19:25","date_gmt":"2023-11-27T14:19:25","guid":{"rendered":"https:\/\/nicolefragrance.se\/?post_type=product&#038;p=3579"},"modified":"2025-07-05T18:00:14","modified_gmt":"2025-07-05T16:00:14","slug":"memoir-woman-amouage-nicole-edp","status":"publish","type":"product","link":"https:\/\/nicolefragrance.se\/hr\/proizvod\/memoir-woman-amouage-nicole-edp\/","title":{"rendered":"Nicole 2052 EDP inspiriran s Memoir Woman Amouage"},"content":{"rendered":"<p><strong>Memoir Woman by Amouage<\/strong> je orijentalni chypre \u017eenski parfem, lansiran 2010. godine. Memoir Woman je jedinstvena kombinacija bogatih za\u010dina, tamjana i drvenih nota, koja stvara miris koji je ujedno sofisticiran, misteriozan \u010dak i pomalo mra\u010dan.<\/p>\n<p>Gornje note parfema koje otvaraju ovu rasko\u0161nu aromu \u010dine kardamom, mandarina, ru\u017ei\u010dasti papar i pelin. U srcu mirisa zatim primat preuzimaju bogati cvjetni mirisni akordi jasmina, ru\u017ee i bijelih cvjetova, oboga\u0107eni za\u010dinskim akordima karanfilic\u0301a, tamjana, papra i drvenima notama. Baza parfema pru\u017ea dugotrajnu senzualnost mirisu isti\u010du\u0107i se notama mo\u0161usa, hrastove mahovine i ko\u017ee.<\/p>\n<p>U svijetu parfumerije, ovaj parfem va\u017ei za simbol vrhunskog luksuza i savr\u0161en je izbor za dame koje \u017eele da naglase svoju individualnost i sofisticiranost.<\/p>\n<p>tako\u0111er,<strong> Memoir Woman<\/strong> je prava poslastica za dame koje su ljubitelji tamnih, intrigantnih mirisa i predstavlja remek-djelo u svijetu parfema. Odosoban je izbor za hladno vrijeme i zimsku sezonu jer ostavlja opojan mirisni trag.<\/p>\n<p>Za\u010dinjen i pomalo goti\u010dan, <strong>Amouage Memoir Woman<\/strong> simbolizira vintage luksuz u svojoj najboljoj formi.<\/p>\n","protected":false},"excerpt":{"rendered":"<p>Memoir Woman by Amouage je prava poslastica za dame koje su ljubitelji tamnih, intrigantnih mirisa i predstavlja remek-djelo u svijetu parfema. Odosoban je izbor za hladno vrijeme i zimsku sezonu jer ostavlja opojan mirisni trag. Za\u010dinjen i pomalo goti\u010dan, Memoir Woman simbolizira vintage luksuz u svojoj najboljoj formi.<\/p>\n","protected":false},"featured_media":26095,"comment_status":"open","ping_status":"closed","template":"","meta":{"_acf_changed":false},"product_brand":[],"product_cat":[252,186],"product_tag":[],"class_list":{"0":"post-3579","1":"product","2":"type-product","3":"status-publish","4":"has-post-thumbnail","6":"product_cat-amouage-marka","7":"product_cat-za-zene","9":"first","10":"instock","11":"taxable","12":"shipping-taxable","13":"purchasable","14":"product-type-variable","15":"has-default-attributes"},"acf":[],"_links":{"self":[{"href":"https:\/\/nicolefragrance.se\/hr\/wp-json\/wp\/v2\/product\/3579","targetHints":{"allow":["GET"]}}],"collection":[{"href":"https:\/\/nicolefragrance.se\/hr\/wp-json\/wp\/v2\/product"}],"about":[{"href":"https:\/\/nicolefragrance.se\/hr\/wp-json\/wp\/v2\/types\/product"}],"replies":[{"embeddable":true,"href":"https:\/\/nicolefragrance.se\/hr\/wp-json\/wp\/v2\/comments?post=3579"}],"version-history":[{"count":0,"href":"https:\/\/nicolefragrance.se\/hr\/wp-json\/wp\/v2\/product\/3579\/revisions"}],"wp:featuredmedia":[{"embeddable":true,"href":"https:\/\/nicolefragrance.se\/hr\/wp-json\/wp\/v2\/media\/26095"}],"wp:attachment":[{"href":"https:\/\/nicolefragrance.se\/hr\/wp-json\/wp\/v2\/media?parent=3579"}],"wp:term":[{"taxonomy":"product_brand","embeddable":true,"href":"https:\/\/nicolefragrance.se\/hr\/wp-json\/wp\/v2\/product_brand?post=3579"},{"taxonomy":"product_cat","embeddable":true,"href":"https:\/\/nicolefragrance.se\/hr\/wp-json\/wp\/v2\/product_cat?post=3579"},{"taxonomy":"product_tag","embeddable":true,"href":"https:\/\/nicolefragrance.se\/hr\/wp-json\/wp\/v2\/product_tag?post=3579"}],"curies":[{"name":"wp","href":"https:\/\/api.w.org\/{rel}","templated":true}]}}