{"id":3555,"date":"2023-11-27T15:09:33","date_gmt":"2023-11-27T14:09:33","guid":{"rendered":"https:\/\/nicolefragrance.se\/?post_type=product&#038;p=3555"},"modified":"2025-07-05T18:04:53","modified_gmt":"2025-07-05T16:04:53","slug":"kalemat-arabian-oud-nicole-edp","status":"publish","type":"product","link":"https:\/\/nicolefragrance.se\/hr\/proizvod\/kalemat-arabian-oud-nicole-edp\/","title":{"rendered":"Nicole 3059 EDP inspiriran s Kalemat Arabian Oud"},"content":{"rendered":"<p><strong>Kalemat by Arabian Oud<\/strong> je orijentalni amber parfem namijenjen kako \u017eenama, tako i mu\u0161karcima. Lansiran sa bogatim sastavom mirisnih nota, ovaj parfem o\u010darava i isti\u010de se svojim jedinstvenim karakterom.<\/p>\n<p>Gornje note ovog parfema donose so\u010dnu svje\u017einu borovnice i karakteristi\u010dnu slatko\u0107u anisa. Ove note otvaraju vrata \u010darobnom putovanju kroz mirisne slojeve Kalemat-a. Srednje note ove rasko\u0161ne kompozicije uklju\u010duju toplu, drvenu notu ka\u0161mira, cvjetne arome i osvje\u017eavaju\u0107i miris ru\u017emarina. Ove note doprinose kompleksnosti i dubini parfema, stvaraju\u0107i bogatu sr\u017e koja mami osjetila. Baza parfema predstavlja harmoni\u010dnu kombinaciju ambera, meda i mo\u0161usa. Ove tople i senzualne note pru\u017eaju dugotrajan osje\u0107aj, ostavljaju\u0107i zavodljiv trag. Arome bogate brusnice, mirisnog ru\u017emarina i dimljenog mo\u0161usa stvaraju prelijepe rije\u010di koje doslovno iska\u010du sa stranice i inspiriraju tisu\u0107u magi\u010dnih pri\u010da.<\/p>\n<p><strong>Kalemat by Arabian Oud<\/strong> je unisex parfem \u010dija bo\u017eanstvena, ukusna i opojna aroma odra\u017eava senzualnost i misti\u010dnost. Idealan je izbor za hladnije sezone, gdje njegova toplina i dubina dolaze do punog izra\u017eaja, \u010dine\u0107i svako no\u0161enje ovog parfema nezaboravnim iskustvom.<\/p>\n<p>Uplovite u svijet <strong>Kalemat Arabian Oud<\/strong> parfema i do\u017eivite magiju mirisa koja ostavlja neizbrisiv utisak.<\/p>\n","protected":false},"excerpt":{"rendered":"<p>Kalemat by Arabian Oud je unisex parfem \u010dija bo\u017eanstvena, ukusna i opojna aroma odra\u017eava senzualnost i misti\u010dnost. Idealan je izbor za hladnije sezone, gdje njegova toplina i dubina dolaze do punog izra\u017eaja, \u010dine\u0107i svako no\u0161enje ovog parfema nezaboravnim iskustvom. Uplovite u svijet Kalemat Arabian Oud parfema i do\u017eivite magiju mirisa koja ostavlja neizbrisiv utisak.<\/p>\n","protected":false},"featured_media":26117,"comment_status":"open","ping_status":"closed","template":"","meta":{"_acf_changed":false},"product_brand":[],"product_cat":[259,188,187,186],"product_tag":[],"class_list":{"0":"post-3555","1":"product","2":"type-product","3":"status-publish","4":"has-post-thumbnail","6":"product_cat-arabian-oud-marka","7":"product_cat-unisex","8":"product_cat-za-muskarce","9":"product_cat-za-zene","11":"first","12":"instock","13":"taxable","14":"shipping-taxable","15":"purchasable","16":"product-type-variable","17":"has-default-attributes"},"acf":[],"_links":{"self":[{"href":"https:\/\/nicolefragrance.se\/hr\/wp-json\/wp\/v2\/product\/3555","targetHints":{"allow":["GET"]}}],"collection":[{"href":"https:\/\/nicolefragrance.se\/hr\/wp-json\/wp\/v2\/product"}],"about":[{"href":"https:\/\/nicolefragrance.se\/hr\/wp-json\/wp\/v2\/types\/product"}],"replies":[{"embeddable":true,"href":"https:\/\/nicolefragrance.se\/hr\/wp-json\/wp\/v2\/comments?post=3555"}],"version-history":[{"count":0,"href":"https:\/\/nicolefragrance.se\/hr\/wp-json\/wp\/v2\/product\/3555\/revisions"}],"wp:featuredmedia":[{"embeddable":true,"href":"https:\/\/nicolefragrance.se\/hr\/wp-json\/wp\/v2\/media\/26117"}],"wp:attachment":[{"href":"https:\/\/nicolefragrance.se\/hr\/wp-json\/wp\/v2\/media?parent=3555"}],"wp:term":[{"taxonomy":"product_brand","embeddable":true,"href":"https:\/\/nicolefragrance.se\/hr\/wp-json\/wp\/v2\/product_brand?post=3555"},{"taxonomy":"product_cat","embeddable":true,"href":"https:\/\/nicolefragrance.se\/hr\/wp-json\/wp\/v2\/product_cat?post=3555"},{"taxonomy":"product_tag","embeddable":true,"href":"https:\/\/nicolefragrance.se\/hr\/wp-json\/wp\/v2\/product_tag?post=3555"}],"curies":[{"name":"wp","href":"https:\/\/api.w.org\/{rel}","templated":true}]}}