{"id":3543,"date":"2023-11-27T14:50:46","date_gmt":"2023-11-27T13:50:46","guid":{"rendered":"https:\/\/nicolefragrance.se\/?post_type=product&#038;p=3543"},"modified":"2025-07-05T18:07:07","modified_gmt":"2025-07-05T16:07:07","slug":"side-effect-initio-parfums-prives-nicole-edp","status":"publish","type":"product","link":"https:\/\/nicolefragrance.se\/hr\/proizvod\/side-effect-initio-parfums-prives-nicole-edp\/","title":{"rendered":"Nicole 3058 EDP inspiriran s Side Effect Initio Parfums Prives"},"content":{"rendered":"<p><strong>Side Effect by Initio Parfums Prives<\/strong> je orijentalni amber parfem namijenjen kako \u017eenama, tako i mu\u0161karcima, lansiran 2016. godine.<\/p>\n<p>Ovaj unisex parfem harmoni\u010dno kombinira mirisne note ruma, duhana, vanilije i cimeta. On zavodi najistan\u010danija osjetila ple\u0161u\u0107i se sa svakom svojom facetom &#8211; ko\u017eom, animalnim i drvenim notama vanilije. Mirisna kombinacija ruma dodaje toplinu i slatkastu notu, dok duhan pridodaje dubinu i karakter. Vanilija, sa svojim toplim, slatkastim tonovima, omek\u0161ava kompoziciju, dok cimet donosi da\u0161ak za\u010dina.<\/p>\n<p><strong>Side Effect Initio Parfums Prives<\/strong> je strastveni parfem koji ima mo\u0107 da svoju nositeljku ili nosioca uroni u stanje gdje ni\u0161ta nije previ\u0161e hrabro, jer nema preostalih rizika. Njegov seksepilan i bogat miris postao je omiljen me\u0111u zaljubljenicima u parfeme. Sama ku\u0107a Parfums Prives poznata je po svojim sofisticiranim i nekonvencionalnim mirisima, pa ni Side Effect nije izuzetak.<\/p>\n<p>Strastvena mje\u0161avina mirisnih nota \u010dini Side Effect savr\u0161enim izborom za one koji \u017eele da izraze svoju individualnost i ostanu upam\u0107eni po jedinstvenom mirisu. Budite hrabri i neustra\u0161ivi, do\u017eivite <strong>Side Effect<\/strong> i otkrijte svoju jedinstvenu notu me\u0111u mirisima.<\/p>\n","protected":false},"excerpt":{"rendered":"<p>Side Effect by Initio Parfums Prives je strastvena mje\u0161avina mirisnih nota koja \u010dini ovaj parfem savr\u0161enim izborom za one koji \u017eele izraziti svoju individualnost i ostati zapam\u0107eni po jedinstvenom mirisu. Njegov seksepilan i bogat miris postao je omiljen me\u0111u zaljubljenicima u parfeme. Budite hrabri i neustra\u0161ivi, do\u017eivite Side Effect i otkrijte svoju jedinstvenu notu me\u0111u mirisima.<\/p>\n","protected":false},"featured_media":26120,"comment_status":"open","ping_status":"closed","template":"","meta":{"_acf_changed":false},"product_brand":[],"product_cat":[646,624,623,621],"product_tag":[],"class_list":{"0":"post-3543","1":"product","2":"type-product","3":"status-publish","4":"has-post-thumbnail","6":"product_cat-initio-parfums-prives-marke","7":"product_cat-unisex-sv","8":"product_cat-for-man","9":"product_cat-for-kvinnor","11":"first","12":"instock","13":"taxable","14":"shipping-taxable","15":"purchasable","16":"product-type-variable","17":"has-default-attributes"},"acf":[],"_links":{"self":[{"href":"https:\/\/nicolefragrance.se\/hr\/wp-json\/wp\/v2\/product\/3543","targetHints":{"allow":["GET"]}}],"collection":[{"href":"https:\/\/nicolefragrance.se\/hr\/wp-json\/wp\/v2\/product"}],"about":[{"href":"https:\/\/nicolefragrance.se\/hr\/wp-json\/wp\/v2\/types\/product"}],"replies":[{"embeddable":true,"href":"https:\/\/nicolefragrance.se\/hr\/wp-json\/wp\/v2\/comments?post=3543"}],"version-history":[{"count":0,"href":"https:\/\/nicolefragrance.se\/hr\/wp-json\/wp\/v2\/product\/3543\/revisions"}],"wp:featuredmedia":[{"embeddable":true,"href":"https:\/\/nicolefragrance.se\/hr\/wp-json\/wp\/v2\/media\/26120"}],"wp:attachment":[{"href":"https:\/\/nicolefragrance.se\/hr\/wp-json\/wp\/v2\/media?parent=3543"}],"wp:term":[{"taxonomy":"product_brand","embeddable":true,"href":"https:\/\/nicolefragrance.se\/hr\/wp-json\/wp\/v2\/product_brand?post=3543"},{"taxonomy":"product_cat","embeddable":true,"href":"https:\/\/nicolefragrance.se\/hr\/wp-json\/wp\/v2\/product_cat?post=3543"},{"taxonomy":"product_tag","embeddable":true,"href":"https:\/\/nicolefragrance.se\/hr\/wp-json\/wp\/v2\/product_tag?post=3543"}],"curies":[{"name":"wp","href":"https:\/\/api.w.org\/{rel}","templated":true}]}}