{"id":3531,"date":"2023-11-27T14:36:09","date_gmt":"2023-11-27T13:36:09","guid":{"rendered":"https:\/\/nicolefragrance.se\/?post_type=product&#038;p=3531"},"modified":"2025-07-05T18:38:03","modified_gmt":"2025-07-05T16:38:03","slug":"khamrah-lattafa-nicole-edp","status":"publish","type":"product","link":"https:\/\/nicolefragrance.se\/hr\/proizvod\/khamrah-lattafa-nicole-edp\/","title":{"rendered":"Nicole 3057 EDP inspiriran s Khamrah Lattafa Perfumes"},"content":{"rendered":"<p><strong>Khamrah by Lattafa<\/strong> predstavlja aromati\u010dni za\u010dinski unisex parfem namijenjen i \u017eenama i mu\u0161karcima, lansiran 2022. godine. Ovaj miris je dio bogate kolekcije luksuznog arapskog brenda Lattafa Perfumes iz Dubaija koji na na\u0161em tr\u017ei\u0161tu mo\u017eda jo\u0161 uvijek nije dovoljno poznat.<\/p>\n<p><strong>Lattafa Khamrah<\/strong> je univerzalni orijentalni parfem koji spaja i harmonizira dragocijene za\u010dine, toplinu drvenih nota i nje\u017enost vanilije. Gornje note ovog mirisa \u010dine citrusna svje\u017eina bergamota, uokvirena toplim, bar\u0161unastim za\u010dinima cimeta i sofisticirane \u017ealfije. Srce parfema odzvanja divnim kremastim mirisom pralina, tope\u0107i se u mirisnom zamahu slatkih vo\u0107nih nota i nijansi cvijeta tuberoze. Osnova parfema Lattafa Khamrah pru\u017ea rasko\u0161an aromati\u010dni trag koji sjedinjuje senzualnu slatko\u0107u vanilije sa za\u010dinskim dragocijenim drvetom, slatkim dimljenim oudom, dimljenom aromati\u010dnom smolom, za\u010dinskim tonka zrnnima i vanilinim smolastim benzoinom, blistavim u mekoj svijetlosti rafiniranog ambera.<\/p>\n<p><strong>Khamrah Lattafa <\/strong>odi\u0161e luksuzom i elegancijom arapske kulture i \u017eivopisno hvata su\u0161tinu svog slavnog naslje\u0111a u svom zadivljujuc\u0301em mirisu.<\/p>\n<p>Ovaj rasko\u0161ni parfem dobar je za hladniju polovicu godine, za zimske i jesenje sezone. Njegove slatke i za\u010dinjene note savr\u0161ene su za ljubitelje gurmanskih mirisa.<\/p>\n","protected":false},"excerpt":{"rendered":"<p>Lattafa Khamrah je univerzalni orijentalni parfem koji spaja i harmonizira dragocjene za\u010dine, toplinu drvenih nota i nje\u017enost vanilije. Odi\u0161e luksuzom i elegancijom arapske kulture. Ovaj rasko\u0161an parfem odosoban je za hladniju polovicu godine, za zimske i jesenje sezone. Njegove slatke i za\u010dinjene note savr\u0161ene su za ljubitelje gurmanskih mirisa.<\/p>\n","protected":false},"featured_media":26139,"comment_status":"open","ping_status":"closed","template":"","meta":{"_acf_changed":false},"product_brand":[],"product_cat":[257,188,187,186],"product_tag":[],"class_list":{"0":"post-3531","1":"product","2":"type-product","3":"status-publish","4":"has-post-thumbnail","6":"product_cat-lattafa-perfumes-marka","7":"product_cat-unisex","8":"product_cat-za-muskarce","9":"product_cat-za-zene","11":"first","12":"instock","13":"taxable","14":"shipping-taxable","15":"purchasable","16":"product-type-variable","17":"has-default-attributes"},"acf":[],"_links":{"self":[{"href":"https:\/\/nicolefragrance.se\/hr\/wp-json\/wp\/v2\/product\/3531","targetHints":{"allow":["GET"]}}],"collection":[{"href":"https:\/\/nicolefragrance.se\/hr\/wp-json\/wp\/v2\/product"}],"about":[{"href":"https:\/\/nicolefragrance.se\/hr\/wp-json\/wp\/v2\/types\/product"}],"replies":[{"embeddable":true,"href":"https:\/\/nicolefragrance.se\/hr\/wp-json\/wp\/v2\/comments?post=3531"}],"version-history":[{"count":0,"href":"https:\/\/nicolefragrance.se\/hr\/wp-json\/wp\/v2\/product\/3531\/revisions"}],"wp:featuredmedia":[{"embeddable":true,"href":"https:\/\/nicolefragrance.se\/hr\/wp-json\/wp\/v2\/media\/26139"}],"wp:attachment":[{"href":"https:\/\/nicolefragrance.se\/hr\/wp-json\/wp\/v2\/media?parent=3531"}],"wp:term":[{"taxonomy":"product_brand","embeddable":true,"href":"https:\/\/nicolefragrance.se\/hr\/wp-json\/wp\/v2\/product_brand?post=3531"},{"taxonomy":"product_cat","embeddable":true,"href":"https:\/\/nicolefragrance.se\/hr\/wp-json\/wp\/v2\/product_cat?post=3531"},{"taxonomy":"product_tag","embeddable":true,"href":"https:\/\/nicolefragrance.se\/hr\/wp-json\/wp\/v2\/product_tag?post=3531"}],"curies":[{"name":"wp","href":"https:\/\/api.w.org\/{rel}","templated":true}]}}