{"id":3519,"date":"2023-11-23T08:37:58","date_gmt":"2023-11-23T07:37:58","guid":{"rendered":"https:\/\/nicolefragrance.se\/?post_type=product&#038;p=3519"},"modified":"2025-07-05T18:40:43","modified_gmt":"2025-07-05T16:40:43","slug":"armaf-club-de-nuit-woman-nicole-edp","status":"publish","type":"product","link":"https:\/\/nicolefragrance.se\/hr\/proizvod\/armaf-club-de-nuit-woman-nicole-edp\/","title":{"rendered":"Nicole 2051 EDP inspiriran s Club de Nuit Woman Armaf"},"content":{"rendered":"<p><strong>Club de Nuit Woman by Armaf<\/strong> predstavlja cvjetno-vo\u0107ni miris namijenjen \u017eenama. Ovaj parfem je oli\u010denje bezvremenske izvrsnosti i finoc\u0301e. Pripada onoj grupi mirisa koja izaziva mo\u0107ne emocije.<\/p>\n<p><strong>Club de Nuit Woman <\/strong>se otvara vo\u0107nim notama grejpa, breskve, naran\u010de i bergamota, stvarajuc\u0301i osvje\u017eavajuc\u0301i i so\u010dan po\u010detak. Dok slatke vo\u0107ne note polako blijede, primat preuzima romanti\u010dno cvjetno srce u kom dominiraju mirisni tonovi ru\u017ee, jasmina, geranija i li\u010dija. Baza parfema izgra\u0111ena je od pa\u010dulija, vanilije, mo\u0161usa i vetivera.<\/p>\n<p>Club de Nuit Eau de Parfum za \u017eene je dugotrajan miris koji c\u0301e ostati na va\u0161oj ko\u017ei oko 7-8 sati. Po mnogima je vrlo sli\u010dan \u010duvenom Chanel Coco Mademoiselle. Savr\u0161en je izbor za svaku priliku i pogodan za sve sezone.<\/p>\n<p><strong>Armaf Club de Nuit Woman<\/strong> je sofisticiran, svestran i prilago\u0111ava se razli\u010ditim situacijama. Sa svje\u017eim vo\u0107nim notama koje se stapaju sa cvjetnim akordima, Club de Nuit Woman pru\u017ea neodoljivu i elegantnu aromu.<\/p>\n<p>Ako tra\u017eite dugotrajan i luksuzan miris koji se mo\u017ee nositi tijekom cijele godine, <strong>Club de Nuit Woman<\/strong> je pravi izbor. Neka va\u0161a prisutnost bude upe\u010datljiva, a va\u0161a li\u010dnost nagla\u0161ena ovim izuzetnim parfemom iz Armaf kolekcije.<\/p>\n","protected":false},"excerpt":{"rendered":"<p>Armaf Club de Nuit Woman je sofisticiran i svestran parfem koji se prilago\u0111ava razli\u010ditim situacijama. Sa svje\u017eim vo\u0107nim notama koje se stapaju sa cvjetnim akordima, ovaj miris pru\u017ea neodoljivu i elegantnu aromu. Pripada onoj grupi mirisa koja izaziva mo\u0107ne emocije i predstavlja\u00a0oli\u010denje bezvremenske izvrsnosti i finoc\u0301e.<\/p>\n","protected":false},"featured_media":26150,"comment_status":"open","ping_status":"closed","template":"","meta":{"_acf_changed":false},"product_brand":[],"product_cat":[236,186],"product_tag":[],"class_list":{"0":"post-3519","1":"product","2":"type-product","3":"status-publish","4":"has-post-thumbnail","6":"product_cat-armaf-marka","7":"product_cat-za-zene","9":"first","10":"instock","11":"taxable","12":"shipping-taxable","13":"purchasable","14":"product-type-variable","15":"has-default-attributes"},"acf":[],"_links":{"self":[{"href":"https:\/\/nicolefragrance.se\/hr\/wp-json\/wp\/v2\/product\/3519","targetHints":{"allow":["GET"]}}],"collection":[{"href":"https:\/\/nicolefragrance.se\/hr\/wp-json\/wp\/v2\/product"}],"about":[{"href":"https:\/\/nicolefragrance.se\/hr\/wp-json\/wp\/v2\/types\/product"}],"replies":[{"embeddable":true,"href":"https:\/\/nicolefragrance.se\/hr\/wp-json\/wp\/v2\/comments?post=3519"}],"version-history":[{"count":0,"href":"https:\/\/nicolefragrance.se\/hr\/wp-json\/wp\/v2\/product\/3519\/revisions"}],"wp:featuredmedia":[{"embeddable":true,"href":"https:\/\/nicolefragrance.se\/hr\/wp-json\/wp\/v2\/media\/26150"}],"wp:attachment":[{"href":"https:\/\/nicolefragrance.se\/hr\/wp-json\/wp\/v2\/media?parent=3519"}],"wp:term":[{"taxonomy":"product_brand","embeddable":true,"href":"https:\/\/nicolefragrance.se\/hr\/wp-json\/wp\/v2\/product_brand?post=3519"},{"taxonomy":"product_cat","embeddable":true,"href":"https:\/\/nicolefragrance.se\/hr\/wp-json\/wp\/v2\/product_cat?post=3519"},{"taxonomy":"product_tag","embeddable":true,"href":"https:\/\/nicolefragrance.se\/hr\/wp-json\/wp\/v2\/product_tag?post=3519"}],"curies":[{"name":"wp","href":"https:\/\/api.w.org\/{rel}","templated":true}]}}