{"id":3495,"date":"2023-11-23T08:01:39","date_gmt":"2023-11-23T07:01:39","guid":{"rendered":"https:\/\/nicolefragrance.se\/?post_type=product&#038;p=3495"},"modified":"2025-07-05T18:49:48","modified_gmt":"2025-07-05T16:49:48","slug":"bruno-banani-woman-nicole-edp","status":"publish","type":"product","link":"https:\/\/nicolefragrance.se\/hr\/proizvod\/bruno-banani-woman-nicole-edp\/","title":{"rendered":"Nicole 2050 EDP inspiriran s Bruno Banani Woman"},"content":{"rendered":"<p><strong>Bruno Banani Woman<\/strong> je cvjetno-vo\u0107ni \u017eenski parfem koji predstavlja izrazito zavodljivu mirisnu kompoziciju, lansiranu 2001. godine.<\/p>\n<p>Gornje note ovog parfema obuhva\u0107aju note lokvanja, br\u0161ljena i naran\u010de, stvarajuc\u0301i osvje\u017eavajuc\u0301u i sofisticiranu uvodnu eksploziju. U srcu ovog mirisnog putovanja nalaze se nje\u017ene note breskve, frezije i ljiljana, dodajuc\u0301i slatko\u0107u i cvjetnu senzaciju. Na samoj osnovi, parfem se zavrs\u030cava notama mo\u0161usa i vanilije, pru\u017eajuc\u0301i dublje i senzualne akcente. Klasificiran je kao roze, vo\u0107no-cvjetni miris sa drvenim notama, koji o\u010darava svojom \u0111avolskom zavodljivo\u0161\u0107u.<\/p>\n<p><strong>Bruno Banani Woman<\/strong> je idealan izbor tijekom prolje\u0107a i ljeta, kada \u017eelite da na sebi nosite slatkast i privla\u010dan miris koji isti\u010de va\u0161u \u017eenstvenost i energiju. Ovaj parfem ima sli\u010dnu kompoziciju kao i popularni Gucci Rush, pru\u017eajuc\u0301i vam jedinstvenu notu luksuza i sofisticiranosti.<\/p>\n<p>Dozvolite da vam <strong>Bruno Banani Woma<\/strong>n pru\u017ei nezaboravan do\u017eivljaj mirisa, isti\u010duc\u0301i va\u0161u jedinstvenu li\u010dnost i privla\u010dnost. Uz svaku kap ovog parfema, otkrijte svoj jedinstveni izraz \u017eenstvenosti i u\u017eivajte u jedinstvenom mirisnom iskustvu koje pru\u017ea ova neodoljiva mirisna kreacija.<\/p>\n","protected":false},"excerpt":{"rendered":"<p>Bruno Banani Woman je idealan izbor tijekom prolje\u0107a i ljeta, kada \u017eelite na sebi nositi slatkast i privla\u010dan miris koji isti\u010de va\u0161u \u017eenstvenost i energiju. Ovaj parfem ima sli\u010dnu kompoziciju kao i popularni Gucci Rush, pru\u017eajuc\u0301i vam jedinstvenu notu luksuza i sofisticiranosti.\u00a0Uz svaku kap ovog parfema, otkrijte svoj jedinstveni izraz \u017eenstvenosti i u\u017eivajte u jedinstvenom mirisnom iskustvu koje pru\u017ea ova neodoljiva mirisna kreacija.<\/p>\n","protected":false},"featured_media":26178,"comment_status":"open","ping_status":"closed","template":"","meta":{"_acf_changed":false},"product_brand":[],"product_cat":[256,186],"product_tag":[],"class_list":{"0":"post-3495","1":"product","2":"type-product","3":"status-publish","4":"has-post-thumbnail","6":"product_cat-bruno-banani-marka","7":"product_cat-za-zene","9":"first","10":"instock","11":"sale","12":"taxable","13":"shipping-taxable","14":"purchasable","15":"product-type-variable","16":"has-default-attributes"},"acf":[],"_links":{"self":[{"href":"https:\/\/nicolefragrance.se\/hr\/wp-json\/wp\/v2\/product\/3495","targetHints":{"allow":["GET"]}}],"collection":[{"href":"https:\/\/nicolefragrance.se\/hr\/wp-json\/wp\/v2\/product"}],"about":[{"href":"https:\/\/nicolefragrance.se\/hr\/wp-json\/wp\/v2\/types\/product"}],"replies":[{"embeddable":true,"href":"https:\/\/nicolefragrance.se\/hr\/wp-json\/wp\/v2\/comments?post=3495"}],"version-history":[{"count":0,"href":"https:\/\/nicolefragrance.se\/hr\/wp-json\/wp\/v2\/product\/3495\/revisions"}],"wp:featuredmedia":[{"embeddable":true,"href":"https:\/\/nicolefragrance.se\/hr\/wp-json\/wp\/v2\/media\/26178"}],"wp:attachment":[{"href":"https:\/\/nicolefragrance.se\/hr\/wp-json\/wp\/v2\/media?parent=3495"}],"wp:term":[{"taxonomy":"product_brand","embeddable":true,"href":"https:\/\/nicolefragrance.se\/hr\/wp-json\/wp\/v2\/product_brand?post=3495"},{"taxonomy":"product_cat","embeddable":true,"href":"https:\/\/nicolefragrance.se\/hr\/wp-json\/wp\/v2\/product_cat?post=3495"},{"taxonomy":"product_tag","embeddable":true,"href":"https:\/\/nicolefragrance.se\/hr\/wp-json\/wp\/v2\/product_tag?post=3495"}],"curies":[{"name":"wp","href":"https:\/\/api.w.org\/{rel}","templated":true}]}}