{"id":3483,"date":"2023-11-03T09:15:34","date_gmt":"2023-11-03T08:15:34","guid":{"rendered":"https:\/\/nicolefragrance.se\/?post_type=product&#038;p=3483"},"modified":"2025-07-05T18:51:42","modified_gmt":"2025-07-05T16:51:42","slug":"dior-diorella-nicole-edp","status":"publish","type":"product","link":"https:\/\/nicolefragrance.se\/hr\/proizvod\/dior-diorella-nicole-edp\/","title":{"rendered":"Nicole 2049 EDP inspiriran s Diorella Dior"},"content":{"rendered":"<p><strong>Diorella by Dior<\/strong> je cvjetni \u017eenski parfem, lansiran jo\u0161 davne 1972. godine. Ovo je prefinjen i aristokratski miris koji odi\u0161e osvje\u017eavaju\u0107om \u010disto\u0107om. Simbolizira duh slobode 1970-ih godina.<\/p>\n<p>Gornje note parfema uklju\u010duju zelene akorde, sicilijski limun, bergamot, dinju i bosiljak, dok se u srcu isti\u010du marokanski jasmin, breskva, karanfil, ciklama i ru\u017ea. Baza parfema sastoji se od mo\u0161usa, hrastovog li\u0161\u0107a, vetivera i pa\u010dulija.<\/p>\n<p><strong>Dior Diorella<\/strong> je parfem koji odi\u0161e elegancijom i profinjeno\u0161\u0107u, istovremeno o\u017eivljavaju\u0107i duh slobode i progresivnosti. Njegove mirisne note stvaraju osvje\u017eavaju\u0107u i ugodnu aromu koja simbolizira slobodan duh i nepokolebljivu energiju \u017eene koja ga nosi.<\/p>\n<p>Sa svojim zanosnim i profinjenim mirisom, <strong>Diorella<\/strong> privla\u010di pa\u017enju svojom suptilnom i sofisticiranom aromom.<\/p>\n<p><strong>Diorella<\/strong> predstavlja esenciju progresivnosti i karizme, isti\u010du\u0107i \u017eenstvenost i snagu njenog nosioca na poseban i neodoljiv na\u010din. Ovaj parfem simbolizira vrijeme slobode, istovremeno pru\u017eaju\u0107i svje\u017einu i prefinjenost koja isti\u010de autenti\u010dnu ljepotu i \u0161arm. Sa Diorella parfemom, iskusite mirisnu simfoniju koja o\u017eivljava duh pro\u0161lih vremena i istovremeno odra\u017eava suptilnost i eleganciju modernog doba.<\/p>\n","protected":false},"excerpt":{"rendered":"<p>Diorella by Dior predstavlja esenciju progresivnosti i karizme, isti\u010du\u0107i \u017eenstvenost i snagu njenog nosioca na poseban i neodoljiv na\u010din. Ovaj parfem simbolizira vrijeme slobode, istovremeno pru\u017eaju\u0107i svje\u017einu i prefinjenost koja isti\u010de autenti\u010dnu ljepotu i \u0161arm. Sa Diorella parfemom, iskusite mirisnu simfoniju koja o\u017eivljava duh pro\u0161lih vremena i istovremeno odra\u017eava suptilnost i eleganciju modernog doba.<\/p>\n","protected":false},"featured_media":26190,"comment_status":"open","ping_status":"closed","template":"","meta":{"_acf_changed":false},"product_brand":[],"product_cat":[192,186],"product_tag":[],"class_list":{"0":"post-3483","1":"product","2":"type-product","3":"status-publish","4":"has-post-thumbnail","6":"product_cat-dior-marka","7":"product_cat-za-zene","9":"first","10":"instock","11":"taxable","12":"shipping-taxable","13":"purchasable","14":"product-type-variable","15":"has-default-attributes"},"acf":[],"_links":{"self":[{"href":"https:\/\/nicolefragrance.se\/hr\/wp-json\/wp\/v2\/product\/3483","targetHints":{"allow":["GET"]}}],"collection":[{"href":"https:\/\/nicolefragrance.se\/hr\/wp-json\/wp\/v2\/product"}],"about":[{"href":"https:\/\/nicolefragrance.se\/hr\/wp-json\/wp\/v2\/types\/product"}],"replies":[{"embeddable":true,"href":"https:\/\/nicolefragrance.se\/hr\/wp-json\/wp\/v2\/comments?post=3483"}],"version-history":[{"count":0,"href":"https:\/\/nicolefragrance.se\/hr\/wp-json\/wp\/v2\/product\/3483\/revisions"}],"wp:featuredmedia":[{"embeddable":true,"href":"https:\/\/nicolefragrance.se\/hr\/wp-json\/wp\/v2\/media\/26190"}],"wp:attachment":[{"href":"https:\/\/nicolefragrance.se\/hr\/wp-json\/wp\/v2\/media?parent=3483"}],"wp:term":[{"taxonomy":"product_brand","embeddable":true,"href":"https:\/\/nicolefragrance.se\/hr\/wp-json\/wp\/v2\/product_brand?post=3483"},{"taxonomy":"product_cat","embeddable":true,"href":"https:\/\/nicolefragrance.se\/hr\/wp-json\/wp\/v2\/product_cat?post=3483"},{"taxonomy":"product_tag","embeddable":true,"href":"https:\/\/nicolefragrance.se\/hr\/wp-json\/wp\/v2\/product_tag?post=3483"}],"curies":[{"name":"wp","href":"https:\/\/api.w.org\/{rel}","templated":true}]}}