{"id":3471,"date":"2023-11-03T09:12:46","date_gmt":"2023-11-03T08:12:46","guid":{"rendered":"https:\/\/nicolefragrance.se\/?post_type=product&#038;p=3471"},"modified":"2025-07-05T18:54:18","modified_gmt":"2025-07-05T16:54:18","slug":"paco-rabanne-invictus-victory-nicole-edp","status":"publish","type":"product","link":"https:\/\/nicolefragrance.se\/hr\/proizvod\/paco-rabanne-invictus-victory-nicole-edp\/","title":{"rendered":"Nicole 3055 EDP inspiriran s Invictus Victory Paco Rabanne"},"content":{"rendered":"<p><strong>Invictus Victory by Paco Rabanne<\/strong> je mu\u0161ki parfem lansiran 2021. godine.<\/p>\n<p>Gornje note ovog parfema uklju\u010duju ru\u017ei\u010dasti papar i limun, dok se u srednjim notama isti\u010du tamjan i lavanda. Baza parfema sastoji se od vanilije, tonka graha i ambera. Ovaj parfem predstavlja senzualnu i opojnu svje\u017einu ambera koja ima mo\u0107 da bude izuzetno zavodljiva zahvaljuju\u0107i notama osvje\u017eavaju\u0107eg limuna, vanilije i tonka graha. Invictus Victory kombinira snagu i slatko\u0107u mirisa, istovremeno pru\u017eaju\u0107i mu\u017eevnost i privla\u010dnost.<\/p>\n<p><strong>Invictus Victory<\/strong> je parfem koji proslavlja trijumf i pobedu, isti\u010du\u0107i snagom svog mirisa jedinstvenu privla\u010dnost modernog mu\u0161karca. Ova o\u010daravaju\u0107a aroma predstavlja izvanrednu ravnote\u017eu izme\u0111u sna\u017enih i osvje\u017eavaju\u0107ih nota, stvaraju\u0107i mirisnu simfoniju koja privla\u010di pa\u017enju i isti\u010de autenti\u010dnu mu\u017eevnost.<\/p>\n<p>Svojim intenzivnim i atraktivnim mirisom, Invictus Victory pru\u017ea osje\u0107aj samopouzdanja i snage, istovremeno otkrivaju\u0107i dubinu senzualnosti i neodoljive privla\u010dnosti. Ovaj parfem se isti\u010de kao savr\u0161en izbor za mu\u0161karce koji \u017eele da istaknu svoju unutra\u0161nju snagu i karizmu, privla\u010de\u0107i pa\u017enju svojom profinjeno\u0161\u0107u i mu\u017eevno\u0161\u0107u.<\/p>\n<p><strong>Paco Rabanne Invictus Victory<\/strong> donosi osje\u0107aj zavodljivosti koja privla\u010di i osvaja svojom jedinstvenom svje\u017einom i toplinom. Isti\u010de notu slatko\u0107e koja obuzima osjetila, pru\u017eaju\u0107i intenzivan i dubok mirisni do\u017eivljaj koji traje i ostavlja sna\u017ean utisak. Sa Invictus Victory parfemom, iskusite trijumf mirisa koji o\u010darava i osvaja svakim trenutkom.<\/p>\n","protected":false},"excerpt":{"rendered":"<p>Invictus Victory je parfem koji proslavlja trijumf i pobjedu, isti\u010du\u0107i snagom svog mirisa jedinstvenu privla\u010dnost modernog mu\u0161karca. Svojim intenzivnim i atraktivnim mirisom, Invictus Victory pru\u017ea osje\u0107aj samopouzdanja i snage, istovremeno otkrivaju\u0107i dubinu senzualnosti i neodoljive privla\u010dnosti. Ovaj parfem se isti\u010de kao savr\u0161en izbor za mu\u0161karce koji \u017eele istaknuti svoju unutra\u0161nju snagu i karizmu, privla\u010de\u0107i pa\u017enju svojom profinjeno\u0161\u0107u i mu\u017eevno\u0161\u0107u.<\/p>\n","protected":false},"featured_media":26202,"comment_status":"open","ping_status":"closed","template":"","meta":{"_acf_changed":false},"product_brand":[],"product_cat":[198,187],"product_tag":[],"class_list":{"0":"post-3471","1":"product","2":"type-product","3":"status-publish","4":"has-post-thumbnail","6":"product_cat-paco-rabanne-marka","7":"product_cat-za-muskarce","9":"first","10":"instock","11":"taxable","12":"shipping-taxable","13":"purchasable","14":"product-type-variable","15":"has-default-attributes"},"acf":[],"_links":{"self":[{"href":"https:\/\/nicolefragrance.se\/hr\/wp-json\/wp\/v2\/product\/3471","targetHints":{"allow":["GET"]}}],"collection":[{"href":"https:\/\/nicolefragrance.se\/hr\/wp-json\/wp\/v2\/product"}],"about":[{"href":"https:\/\/nicolefragrance.se\/hr\/wp-json\/wp\/v2\/types\/product"}],"replies":[{"embeddable":true,"href":"https:\/\/nicolefragrance.se\/hr\/wp-json\/wp\/v2\/comments?post=3471"}],"version-history":[{"count":0,"href":"https:\/\/nicolefragrance.se\/hr\/wp-json\/wp\/v2\/product\/3471\/revisions"}],"wp:featuredmedia":[{"embeddable":true,"href":"https:\/\/nicolefragrance.se\/hr\/wp-json\/wp\/v2\/media\/26202"}],"wp:attachment":[{"href":"https:\/\/nicolefragrance.se\/hr\/wp-json\/wp\/v2\/media?parent=3471"}],"wp:term":[{"taxonomy":"product_brand","embeddable":true,"href":"https:\/\/nicolefragrance.se\/hr\/wp-json\/wp\/v2\/product_brand?post=3471"},{"taxonomy":"product_cat","embeddable":true,"href":"https:\/\/nicolefragrance.se\/hr\/wp-json\/wp\/v2\/product_cat?post=3471"},{"taxonomy":"product_tag","embeddable":true,"href":"https:\/\/nicolefragrance.se\/hr\/wp-json\/wp\/v2\/product_tag?post=3471"}],"curies":[{"name":"wp","href":"https:\/\/api.w.org\/{rel}","templated":true}]}}