{"id":3459,"date":"2023-11-03T09:09:16","date_gmt":"2023-11-03T08:09:16","guid":{"rendered":"https:\/\/nicolefragrance.se\/?post_type=product&#038;p=3459"},"modified":"2026-01-28T14:14:09","modified_gmt":"2026-01-28T13:14:09","slug":"megamare-orto-parisi-nicole-edp","status":"publish","type":"product","link":"https:\/\/nicolefragrance.se\/hr\/proizvod\/megamare-orto-parisi-nicole-edp\/","title":{"rendered":"Nicole 3054 EDP inspiriran s Megamare Orto Parisi"},"content":{"rendered":"<p><strong>Megamare by Orto Parisi<\/strong> je akvati\u010dni unisex parfem inspiriran mirisima mora, lansiran 2019. godine.<\/p>\n<p>Megamare vas poziva na senzacionalno putovanje kroz svje\u017einu i dubinu morskih valova. Ovaj intrigantan parfem o\u017eivljava \u010daroliju morskih nota, pru\u017eaju\u0107i nezaboravno iskustvo koje osvaja va\u0161a osjetila. Njegova duboka i opojna aroma uvla\u010di vas u misti\u010dni svijet oceana, pru\u017eaju\u0107i osje\u0107aj slobode i svje\u017eine koje se prote\u017eu na sve strane.<\/p>\n<p>Ova rasko\u0161na mje\u0161avina ambergrisa, morskih krastavaca i morskih algi predstavlja savr\u0161enu harmoniju prirode. Inspiriran morskim \u017eivotom i njegovom neodoljivom ljepotom, <strong>Megamare Orto Parisi<\/strong> se isti\u010de kao istinski dragulj koji istra\u017euje dubine oceana. Njegove prefinjene note pru\u017eaju osje\u0107aj svje\u017eine i vitalnosti, istovremeno otkrivaju\u0107i unikatnu i intrigantnu morsku pri\u010du.<\/p>\n<p>Megamare se isti\u010de kao parfem koji istra\u017euje granice mu\u017eevnosti i nje\u017enosti. Njegova duboka akvati\u010dna mje\u0161avina pru\u017ea osje\u0107aj snage i autenti\u010dnosti, dok istovremeno otkriva nje\u017enost morskih nota koje miluju va\u0161a osjetila. Uz Megamare, u\u017eivajte u osje\u0107aju profinjenosti i mo\u0107i prirode koja vas okru\u017euje svojom svje\u017einom i vitalno\u0161\u0107u.<\/p>\n<p>Otkrijte \u010daroliju mora kroz Megamare parfem koji istra\u017euje dubine oceana i pru\u017ea osje\u0107aj svje\u017eine i privla\u010dnosti. Uz ovaj parfem, uronite u senzacionalno iskustvo morske svje\u017eine koje \u0107e vas osvojiti na prvi miris.<\/p>\n","protected":false},"excerpt":{"rendered":"<p>Megamare by Orto Parisi se isti\u010de kao unisex parfem koji istra\u017euje granice mu\u017eevnosti i nje\u017enosti. Njegova duboka akvati\u010dna mje\u0161avina pru\u017ea osje\u0107aj snage i autenti\u010dnosti, dok istovremeno otkriva nje\u017enost morskih nota koje miluju va\u0161a osjetila. Uz Megamare, u\u017eivajte u osje\u0107aju profinjenosti i mo\u0107i prirode koja vas okru\u017euje svojom svje\u017einom i vitalno\u0161\u0107u.<\/p>\n","protected":false},"featured_media":26215,"comment_status":"open","ping_status":"closed","template":"","meta":{"_acf_changed":false},"product_brand":[],"product_cat":[255,188,187,186],"product_tag":[],"class_list":{"0":"post-3459","1":"product","2":"type-product","3":"status-publish","4":"has-post-thumbnail","6":"product_cat-orto-parisi-marka","7":"product_cat-unisex","8":"product_cat-za-muskarce","9":"product_cat-za-zene","11":"first","12":"instock","13":"taxable","14":"shipping-taxable","15":"purchasable","16":"product-type-variable","17":"has-default-attributes"},"acf":[],"_links":{"self":[{"href":"https:\/\/nicolefragrance.se\/hr\/wp-json\/wp\/v2\/product\/3459","targetHints":{"allow":["GET"]}}],"collection":[{"href":"https:\/\/nicolefragrance.se\/hr\/wp-json\/wp\/v2\/product"}],"about":[{"href":"https:\/\/nicolefragrance.se\/hr\/wp-json\/wp\/v2\/types\/product"}],"replies":[{"embeddable":true,"href":"https:\/\/nicolefragrance.se\/hr\/wp-json\/wp\/v2\/comments?post=3459"}],"version-history":[{"count":0,"href":"https:\/\/nicolefragrance.se\/hr\/wp-json\/wp\/v2\/product\/3459\/revisions"}],"wp:featuredmedia":[{"embeddable":true,"href":"https:\/\/nicolefragrance.se\/hr\/wp-json\/wp\/v2\/media\/26215"}],"wp:attachment":[{"href":"https:\/\/nicolefragrance.se\/hr\/wp-json\/wp\/v2\/media?parent=3459"}],"wp:term":[{"taxonomy":"product_brand","embeddable":true,"href":"https:\/\/nicolefragrance.se\/hr\/wp-json\/wp\/v2\/product_brand?post=3459"},{"taxonomy":"product_cat","embeddable":true,"href":"https:\/\/nicolefragrance.se\/hr\/wp-json\/wp\/v2\/product_cat?post=3459"},{"taxonomy":"product_tag","embeddable":true,"href":"https:\/\/nicolefragrance.se\/hr\/wp-json\/wp\/v2\/product_tag?post=3459"}],"curies":[{"name":"wp","href":"https:\/\/api.w.org\/{rel}","templated":true}]}}