{"id":3447,"date":"2023-11-03T08:07:57","date_gmt":"2023-11-03T07:07:57","guid":{"rendered":"https:\/\/nicolefragrance.se\/?post_type=product&#038;p=3447"},"modified":"2025-07-06T08:13:44","modified_gmt":"2025-07-06T06:13:44","slug":"kenzo-flower-ikebana-nicole-edp","status":"publish","type":"product","link":"https:\/\/nicolefragrance.se\/hr\/proizvod\/kenzo-flower-ikebana-nicole-edp\/","title":{"rendered":"Nicole 2048 EDP inspiriran s Flower Ikebana Kenzo"},"content":{"rendered":"<p><strong>Kenzo Flower Ikebana<\/strong> je novi cvjetno-drvenasti \u017eenski parfem, lansiran 2023. godine. inspiriran je japanskom umjetno\u0161\u0107u aran\u017eiranja cvije\u0107a i zasnovan je na ravnote\u017ei izme\u0111u tri note: heljdinog \u010daja, delikatnog Sakura cvijeta oplemenjenog apsolutom indijske tuberoze i\u00a0 australijske sandalovine.<\/p>\n<p><strong>Flower Ikebana by Kenzo<\/strong> je nje\u017ean, delikatan i \u017eenstven parfem, balansiran i pa\u017eljivo izbalansiran. Donosi osje\u0107aj skladne i inspirativne harmonije, poput pa\u017eljivo kreiranog buketa. Ova jedinstvena kombinacija mirisnih nota donosi jedinstvenu svje\u017einu i toplinu, istovremeno pru\u017eaju\u0107i nje\u017enu i elegantnu aromu koja okru\u017euje nosioca parfema. Uzbu\u0111uju\u0107a paleta mirisa otkriva unikatan mirisni potpis koji osvaja srca ljubitelja cvjetnih parfema.<\/p>\n<p><strong>Flower Ikebana<\/strong> slavi suptilnu ljepotu cvjetnih aran\u017emana, isti\u010du\u0107i elegantnu ravnote\u017eu izme\u0111u mirisa \u010daja i cvjetnih tonova. Ova paleta mirisnih nota pru\u017ea osje\u0107aj istinske suptilnosti i elegancije. Flower Ikebana zra\u010di nje\u017eno\u0161\u0107u i toplinom, stvaraju\u0107i savr\u0161en mirisni do\u017eivljaj koji isti\u010de \u017eenstvenost i sofisticiranost. Ova esencija pru\u017ea osje\u0107aj pa\u017eljivo balansiranog mirisnog buketa koji isti\u010de toplinu i delikatnost cvjetnih tonova, dok istovremeno pru\u017ea neodoljivu toplinu drvenastih nota.<\/p>\n<p>Otkrijte suptilnu ljepotu <strong>Kenzo Flower Ikebana<\/strong> parfema i u\u017eivajte u osje\u0107aju topline i nje\u017enosti koji \u0107e vas okru\u017eiti svaki put kada nosite ovaj prefinjeni parfem.<\/p>\n","protected":false},"excerpt":{"rendered":"<p>Kenzo Flower Ikebana je nje\u017ean, delikatan i \u017eenstven parfem, balansiran i pa\u017eljivo izbalansiran. Donosi osje\u0107aj skladne i inspirativne harmonije, poput pa\u017eljivo kreiranog buketa. Ova jedinstvena kombinacija mirisnih nota donosi jedinstvenu svje\u017einu i toplinu, istovremeno pru\u017eaju\u0107i nje\u017enu i elegantnu aromu koja okru\u017euje nosioca parfema. Uzbu\u0111uju\u0107a paleta mirisa otkriva unikatan mirisni potpis koji osvaja srca ljubitelja cvjetnih parfema.<\/p>\n","protected":false},"featured_media":26229,"comment_status":"open","ping_status":"closed","template":"","meta":{"_acf_changed":false},"product_brand":[],"product_cat":[652,621],"product_tag":[],"class_list":{"0":"post-3447","1":"product","2":"type-product","3":"status-publish","4":"has-post-thumbnail","6":"product_cat-kenzo-marke","7":"product_cat-for-kvinnor","9":"first","10":"instock","11":"taxable","12":"shipping-taxable","13":"purchasable","14":"product-type-variable","15":"has-default-attributes"},"acf":[],"_links":{"self":[{"href":"https:\/\/nicolefragrance.se\/hr\/wp-json\/wp\/v2\/product\/3447","targetHints":{"allow":["GET"]}}],"collection":[{"href":"https:\/\/nicolefragrance.se\/hr\/wp-json\/wp\/v2\/product"}],"about":[{"href":"https:\/\/nicolefragrance.se\/hr\/wp-json\/wp\/v2\/types\/product"}],"replies":[{"embeddable":true,"href":"https:\/\/nicolefragrance.se\/hr\/wp-json\/wp\/v2\/comments?post=3447"}],"version-history":[{"count":0,"href":"https:\/\/nicolefragrance.se\/hr\/wp-json\/wp\/v2\/product\/3447\/revisions"}],"wp:featuredmedia":[{"embeddable":true,"href":"https:\/\/nicolefragrance.se\/hr\/wp-json\/wp\/v2\/media\/26229"}],"wp:attachment":[{"href":"https:\/\/nicolefragrance.se\/hr\/wp-json\/wp\/v2\/media?parent=3447"}],"wp:term":[{"taxonomy":"product_brand","embeddable":true,"href":"https:\/\/nicolefragrance.se\/hr\/wp-json\/wp\/v2\/product_brand?post=3447"},{"taxonomy":"product_cat","embeddable":true,"href":"https:\/\/nicolefragrance.se\/hr\/wp-json\/wp\/v2\/product_cat?post=3447"},{"taxonomy":"product_tag","embeddable":true,"href":"https:\/\/nicolefragrance.se\/hr\/wp-json\/wp\/v2\/product_tag?post=3447"}],"curies":[{"name":"wp","href":"https:\/\/api.w.org\/{rel}","templated":true}]}}