{"id":3435,"date":"2023-10-31T08:57:58","date_gmt":"2023-10-31T07:57:58","guid":{"rendered":"https:\/\/nicolefragrance.se\/?post_type=product&#038;p=3435"},"modified":"2025-07-06T08:28:15","modified_gmt":"2025-07-06T06:28:15","slug":"armani-stronger-with-you-amber-originalni-parfem-nicole-edp","status":"publish","type":"product","link":"https:\/\/nicolefragrance.se\/hr\/proizvod\/armani-stronger-with-you-amber-originalni-parfem-nicole-edp\/","title":{"rendered":"Nicole 3053 EDP inspiriran s Stronger With You Amber Armani"},"content":{"rendered":"<p><strong>Stronger With You Amber by Giorgio Armani<\/strong> je novi amber-fu\u017eer parfem namijenjen kako \u017eenama, tako i mu\u0161karcima, lansiran 2023. godine. Ovaj univerzalni miris simbolizira snagu veze i neprolaznu povezanost, pru\u017eaju\u0107i toplu i senzualnu aromu koja odi\u0161e toplinom i neodoljivom privla\u010dno\u0161\u0107u.<\/p>\n<p><strong>Armani Stronger With You Amber<\/strong> kombinira topli amber akord sa lavandom iz Provanse i vanilijom sa Madagaskara. Ove note stvaraju o\u010daravaju\u0107i mirisni do\u017eivljaj koji isti\u010de bogatstvo i dubinu, pru\u017eaju\u0107i jedinstvenu toplinu i senzualnost. Gornje note predstavljaju savr\u0161en spoj slatko\u0107e i za\u010dinjenih tonova. U srcu parfema osje\u0107a se slo\u017eena aroma koja isti\u010de jedinstvenu dubinu i profinjenost. Ovaj parfem isti\u010de harmoniju toplih amber tonova i o\u010daravaju\u0107e lavande, stvaraju\u0107i dojmljiv mirisni potpis koji traje i ostavlja nezaboravan utisak. Baza parfema sastoji se od elegantne vanilije koja pru\u017ea zavodljivu zavr\u0161nicu koja traje. Ove bogate bazne note stvaraju nezaboravan dojam koji isti\u010de intenzitet i dubinu mirisa. Baza parfema pru\u017ea osje\u0107aj topline i udobnosti, stvaraju\u0107i savr\u0161enu ravnote\u017eu izme\u0111u senzualnosti i profinjenosti.<\/p>\n<p>Otkrijte snagu povezanosti uz parfem <strong>Stronger With You Amber<\/strong> brenda Giorgio Armani i istaknite svoju jedinstvenu toplinu i privla\u010dnost svaki put kad ga nosite. U\u017eivajte u ovoj neodoljivoj kombinaciji slatkih i za\u010dinjenih nota koja \u0107e vas okru\u017eiti toplinom i bogatstvom.<\/p>\n","protected":false},"excerpt":{"rendered":"<p>Stronger With You Amber by Giorgio Armani je univerzalni miris koji simbolizira snagu veze i neprolaznu povezanost, pru\u017eaju\u0107i toplu i senzualnu aromu koja odi\u0161e toplinom i neodoljivom privla\u010dno\u0161\u0107u. U\u017eivajte u ovoj neodoljivoj kombinaciji slatkih i za\u010dinjenih nota koja \u0107e vas okru\u017eiti toplinom i bogatstvom.<\/p>\n","protected":false},"featured_media":26240,"comment_status":"open","ping_status":"closed","template":"","meta":{"_acf_changed":false},"product_brand":[],"product_cat":[191,188,187,186],"product_tag":[],"class_list":{"0":"post-3435","1":"product","2":"type-product","3":"status-publish","4":"has-post-thumbnail","6":"product_cat-armani-marka","7":"product_cat-unisex","8":"product_cat-za-muskarce","9":"product_cat-za-zene","11":"first","12":"instock","13":"taxable","14":"shipping-taxable","15":"purchasable","16":"product-type-variable","17":"has-default-attributes"},"acf":[],"_links":{"self":[{"href":"https:\/\/nicolefragrance.se\/hr\/wp-json\/wp\/v2\/product\/3435","targetHints":{"allow":["GET"]}}],"collection":[{"href":"https:\/\/nicolefragrance.se\/hr\/wp-json\/wp\/v2\/product"}],"about":[{"href":"https:\/\/nicolefragrance.se\/hr\/wp-json\/wp\/v2\/types\/product"}],"replies":[{"embeddable":true,"href":"https:\/\/nicolefragrance.se\/hr\/wp-json\/wp\/v2\/comments?post=3435"}],"version-history":[{"count":0,"href":"https:\/\/nicolefragrance.se\/hr\/wp-json\/wp\/v2\/product\/3435\/revisions"}],"wp:featuredmedia":[{"embeddable":true,"href":"https:\/\/nicolefragrance.se\/hr\/wp-json\/wp\/v2\/media\/26240"}],"wp:attachment":[{"href":"https:\/\/nicolefragrance.se\/hr\/wp-json\/wp\/v2\/media?parent=3435"}],"wp:term":[{"taxonomy":"product_brand","embeddable":true,"href":"https:\/\/nicolefragrance.se\/hr\/wp-json\/wp\/v2\/product_brand?post=3435"},{"taxonomy":"product_cat","embeddable":true,"href":"https:\/\/nicolefragrance.se\/hr\/wp-json\/wp\/v2\/product_cat?post=3435"},{"taxonomy":"product_tag","embeddable":true,"href":"https:\/\/nicolefragrance.se\/hr\/wp-json\/wp\/v2\/product_tag?post=3435"}],"curies":[{"name":"wp","href":"https:\/\/api.w.org\/{rel}","templated":true}]}}