{"id":3423,"date":"2023-10-31T08:52:38","date_gmt":"2023-10-31T07:52:38","guid":{"rendered":"https:\/\/nicolefragrance.se\/?post_type=product&#038;p=3423"},"modified":"2025-07-06T08:30:06","modified_gmt":"2025-07-06T06:30:06","slug":"gaultier-divine-jpg-originalni-parfem-nicole-edp","status":"publish","type":"product","link":"https:\/\/nicolefragrance.se\/hr\/proizvod\/gaultier-divine-jpg-originalni-parfem-nicole-edp\/","title":{"rendered":"Nicole 2047 EDP inspiriran s Divine Jean Paul Gaultier"},"content":{"rendered":"<p><strong>Gaultier Divine by Jean Paul Gaultier<\/strong> je novi cvjetni \u017eenski parfem, lansiran u kolovozu 2023. godine. Ovaj senzualni miris donosi suptilnu kombinaciju cvjetnih tonova sa dubokim notama ambera, stvaraju\u0107i elegantan i sofisticiran do\u017eivljaj koji isti\u010de suptilnu \u017eenstvenost nosioca parfema.<\/p>\n<p>Gornje note parfema uklju\u010duju kalipson, crvene bobice i bergamot. Ove note donose svje\u017einu i \u017eivost mirisu, stvaraju\u0107i dinami\u010dan i upe\u010datljiv do\u017eivljaj koji isti\u010de vitalnost i samopouzdanje moderne \u017eene. Gornje note parfema pru\u017eaju neodoljivu svje\u017einu koja je idealna za svakodnevno no\u0161enje i razli\u010dite prilike. U srcu parfema osje\u0107aju se note ljiljana, jasmina i ilang-ilanga. Ova rasko\u0161na kombinacija cvjetnih tonova stvara dubinu i senzualnost mirisu, nagla\u0161avaju\u0107i eleganciju i \u017eenstvenost nosioca parfema. Cvjetne note stvaraju nje\u017enu i prefinjenu harmoniju koja ostavlja nezaboravan utisak. Baza parfema sastoji se od meringe, mo\u0161usa i pa\u010dulija. Ove tople i bogate bazne note stvaraju zavodljivu zavr\u0161nicu koja isti\u010de sofisticiranost i senzualnost. Baza parfema pru\u017ea dubinu i puno\u0107u mirisu, \u010dine\u0107i ga savr\u0161enim za no\u0161enje tijekom ve\u010derrnjih izlazaka ili posebnih prilika.<\/p>\n<p><strong>Gaultier Divine JPG<\/strong> je miris koji isti\u010de prefinjenost, eleganciju i unutra\u0161nju snagu moderne \u017eene.<\/p>\n<p>Osjetite svu mo\u0107 i neodoljivu privla\u010dnost uz <strong>Gaultier Divine<\/strong> i istaknite svoju jedinstvenu \u017eenstvenost svaki put kad ga nosite.<\/p>\n","protected":false},"excerpt":{"rendered":"<p>Gaultier Divine by Jean Paul Gaultier je miris koji isti\u010de profinjenost, eleganciju i unutra\u0161nju snagu moderne \u017eene. Ovaj senzualni miris donosi suptilnu kombinaciju cvjetnih tonova sa dubokim notama ambera, stvaraju\u0107i elegantan i sofisticiran do\u017eivljaj koji isti\u010de suptilnu \u017eenstvenost nosioca parfema. Osjetite svu mo\u0107 i neodoljivu privla\u010dnost uz Gaultier Divine i istaknite svoju jedinstvenu \u017eenstvenost svaki put kad ga nosite.<\/p>\n","protected":false},"featured_media":26251,"comment_status":"open","ping_status":"closed","template":"","meta":{"_acf_changed":false},"product_brand":[],"product_cat":[214,186],"product_tag":[],"class_list":{"0":"post-3423","1":"product","2":"type-product","3":"status-publish","4":"has-post-thumbnail","6":"product_cat-jean-paul-gaultier-marka","7":"product_cat-za-zene","9":"first","10":"instock","11":"taxable","12":"shipping-taxable","13":"purchasable","14":"product-type-variable","15":"has-default-attributes"},"acf":[],"_links":{"self":[{"href":"https:\/\/nicolefragrance.se\/hr\/wp-json\/wp\/v2\/product\/3423","targetHints":{"allow":["GET"]}}],"collection":[{"href":"https:\/\/nicolefragrance.se\/hr\/wp-json\/wp\/v2\/product"}],"about":[{"href":"https:\/\/nicolefragrance.se\/hr\/wp-json\/wp\/v2\/types\/product"}],"replies":[{"embeddable":true,"href":"https:\/\/nicolefragrance.se\/hr\/wp-json\/wp\/v2\/comments?post=3423"}],"version-history":[{"count":0,"href":"https:\/\/nicolefragrance.se\/hr\/wp-json\/wp\/v2\/product\/3423\/revisions"}],"wp:featuredmedia":[{"embeddable":true,"href":"https:\/\/nicolefragrance.se\/hr\/wp-json\/wp\/v2\/media\/26251"}],"wp:attachment":[{"href":"https:\/\/nicolefragrance.se\/hr\/wp-json\/wp\/v2\/media?parent=3423"}],"wp:term":[{"taxonomy":"product_brand","embeddable":true,"href":"https:\/\/nicolefragrance.se\/hr\/wp-json\/wp\/v2\/product_brand?post=3423"},{"taxonomy":"product_cat","embeddable":true,"href":"https:\/\/nicolefragrance.se\/hr\/wp-json\/wp\/v2\/product_cat?post=3423"},{"taxonomy":"product_tag","embeddable":true,"href":"https:\/\/nicolefragrance.se\/hr\/wp-json\/wp\/v2\/product_tag?post=3423"}],"curies":[{"name":"wp","href":"https:\/\/api.w.org\/{rel}","templated":true}]}}