{"id":3411,"date":"2023-10-30T14:10:23","date_gmt":"2023-10-30T13:10:23","guid":{"rendered":"https:\/\/nicolefragrance.se\/?post_type=product&#038;p=3411"},"modified":"2025-07-06T08:32:30","modified_gmt":"2025-07-06T06:32:30","slug":"myslf-ysl-originalni-parfem-nicole-edp","status":"publish","type":"product","link":"https:\/\/nicolefragrance.se\/hr\/proizvod\/myslf-ysl-originalni-parfem-nicole-edp\/","title":{"rendered":"Nicole 3052 EDP inspiriran s MYSLF Yves Saint Laurent"},"content":{"rendered":"<p><strong>MYSLF by Yves Saint Laurent<\/strong> je novi aromati\u010dni parfem namijenjen mu\u0161karcima, lansiran 2023. godine. Ovaj intrigantni mu\u0161ki miris donosi sve nijanse va\u0161e li\u010dnosti na jedinstven na\u010din, isti\u010du\u0107i sofisticiranost i eleganciju modernog mu\u0161karca.<\/p>\n<p>Gornje note parfema uklju\u010duju kalabrijski bergamot. Ove note pru\u017eaju \u017eivahnu i osvje\u017eavaju\u0107u kombinaciju citrusa koja isti\u010de vitalnost i dinamiku modernog mu\u0161karca. Gornji tonovi parfema pru\u017eaju suptilan i elegantan do\u017eivljaj, stvaraju\u0107i svje\u017einu koja odra\u017eava samopouzdanje i snagu nosioca parfema. U srcu parfema osje\u0107a se nota tuniskog cvijeta naran\u010de. Ova rasko\u0161na cvjetna nota dodaje dubinu i slojevitost mirisu, stvaraju\u0107i senzualnu i prefinjenu harmoniju koja isti\u010de mu\u017eevnost i eleganciju. Sna\u017ene cvjetne note pru\u017eaju suptilnu senzualnost koja obavija poput neodoljive arome, ostavljaju\u0107i trag koji osvaja srca. Baza parfema <strong>MYSLF<\/strong> obuhva\u0107a Ambrofix\u2122 i pa\u010duli. Ove rasko\u0161ne note stvaraju duboku i zavodljivu zavr\u0161nicu koja isti\u010de snagu i karizmu nosioca parfema. Pru\u017eaju toplinu i senzualnost, isti\u010du\u0107i samopouzdanje i unutra\u0161nju snagu mu\u0161karca.<\/p>\n<p><strong>YSL MYSLF<\/strong> je miris koji isti\u010de sofisticiranost, eleganciju i samopouzdanje modernog mu\u0161karca. Isprobajte MYSLF i istaknite svoju jedinstvenu snagu i suptilnu karizmu koja \u0107e privu\u0107i pa\u017enju gdje god se pojavite.\u00a0 Uz MYSLF by YSL parfem, otkrijte svoj potpis mirisa koji isti\u010de individualnost i suptilno nagla\u0161ava sve nijanse va\u0161e unutra\u0161nje snage.<\/p>\n","protected":false},"excerpt":{"rendered":"<p>YSL MYSLF je miris koji isti\u010de sofisticiranost, eleganciju i samopouzdanje modernog mu\u0161karca. Ovaj intrigantni mu\u0161ki miris donosi sve nijanse va\u0161e li\u010dnosti na jedinstven na\u010din. Isprobajte MYSLF i istaknite svoju unutra\u0161nju snagu i suptilnu karizmu koja \u0107e privu\u0107i pa\u017enju gdje god se pojavite. Uz MYSLF by YSL parfem, otkrijte svoj potpis mirisa koji isti\u010de individualnost i suptilno nagla\u0161ava sve nijanse va\u0161e sna\u017ene li\u010dnosti.<\/p>\n","protected":false},"featured_media":26262,"comment_status":"open","ping_status":"closed","template":"","meta":{"_acf_changed":false},"product_brand":[],"product_cat":[206,187],"product_tag":[],"class_list":{"0":"post-3411","1":"product","2":"type-product","3":"status-publish","4":"has-post-thumbnail","6":"product_cat-yves-saint-laurent-marka","7":"product_cat-za-muskarce","9":"first","10":"instock","11":"taxable","12":"shipping-taxable","13":"purchasable","14":"product-type-variable","15":"has-default-attributes"},"acf":[],"_links":{"self":[{"href":"https:\/\/nicolefragrance.se\/hr\/wp-json\/wp\/v2\/product\/3411","targetHints":{"allow":["GET"]}}],"collection":[{"href":"https:\/\/nicolefragrance.se\/hr\/wp-json\/wp\/v2\/product"}],"about":[{"href":"https:\/\/nicolefragrance.se\/hr\/wp-json\/wp\/v2\/types\/product"}],"replies":[{"embeddable":true,"href":"https:\/\/nicolefragrance.se\/hr\/wp-json\/wp\/v2\/comments?post=3411"}],"version-history":[{"count":0,"href":"https:\/\/nicolefragrance.se\/hr\/wp-json\/wp\/v2\/product\/3411\/revisions"}],"wp:featuredmedia":[{"embeddable":true,"href":"https:\/\/nicolefragrance.se\/hr\/wp-json\/wp\/v2\/media\/26262"}],"wp:attachment":[{"href":"https:\/\/nicolefragrance.se\/hr\/wp-json\/wp\/v2\/media?parent=3411"}],"wp:term":[{"taxonomy":"product_brand","embeddable":true,"href":"https:\/\/nicolefragrance.se\/hr\/wp-json\/wp\/v2\/product_brand?post=3411"},{"taxonomy":"product_cat","embeddable":true,"href":"https:\/\/nicolefragrance.se\/hr\/wp-json\/wp\/v2\/product_cat?post=3411"},{"taxonomy":"product_tag","embeddable":true,"href":"https:\/\/nicolefragrance.se\/hr\/wp-json\/wp\/v2\/product_tag?post=3411"}],"curies":[{"name":"wp","href":"https:\/\/api.w.org\/{rel}","templated":true}]}}