{"id":3399,"date":"2023-10-30T14:05:36","date_gmt":"2023-10-30T13:05:36","guid":{"rendered":"https:\/\/nicolefragrance.se\/?post_type=product&#038;p=3399"},"modified":"2025-12-30T07:42:41","modified_gmt":"2025-12-30T06:42:41","slug":"guerlain-shalimar-originalni-parfem-nicole-edp","status":"publish","type":"product","link":"https:\/\/nicolefragrance.se\/hr\/proizvod\/guerlain-shalimar-originalni-parfem-nicole-edp\/","title":{"rendered":"Nicole 2046 EDP inspiriran s Shalimar Guerlain"},"content":{"rendered":"<p><strong>Shalimar by Guerlain<\/strong> je orijentalni za\u010dinski parfem namijenjen damama. Lansiran 1990. godine, ovaj klasi\u010dni \u017eenski parfem odi\u0161e neodoljivim mirisom koji je kroz generacije osvojio srca \u017eena svih uzrasta. Idealan je izbor za dame koje preferiraju klasi\u010dne mirise i \u017eele da istaknu svoj sofisticirani stil.<\/p>\n<p>Gornje note parfema \u010dine citrusi, bergamot, limun, kedar i mandarina. One stvaraju \u017eivahnu i osvje\u017eavaju\u0107u mirisnu kombinaciju koja isti\u010de energiju i dinamiku nosioca parfema. Ovi gornji tonovi pru\u017eaju suptilan i elegantan do\u017eivljaj, stvaraju\u0107i tople, osvje\u017eavaju\u0107e note koje odi\u0161u \u017eivahno\u0161\u0107u i svje\u017einom. U srcu parfema osje\u0107aju se note irisa, pa\u010dulija, vetivera, jasmina i ru\u017ee. One dodaju kompleksnost i dubinu parfemu, stvaraju\u0107i slojevitu i rasko\u0161nu mirisnu harmoniju koja isti\u010de eleganciju i prefinjenost. Suptilna kombinacija cvjetnih nota stvara senzualnu i neodoljivu aromu koja prati tijekom \u010ditavog dana. Baza parfema <strong>Shalimar Guerlain<\/strong> obuhva\u0107a vaniliju, tamjan, ko\u017eu, opoponaks, cibetku, sandalovinu, tonka grah i mo\u0161us. Ove rasko\u0161ne note stvaraju duboku i zavodljivu zavr\u0161nicu koja obavija nosioca poput neodoljive aure. Pru\u017eaju toplinu i senzualnost, isti\u010du\u0107i sofisticiranost i eleganciju nosioca parfema.<\/p>\n<p><strong>Guerlain Shalimar<\/strong> je klasik me\u0111u parfemima i pru\u017ea neodoljiv miris koji isti\u010de prefinjenost i sofisticiranost. Isprobajte Shalimar i otkrijte rasko\u0161nu mirisnu harmoniju koja isti\u010de eleganciju i \u017eenstvenost, ostavljaju\u0107i iza sebe trag jedinstvenog i zavodljivog stila.<\/p>\n","protected":false},"excerpt":{"rendered":"<p>Shalimar by Guerlain je klasik me\u0111u \u017eenskim parfemima i pru\u017ea neodoljiv miris koji isti\u010de sofisticiranost. Isprobajte Shalimar i otkrijte rasko\u0161nu mirisnu harmoniju koja isti\u010de eleganciju i \u017eenstvenost, ostavljaju\u0107i iza sebe trag jedinstvenog i zavodljivog stila. Guerlain Shalimar je idealan izbor za dame koje preferiraju klasi\u010dne mirise i \u017eele istaknuti svoju profinjenost.<\/p>\n","protected":false},"featured_media":26273,"comment_status":"open","ping_status":"closed","template":"","meta":{"_acf_changed":false},"product_brand":[],"product_cat":[228,186],"product_tag":[],"class_list":{"0":"post-3399","1":"product","2":"type-product","3":"status-publish","4":"has-post-thumbnail","6":"product_cat-guerlain-marka","7":"product_cat-za-zene","9":"first","10":"instock","11":"taxable","12":"shipping-taxable","13":"purchasable","14":"product-type-variable","15":"has-default-attributes"},"acf":[],"_links":{"self":[{"href":"https:\/\/nicolefragrance.se\/hr\/wp-json\/wp\/v2\/product\/3399","targetHints":{"allow":["GET"]}}],"collection":[{"href":"https:\/\/nicolefragrance.se\/hr\/wp-json\/wp\/v2\/product"}],"about":[{"href":"https:\/\/nicolefragrance.se\/hr\/wp-json\/wp\/v2\/types\/product"}],"replies":[{"embeddable":true,"href":"https:\/\/nicolefragrance.se\/hr\/wp-json\/wp\/v2\/comments?post=3399"}],"version-history":[{"count":0,"href":"https:\/\/nicolefragrance.se\/hr\/wp-json\/wp\/v2\/product\/3399\/revisions"}],"wp:featuredmedia":[{"embeddable":true,"href":"https:\/\/nicolefragrance.se\/hr\/wp-json\/wp\/v2\/media\/26273"}],"wp:attachment":[{"href":"https:\/\/nicolefragrance.se\/hr\/wp-json\/wp\/v2\/media?parent=3399"}],"wp:term":[{"taxonomy":"product_brand","embeddable":true,"href":"https:\/\/nicolefragrance.se\/hr\/wp-json\/wp\/v2\/product_brand?post=3399"},{"taxonomy":"product_cat","embeddable":true,"href":"https:\/\/nicolefragrance.se\/hr\/wp-json\/wp\/v2\/product_cat?post=3399"},{"taxonomy":"product_tag","embeddable":true,"href":"https:\/\/nicolefragrance.se\/hr\/wp-json\/wp\/v2\/product_tag?post=3399"}],"curies":[{"name":"wp","href":"https:\/\/api.w.org\/{rel}","templated":true}]}}