{"id":3375,"date":"2023-10-12T08:23:09","date_gmt":"2023-10-12T06:23:09","guid":{"rendered":"https:\/\/nicolefragrance.se\/?post_type=product&#038;p=3375"},"modified":"2025-07-06T08:40:37","modified_gmt":"2025-07-06T06:40:37","slug":"grand-soir-maison-francis-kurkdjian-by-nicole-edp","status":"publish","type":"product","link":"https:\/\/nicolefragrance.se\/hr\/proizvod\/grand-soir-maison-francis-kurkdjian-by-nicole-edp\/","title":{"rendered":"Nicole 3049 EDP inspiriran s Grand Soir Maison Francis Kurkdjian"},"content":{"rendered":"<p><strong>Grand Soir by Maison Francis Kurkdjian<\/strong> predstavlja neodoljiv mirisni do\u017eivljaj koji vas uvodi u uzbu\u0111enje no\u0107i u Parizu. Lansiran 2016. godine, ovaj univerzalni miris donosi upe\u010datljive note koje vas obavijaju toplinom i zanosom vanilije, uz neodoljive arome benzoina i ambera.<\/p>\n<p><strong>Grand Soir<\/strong> nas uvodi u misti\u010dnu i uzbudljivu atmosferu Pariza no\u0107u, kada se grad obasjava svjetlima i zra\u010di jedinstvenom toplinom. Ovaj miris vas preplavljuje osje\u0107ajem istan\u010danosti i elegancije, nude\u0107i vam do\u017eivljaj koji se pamti i isti\u010de svojom dubokom toplinom.<\/p>\n<p>Benzoin i tonka grah se isti\u010du kao glavne note ovog mirisa, stvaraju\u0107i slojevitost koja odi\u0161e suptilno\u0161\u0107u i privla\u010dno\u0161\u0107u. Ovi sastojci se harmoni\u010dno stapaju, obavijaju\u0107i vas u mirisni omota\u010d koji odi\u0161e profinjeno\u0161\u0107u i bogatstvom.<\/p>\n<p><strong>Grand Soir<\/strong> <strong>Maison Francis Kurkdjian<\/strong> je primjer mirisa koji savr\u0161eno predstavlja amber \u017eanr parfema, isti\u010du\u0107i se svojim karakterom, dubinom i atraktivno\u0161\u0107u. Ovaj miris odi\u0161e elegancijom i sofisticirano\u0161\u0107u, ostavljaju\u0107i iza sebe upe\u010datljiv mirisni trag koji traje tijekom \u010ditave no\u0107i.<\/p>\n<p><strong>Grand Soir<\/strong> je parfem koji donosi mirisnu rasko\u0161 i profinjenost, isti\u010du\u0107i se svojom toplinom, dubinom i zavodljivo\u0161\u0107u. U\u017eivajte u jedinstvenom do\u017eivljaju koji \u0107e vas obaviti toplinom i elegancijom u svakom trenutku.<\/p>\n","protected":false},"excerpt":{"rendered":"<p>Grand Soir Maison Francis Kurkdjian je miris koji savr\u0161eno predstavlja amber \u017eanr parfema, isti\u010du\u0107i se svojim karakterom, dubinom i atraktivno\u0161\u0107u. Ovaj miris odi\u0161e elegancijom i sofisticirano\u0161\u0107u, ostavljaju\u0107i iza sebe upe\u010datljiv mirisni trag koji traje tijekom \u010ditave no\u0107i.\u00a0U\u017eivajte u jedinstvenom do\u017eivljaju koji \u0107e vas ogrnuti toplinom i elegancijom u svakom trenutku.<\/p>\n","protected":false},"featured_media":26295,"comment_status":"open","ping_status":"closed","template":"","meta":{"_acf_changed":false},"product_brand":[],"product_cat":[233,188,187,186],"product_tag":[],"class_list":{"0":"post-3375","1":"product","2":"type-product","3":"status-publish","4":"has-post-thumbnail","6":"product_cat-maison-francis-kurkdjian-marka","7":"product_cat-unisex","8":"product_cat-za-muskarce","9":"product_cat-za-zene","11":"first","12":"instock","13":"taxable","14":"shipping-taxable","15":"purchasable","16":"product-type-variable","17":"has-default-attributes"},"acf":[],"_links":{"self":[{"href":"https:\/\/nicolefragrance.se\/hr\/wp-json\/wp\/v2\/product\/3375","targetHints":{"allow":["GET"]}}],"collection":[{"href":"https:\/\/nicolefragrance.se\/hr\/wp-json\/wp\/v2\/product"}],"about":[{"href":"https:\/\/nicolefragrance.se\/hr\/wp-json\/wp\/v2\/types\/product"}],"replies":[{"embeddable":true,"href":"https:\/\/nicolefragrance.se\/hr\/wp-json\/wp\/v2\/comments?post=3375"}],"version-history":[{"count":0,"href":"https:\/\/nicolefragrance.se\/hr\/wp-json\/wp\/v2\/product\/3375\/revisions"}],"wp:featuredmedia":[{"embeddable":true,"href":"https:\/\/nicolefragrance.se\/hr\/wp-json\/wp\/v2\/media\/26295"}],"wp:attachment":[{"href":"https:\/\/nicolefragrance.se\/hr\/wp-json\/wp\/v2\/media?parent=3375"}],"wp:term":[{"taxonomy":"product_brand","embeddable":true,"href":"https:\/\/nicolefragrance.se\/hr\/wp-json\/wp\/v2\/product_brand?post=3375"},{"taxonomy":"product_cat","embeddable":true,"href":"https:\/\/nicolefragrance.se\/hr\/wp-json\/wp\/v2\/product_cat?post=3375"},{"taxonomy":"product_tag","embeddable":true,"href":"https:\/\/nicolefragrance.se\/hr\/wp-json\/wp\/v2\/product_tag?post=3375"}],"curies":[{"name":"wp","href":"https:\/\/api.w.org\/{rel}","templated":true}]}}