{"id":3363,"date":"2023-10-12T08:18:10","date_gmt":"2023-10-12T06:18:10","guid":{"rendered":"https:\/\/nicolefragrance.se\/?post_type=product&#038;p=3363"},"modified":"2025-07-06T08:42:36","modified_gmt":"2025-07-06T06:42:36","slug":"oud-satin-mood-maison-francis-kurkdjian-nicole-edp","status":"publish","type":"product","link":"https:\/\/nicolefragrance.se\/hr\/proizvod\/oud-satin-mood-maison-francis-kurkdjian-nicole-edp\/","title":{"rendered":"Nicole 3048 EDP inspiriran s Oud Satin Mood Maison Francis Kurkdjian"},"content":{"rendered":"<p><strong>Oud Satin Mood by Maison Francis Kurkdjian<\/strong> predstavlja mirisno putovanje kroz senzualne slojeve profinjenog svilenkastog oud drveta. Ovaj neodoljivi unisex parfem lansiran je 2015. godine i od tada pru\u017ea osje\u0107aj luksuza i pro\u017eimaju\u0107e senzualnosti kako mu\u0161karcima, tako i \u017eenama.<\/p>\n<p>U vrhu parfema, bugarska ru\u017ea i apsolut turske ru\u017ee prepli\u0107u se sa vanilijom i ljubi\u010dicom, stvaraju\u0107i jedinstvenu mirisnu harmoniju. Ovaj miris obavija va\u0161u ko\u017eu poput svilenkastog materijala, nude\u0107i bogatstvo aroma koje odi\u0161u elegancijom i profinjeno\u0161\u0107u. Benzoin akordi doprinose zavodljivosti i dubini ovog mirisa, dok oud sa Laosa o\u010darava svojom bogatom i aromati\u010dnom notom. <strong>Oud Satin Mood<\/strong> vas uvodi u mirisno iskustvo koje \u0107e vas obaviti toplinom, izazivaju\u0107i osje\u0107aj gubljenja u trenutku.<\/p>\n<p><strong>Oud Satin Mood<\/strong> <strong>Maison Francis Kurkdjian<\/strong> je parfem koji se isti\u010de svojom klasikom, sofisticirano\u0161\u0107u i jedinstveno\u0161\u0107u. Ovaj miris je pa\u017eljivo kreiran da istakne va\u0161u eleganciju i stil, donose\u0107i mirisnu rasko\u0161 koja \u0107e vas obaviti neodoljivom toplinom.<\/p>\n<p><strong>Oud Satin Mood<\/strong> je parfem koji \u0107e vas obaviti senzualno\u0161\u0107u i sofisticirano\u0161\u0107u, pru\u017eaju\u0107i vam jedinstveni do\u017eivljaj svilenkastog ouda. U\u017eivajte u mirisnom putovanju koje \u0107e vas obaviti toplinom i bogatstvom prefinjenih aroma.<\/p>\n","protected":false},"excerpt":{"rendered":"<p>Oud Satin Mood Maison Francis Kurkdjian je parfem koji se isti\u010de svojom klasikom, sofisticirano\u0161\u0107u i jedinstveno\u0161\u0107u. Ovaj miris je pa\u017eljivo kreiran da istakne va\u0161u eleganciju i stil, donose\u0107i mirisnu rasko\u0161 koja \u0107e vas ogrnuti neodoljivom toplinom. U\u017eivajte u mirisnom putovanju koje \u0107e vas obaviti toplinom i bogatstvom prefinjenih aroma.<\/p>\n","protected":false},"featured_media":26306,"comment_status":"open","ping_status":"closed","template":"","meta":{"_acf_changed":false},"product_brand":[],"product_cat":[233,188,187,186],"product_tag":[],"class_list":{"0":"post-3363","1":"product","2":"type-product","3":"status-publish","4":"has-post-thumbnail","6":"product_cat-maison-francis-kurkdjian-marka","7":"product_cat-unisex","8":"product_cat-za-muskarce","9":"product_cat-za-zene","11":"first","12":"instock","13":"taxable","14":"shipping-taxable","15":"purchasable","16":"product-type-variable","17":"has-default-attributes"},"acf":[],"_links":{"self":[{"href":"https:\/\/nicolefragrance.se\/hr\/wp-json\/wp\/v2\/product\/3363","targetHints":{"allow":["GET"]}}],"collection":[{"href":"https:\/\/nicolefragrance.se\/hr\/wp-json\/wp\/v2\/product"}],"about":[{"href":"https:\/\/nicolefragrance.se\/hr\/wp-json\/wp\/v2\/types\/product"}],"replies":[{"embeddable":true,"href":"https:\/\/nicolefragrance.se\/hr\/wp-json\/wp\/v2\/comments?post=3363"}],"version-history":[{"count":0,"href":"https:\/\/nicolefragrance.se\/hr\/wp-json\/wp\/v2\/product\/3363\/revisions"}],"wp:featuredmedia":[{"embeddable":true,"href":"https:\/\/nicolefragrance.se\/hr\/wp-json\/wp\/v2\/media\/26306"}],"wp:attachment":[{"href":"https:\/\/nicolefragrance.se\/hr\/wp-json\/wp\/v2\/media?parent=3363"}],"wp:term":[{"taxonomy":"product_brand","embeddable":true,"href":"https:\/\/nicolefragrance.se\/hr\/wp-json\/wp\/v2\/product_brand?post=3363"},{"taxonomy":"product_cat","embeddable":true,"href":"https:\/\/nicolefragrance.se\/hr\/wp-json\/wp\/v2\/product_cat?post=3363"},{"taxonomy":"product_tag","embeddable":true,"href":"https:\/\/nicolefragrance.se\/hr\/wp-json\/wp\/v2\/product_tag?post=3363"}],"curies":[{"name":"wp","href":"https:\/\/api.w.org\/{rel}","templated":true}]}}