{"id":3351,"date":"2023-10-12T08:10:58","date_gmt":"2023-10-12T06:10:58","guid":{"rendered":"https:\/\/nicolefragrance.se\/?post_type=product&#038;p=3351"},"modified":"2025-07-06T08:44:15","modified_gmt":"2025-07-06T06:44:15","slug":"creed-green-irish-tweed-nicole-edp","status":"publish","type":"product","link":"https:\/\/nicolefragrance.se\/hr\/proizvod\/creed-green-irish-tweed-nicole-edp\/","title":{"rendered":"Nicole 3051 EDP inspiriran s Green Irish Tweed Creed"},"content":{"rendered":"<p><strong>Creed Green Irish Tweed<\/strong> je mu\u0161ki parfem koji spaja elemente \u0161ume, cvije\u0107a i mo\u0161usa, stvaraju\u0107i jedinstveni mirisni do\u017eivljaj. Lansiran jo\u0161 davne 1985. godine, ovaj parfem je s godinama postao omiljeni izbor mnogih slavnih li\u010dnosti i istinski je klasik me\u0111u Creed mirisima.<\/p>\n<p>Otvor parfema se sastoji od nota irisa i limunske verbene, stvaraju\u0107i osvje\u017eavaju\u0107u i istovremeno sofisticiranu atmosferu. Srednje note obuhva\u0107aju listove ljubi\u010dice, dok se osnova sastoji od ambergrisa i sandalovine. Ova kombinacija stvara harmoniju mirisa koji traje i ostavlja sna\u017ean utisak.<\/p>\n<p><strong>Green Irish Tweed<\/strong> je bogat, svje\u017e, sportski i nezaboravan parfem, koji budi osje\u0107aj blagostanja i vitalnosti kod onih koji ga nose. To je parfem koji nikada ne izlazi iz mode, isti\u010du\u0107i se svojim vrijemenom isklesanim mirisnim notama koje su uvijek u trendu. Ovaj klasi\u010dni parfem stvara osje\u0107aj smirenosti i pozitivno uti\u010de na okolinu.<\/p>\n<p><strong>Creed Green Irish Tweed<\/strong> je parfem koji pru\u017ea osvje\u017eavaju\u0107u i elegantnu mirisnu avanturu kroz prirodne ljepote Irske. Njegova svje\u017eina, vitalnost i dugotrajnost \u010dine ga neprolaznim klasi\u010dnim mirisom koji donosi osje\u0107aj samopouzdanja i unutra\u0161nje snage.<\/p>\n<p>U\u017eivajte u mirisnom iskustvu koje odi\u0161e prirodnom elegancijom i vitalno\u0161\u0107u, stvaraju\u0107i nezaboravne trenutke i ostavljaju\u0107i dubok utisak na sve oko vas.<\/p>\n","protected":false},"excerpt":{"rendered":"<p>Green Irish Tweed je bogat, svje\u017e, sportski i nezaboravan mu\u0161ki parfem, koji budi osje\u0107aj blagostanja i vitalnosti kod onih koji ga nose. To je parfem koji nikada ne izlazi iz mode, isti\u010du\u0107i se svojim vremenom isklesanim mirisnim notama koje su uvijek u trendu. Ovaj klasi\u010dni parfem stvara osje\u0107aj smirenosti i pozitivno utje\u010de na okolinu.<\/p>\n","protected":false},"featured_media":26317,"comment_status":"open","ping_status":"closed","template":"","meta":{"_acf_changed":false},"product_brand":[],"product_cat":[234,187],"product_tag":[],"class_list":{"0":"post-3351","1":"product","2":"type-product","3":"status-publish","4":"has-post-thumbnail","6":"product_cat-creed-marka","7":"product_cat-za-muskarce","9":"first","10":"instock","11":"taxable","12":"shipping-taxable","13":"purchasable","14":"product-type-variable","15":"has-default-attributes"},"acf":[],"_links":{"self":[{"href":"https:\/\/nicolefragrance.se\/hr\/wp-json\/wp\/v2\/product\/3351","targetHints":{"allow":["GET"]}}],"collection":[{"href":"https:\/\/nicolefragrance.se\/hr\/wp-json\/wp\/v2\/product"}],"about":[{"href":"https:\/\/nicolefragrance.se\/hr\/wp-json\/wp\/v2\/types\/product"}],"replies":[{"embeddable":true,"href":"https:\/\/nicolefragrance.se\/hr\/wp-json\/wp\/v2\/comments?post=3351"}],"version-history":[{"count":0,"href":"https:\/\/nicolefragrance.se\/hr\/wp-json\/wp\/v2\/product\/3351\/revisions"}],"wp:featuredmedia":[{"embeddable":true,"href":"https:\/\/nicolefragrance.se\/hr\/wp-json\/wp\/v2\/media\/26317"}],"wp:attachment":[{"href":"https:\/\/nicolefragrance.se\/hr\/wp-json\/wp\/v2\/media?parent=3351"}],"wp:term":[{"taxonomy":"product_brand","embeddable":true,"href":"https:\/\/nicolefragrance.se\/hr\/wp-json\/wp\/v2\/product_brand?post=3351"},{"taxonomy":"product_cat","embeddable":true,"href":"https:\/\/nicolefragrance.se\/hr\/wp-json\/wp\/v2\/product_cat?post=3351"},{"taxonomy":"product_tag","embeddable":true,"href":"https:\/\/nicolefragrance.se\/hr\/wp-json\/wp\/v2\/product_tag?post=3351"}],"curies":[{"name":"wp","href":"https:\/\/api.w.org\/{rel}","templated":true}]}}