{"id":3339,"date":"2023-10-12T08:07:16","date_gmt":"2023-10-12T06:07:16","guid":{"rendered":"https:\/\/nicolefragrance.se\/?post_type=product&#038;p=3339"},"modified":"2025-07-06T08:46:00","modified_gmt":"2025-07-06T06:46:00","slug":"tom-ford-sahara-noir-nicole-edp","status":"publish","type":"product","link":"https:\/\/nicolefragrance.se\/hr\/proizvod\/tom-ford-sahara-noir-nicole-edp\/","title":{"rendered":"Nicole 2045 EDP inspiriran s Sahara Noir Tom Ford"},"content":{"rendered":"<p><strong>Tom Ford Sahara Noir<\/strong> je \u017eenski parfem koji odaje po\u010dast tamjanu i tradicijama Bliskog istoka. Lansiran 2013. godine, ovaj miris predstavlja istinski o\u010daravaju\u0107u i bogatu aromu namijenjenu \u017eenama koje cijene duboke i slojevite mirisne note.<\/p>\n<p>Ovaj parfem otvara se rasko\u0161nim notama labdanuma, \u010dempresa, gorke naran\u010de i \u0161a\u0161a, stvaraju\u0107i osvje\u017eavaju\u0107u i istovremeno intrigantnu mirisnu kompoziciju. Srednje note obuhva\u0107aju tamjan, p\u010delinji vosak, cimet, papirus, marokansku ru\u017eu i egipatsku jasmin, \u010dine\u0107i miris dubokim, slojevitim i senzualnim. Bazne note uklju\u010duju egipatski balzam, amber, labdanum, benzoin, oud, kedar i vaniliju, doprinose\u0107i cjelokupnom do\u017eivljaju luksuza i rasko\u0161i.<\/p>\n<p><strong>Tom Ford Sahara Noir<\/strong> odi\u0161e kraljevskom elegancijom i bo\u017eanskim osje\u0107ajem, stvaraju\u0107i atmosferu tajanstvenosti i senzualnosti. To\u00a0parfem koji pru\u017ea dubok, slojevit i intenzivan mirisni do\u017eivljaj. Njegove tople i senzualne note obavijaju vas poput mekane svile, stvaraju\u0107i osje\u0107aj istinske rasko\u0161i i glamura. Idealna opcija za one koji cijene toplinu, bogatstvo i dubinu orijentalnih mirisa.<\/p>\n<p><strong>Sahara Noir by Tom Ford<\/strong> je miris koji slavi rasko\u0161, senzualnost i tradiciju Bliskog istoka. U\u017eivajte u o\u010daravaju\u0107em i senzualnom do\u017eivljaju koji donosi mirisni luksuz i toplinu, otvaraju\u0107i vrata ka suptilnoj rasko\u0161i i bogatstvu orijentalnih mirisa.<\/p>\n","protected":false},"excerpt":{"rendered":"<p>Tom Ford Sahara Noir odi\u0161e kraljevskom elegancijom i bo\u017eanskim osje\u0107ajem, stvaraju\u0107i atmosferu tajanstvenosti i senzualnosti. To\u00a0je parfem koji pru\u017ea dubok, slojevit i intenzivan mirisni do\u017eivljaj. Njegove tople i senzualne note obavijaju vas poput mekane svile, stvaraju\u0107i osje\u0107aj istinske rasko\u0161i i glamura. Idealna opcija za one koji cijene toplinu, bogatstvo i dubinu orijentalnih mirisa.<\/p>\n","protected":false},"featured_media":26329,"comment_status":"open","ping_status":"closed","template":"","meta":{"_acf_changed":false},"product_brand":[],"product_cat":[203,186],"product_tag":[],"class_list":{"0":"post-3339","1":"product","2":"type-product","3":"status-publish","4":"has-post-thumbnail","6":"product_cat-tom-ford-marka","7":"product_cat-za-zene","9":"first","10":"instock","11":"taxable","12":"shipping-taxable","13":"purchasable","14":"product-type-variable","15":"has-default-attributes"},"acf":[],"_links":{"self":[{"href":"https:\/\/nicolefragrance.se\/hr\/wp-json\/wp\/v2\/product\/3339","targetHints":{"allow":["GET"]}}],"collection":[{"href":"https:\/\/nicolefragrance.se\/hr\/wp-json\/wp\/v2\/product"}],"about":[{"href":"https:\/\/nicolefragrance.se\/hr\/wp-json\/wp\/v2\/types\/product"}],"replies":[{"embeddable":true,"href":"https:\/\/nicolefragrance.se\/hr\/wp-json\/wp\/v2\/comments?post=3339"}],"version-history":[{"count":0,"href":"https:\/\/nicolefragrance.se\/hr\/wp-json\/wp\/v2\/product\/3339\/revisions"}],"wp:featuredmedia":[{"embeddable":true,"href":"https:\/\/nicolefragrance.se\/hr\/wp-json\/wp\/v2\/media\/26329"}],"wp:attachment":[{"href":"https:\/\/nicolefragrance.se\/hr\/wp-json\/wp\/v2\/media?parent=3339"}],"wp:term":[{"taxonomy":"product_brand","embeddable":true,"href":"https:\/\/nicolefragrance.se\/hr\/wp-json\/wp\/v2\/product_brand?post=3339"},{"taxonomy":"product_cat","embeddable":true,"href":"https:\/\/nicolefragrance.se\/hr\/wp-json\/wp\/v2\/product_cat?post=3339"},{"taxonomy":"product_tag","embeddable":true,"href":"https:\/\/nicolefragrance.se\/hr\/wp-json\/wp\/v2\/product_tag?post=3339"}],"curies":[{"name":"wp","href":"https:\/\/api.w.org\/{rel}","templated":true}]}}