{"id":3327,"date":"2023-10-12T08:02:14","date_gmt":"2023-10-12T06:02:14","guid":{"rendered":"https:\/\/nicolefragrance.se\/?post_type=product&#038;p=3327"},"modified":"2026-02-13T11:41:50","modified_gmt":"2026-02-13T10:41:50","slug":"parco-rabanne-olympea-solar-nicole-edp","status":"publish","type":"product","link":"https:\/\/nicolefragrance.se\/hr\/proizvod\/parco-rabanne-olympea-solar-nicole-edp\/","title":{"rendered":"Nicole 2044 EDP inspiriran s Olympea Solar Paco Rabanne"},"content":{"rendered":"<p><strong>Olympea Solar by Paco Rabanne<\/strong> je miris koji simbolizira snagu i samopouzdanje moderne \u017eene. Predstavljaju\u0107i novi miris lansiran 2022. godine, ova parfemska kreacija isti\u010de svje\u017einu citrusa upletenu u bogate cvjetne note, stvaraju\u0107i jedinstvenu aromu koja je osvojila srca mnogih.<\/p>\n<p>Ovaj parfem otvara se osvje\u017eavaju\u0107im notama cvijeta i kore naran\u010de i mandarine, pru\u017eaju\u0107i svijetli po\u010detak koji simbolizira svjetlost i energiju. U srcu mirisa nalaze se cvjetovi tiare, sun\u010deve note, bijele cvjetne arome i hrastova mahovina, stvaraju\u0107i slojevitu i intrigantnu mirisnu kompoziciju. Bazne note uklju\u010duju ylang-ylang i benzoin, dodaju\u0107i dubinu i postojanost cjelokupnom mirisnom do\u017eivljaju.<\/p>\n<p><strong>Olympea Solar<\/strong> je parfem koji slavi snagu, nezavisnost i samopouzdanje modernih \u017eena. Njegova aromati\u010dna formula oslikava samouvjerenost i hrabrost, stvaraju\u0107i osje\u0107aj trijumfa i nepobjedivosti. Ovaj parfem pru\u017ea neodoljiv mirisni do\u017eivljaj koji je istovremeno privla\u010dan i lako nosiv. Njegova slatka i zarazna aroma o\u010darava i osvaja osjetila, ja\u010daju\u0107i osje\u0107aj karizme.<\/p>\n<p><strong>Olympea Solar by Paco Rabanne<\/strong> je \u017eenski parfem koji isti\u010de svjetlucavu aromu samopouzdanja, snage i trijumfa. U\u017eivajte u osvje\u017eavaju\u0107em i zavodljivom mirisnom iskustvu koje isti\u010de va\u0161u unutra\u0161nju snagu i ljepotu, stvaraju\u0107i osje\u0107aj nepobjedivosti i karizme koji traje \u010ditav dan.<\/p>\n","protected":false},"excerpt":{"rendered":"<p>Olympea Solar je parfem koji slavi snagu, nezavisnost i samopouzdanje modernih \u017eena. Njegova aromati\u010dna formula oslikava samouvjerenost i hrabrost, stvaraju\u0107i osje\u0107aj trijumfa i nepobjedivosti. Ovaj parfem pru\u017ea neodoljiv mirisni do\u017eivljaj koji je istovremeno privla\u010dan i lako nosiv. Njegova slatka i zarazna aroma o\u010darava i osvaja osjetila, ja\u010daju\u0107i osje\u0107aj karizme.<\/p>\n","protected":false},"featured_media":26340,"comment_status":"open","ping_status":"closed","template":"","meta":{"_acf_changed":false},"product_brand":[],"product_cat":[198,186],"product_tag":[],"class_list":{"0":"post-3327","1":"product","2":"type-product","3":"status-publish","4":"has-post-thumbnail","6":"product_cat-paco-rabanne-marka","7":"product_cat-za-zene","9":"first","10":"instock","11":"taxable","12":"shipping-taxable","13":"purchasable","14":"product-type-variable","15":"has-default-attributes"},"acf":[],"_links":{"self":[{"href":"https:\/\/nicolefragrance.se\/hr\/wp-json\/wp\/v2\/product\/3327","targetHints":{"allow":["GET"]}}],"collection":[{"href":"https:\/\/nicolefragrance.se\/hr\/wp-json\/wp\/v2\/product"}],"about":[{"href":"https:\/\/nicolefragrance.se\/hr\/wp-json\/wp\/v2\/types\/product"}],"replies":[{"embeddable":true,"href":"https:\/\/nicolefragrance.se\/hr\/wp-json\/wp\/v2\/comments?post=3327"}],"version-history":[{"count":0,"href":"https:\/\/nicolefragrance.se\/hr\/wp-json\/wp\/v2\/product\/3327\/revisions"}],"wp:featuredmedia":[{"embeddable":true,"href":"https:\/\/nicolefragrance.se\/hr\/wp-json\/wp\/v2\/media\/26340"}],"wp:attachment":[{"href":"https:\/\/nicolefragrance.se\/hr\/wp-json\/wp\/v2\/media?parent=3327"}],"wp:term":[{"taxonomy":"product_brand","embeddable":true,"href":"https:\/\/nicolefragrance.se\/hr\/wp-json\/wp\/v2\/product_brand?post=3327"},{"taxonomy":"product_cat","embeddable":true,"href":"https:\/\/nicolefragrance.se\/hr\/wp-json\/wp\/v2\/product_cat?post=3327"},{"taxonomy":"product_tag","embeddable":true,"href":"https:\/\/nicolefragrance.se\/hr\/wp-json\/wp\/v2\/product_tag?post=3327"}],"curies":[{"name":"wp","href":"https:\/\/api.w.org\/{rel}","templated":true}]}}