{"id":3303,"date":"2023-08-09T09:45:17","date_gmt":"2023-08-09T07:45:17","guid":{"rendered":"https:\/\/nicolefragrance.se\/?post_type=product&#038;p=3303"},"modified":"2025-07-06T08:57:03","modified_gmt":"2025-07-06T06:57:03","slug":"marc-antoine-barrois-ganymede-nicole-edp","status":"publish","type":"product","link":"https:\/\/nicolefragrance.se\/hr\/proizvod\/marc-antoine-barrois-ganymede-nicole-edp\/","title":{"rendered":"Nicole 3047 EDP inspiriran s Ganymede Marc Antoine Barrois"},"content":{"rendered":"<p><strong>Ganymede by Marc-Antoine Barrois<\/strong> je unisex parfem koji vas vodi na kosmi\u010dko putovanje. Inspiriran istoimenim Jupiterovim satelitom i lansiran 2019. godine, ovaj miris spada u kategoriju drveno-za\u010dinskih parfema, a namijenjen je kako \u017eenama tako i mu\u0161karcima.<\/p>\n<p>U vrhu ovog parfema isti\u010du se note talijanske mandarine, u srcu mirisa se pojavljuju akordi koji uklju\u010duju ljubi\u010dicu i kineski osmantus, dok se na dnu ovog mirisnog iskustva pojavljuju Akigala i apsolutna esencija smilja.<\/p>\n<p><strong>Ganymede<\/strong> je bez sumnje jedinstven miris, simboli\u010dno re\u010deno sa druge planete. Idealna opcija za one koji tra\u017ee ne\u0161to izvanredno i neobi\u010dno. Ovaj miris odu\u0161evljava svojom slo\u017eeno\u0161\u0107u i \u010dudesnim aromama koje nudi.<\/p>\n<p>Elegantna i neo\u010dekivana harmonija oko kvarteta mandarine, ljubi\u010dice, smilja i ko\u017ee stvara do\u017eivljaj koji je te\u0161ko opisati rije\u010dima. <strong>Ganymede by Marc-Antoine Barrois<\/strong> je poput nekog tajanstvenog svemirskog putovanja koje vas odvodi daleko od svakodnevnice.<\/p>\n<p>Sa prakti\u010dne strane, Ganymede je vrlo svestrani parfem. Mo\u017eete ga nositi u razli\u010ditim prilikama i godi\u0161njim dobima. Ovaj miris \u0107e vam pomo\u0107i da izrazite svoju jedinstvenost i istaknete se iz mase.<\/p>\n","protected":false},"excerpt":{"rendered":"<p>Ganymede by Marc-Antoine Barrois je univerzalni miris koji vas vodi na kosmi\u010dko putovanje. Ovo je bez sumnje jedinstven parfem, simboli\u010dno re\u010deno sa druge planete. Idealna opcija za one koji tra\u017ee ne\u0161to izvanredno, ekskluzivno i neobi\u010dno. Mo\u017eete ga nositi u razli\u010ditim prilikama i godi\u0161njim dobima. Ganymede \u0107e vam pomo\u0107i da izrazite svoju jedinstvenost i istaknete se iz mase.<\/p>\n","protected":false},"featured_media":26363,"comment_status":"open","ping_status":"closed","template":"","meta":{"_acf_changed":false},"product_brand":[],"product_cat":[253,188,187,186],"product_tag":[],"class_list":{"0":"post-3303","1":"product","2":"type-product","3":"status-publish","4":"has-post-thumbnail","6":"product_cat-marc-antoine-barrois-marka","7":"product_cat-unisex","8":"product_cat-za-muskarce","9":"product_cat-za-zene","11":"first","12":"instock","13":"taxable","14":"shipping-taxable","15":"purchasable","16":"product-type-variable","17":"has-default-attributes"},"acf":[],"_links":{"self":[{"href":"https:\/\/nicolefragrance.se\/hr\/wp-json\/wp\/v2\/product\/3303","targetHints":{"allow":["GET"]}}],"collection":[{"href":"https:\/\/nicolefragrance.se\/hr\/wp-json\/wp\/v2\/product"}],"about":[{"href":"https:\/\/nicolefragrance.se\/hr\/wp-json\/wp\/v2\/types\/product"}],"replies":[{"embeddable":true,"href":"https:\/\/nicolefragrance.se\/hr\/wp-json\/wp\/v2\/comments?post=3303"}],"version-history":[{"count":0,"href":"https:\/\/nicolefragrance.se\/hr\/wp-json\/wp\/v2\/product\/3303\/revisions"}],"wp:featuredmedia":[{"embeddable":true,"href":"https:\/\/nicolefragrance.se\/hr\/wp-json\/wp\/v2\/media\/26363"}],"wp:attachment":[{"href":"https:\/\/nicolefragrance.se\/hr\/wp-json\/wp\/v2\/media?parent=3303"}],"wp:term":[{"taxonomy":"product_brand","embeddable":true,"href":"https:\/\/nicolefragrance.se\/hr\/wp-json\/wp\/v2\/product_brand?post=3303"},{"taxonomy":"product_cat","embeddable":true,"href":"https:\/\/nicolefragrance.se\/hr\/wp-json\/wp\/v2\/product_cat?post=3303"},{"taxonomy":"product_tag","embeddable":true,"href":"https:\/\/nicolefragrance.se\/hr\/wp-json\/wp\/v2\/product_tag?post=3303"}],"curies":[{"name":"wp","href":"https:\/\/api.w.org\/{rel}","templated":true}]}}