{"id":3291,"date":"2023-08-09T09:30:09","date_gmt":"2023-08-09T07:30:09","guid":{"rendered":"https:\/\/nicolefragrance.se\/?post_type=product&#038;p=3291"},"modified":"2025-11-07T15:38:54","modified_gmt":"2025-11-07T14:38:54","slug":"amouage-interlude-man-nicole-edp","status":"publish","type":"product","link":"https:\/\/nicolefragrance.se\/hr\/proizvod\/amouage-interlude-man-nicole-edp\/","title":{"rendered":"Nicole 3046 EDP inspiriran s Interlude Man Amouage"},"content":{"rendered":"<p><strong>Amouage Interlude Man<\/strong> je popularan mu\u0161ki parfem, predstavljen 2012. godine. Ovaj parfem inspiriran je kaosom i neredom, stvaraju\u0107i za\u010dinjenu i drvenastu aromu koja prikriva trenutak harmonije u svom srcu. Ova neodoljiva eksplozija za\u010dina obuzima du\u0161u.<\/p>\n<p>Njegov miris karakterizira dimno-za\u010dinska nota. Gornje note \u010dine origano, papar i bergamot. U srcu parfema dominira tamjan, opoponaks, amber i labdanum, a u osnovi se isti\u010du akordi ouda, ko\u017ee, sandalovine i pa\u010dulija. Projekcija i trajnost ovog parfema su iznad prosjeka, pru\u017eaju\u0107i vam dugotrajno u\u017eivanje u njegovom bogatom mirisnom do\u017eivljaju.<\/p>\n<p>Ova rasko\u0161na aroma pro\u017eeta je kompleksnim notama koje do\u010daravaju jedinstvenu simfoniju mirisa. Origano i bobi\u010dasti papar se stapaju u senzualnu igru, dok se misti\u010dan dodir tamjana i opoponaksa isprepli\u0107e sa svijetlucavim bergamotom. <strong>Amouage <\/strong><strong>Interlude Man<\/strong> je mnogo vi\u0161e od obi\u010dnog mirisa &#8211; on je do\u017eivljaj koji se odvija na ko\u017ei i \u0161iri se oko vas, stvaraju\u0107i nepogre\u0161iv utisak.<\/p>\n<p>Ovaj parfem odra\u017eava suvremenog mu\u0161karca koji cijeni jedinstvenost i dubinu. Svojom sofisticiranom notom dima i za\u010dina, Interlude Man se izdvaja kao miris koji nosi sa sobom intrigantnu misterioznost i snagu. <strong>Amouage Interlude Man<\/strong> je izbor za mu\u0161karce koji \u017eele da ostave neizbrisiv pe\u010dat svojim prisustvom i mirisom koji ostavlja bez daha.<\/p>\n","protected":false},"excerpt":{"rendered":"<p>Interlude Man je popularan mu\u0161ki parfem brenda Amouage, predstavljen 2012. godine. Njegov miris karakterizira dimno-za\u010dinska nota. Projekcija i trajnost ovog parfema su iznad prosjeka, pru\u017eaju\u0107i vam dugotrajno u\u017eivanje u njegovom bogatom mirisnom do\u017eivljaju. Amouage Interlude Man je izbor za mu\u0161karce koji \u017eele ostaviti neizbrisiv pe\u010dat svojim prisustvom i mirisom koji ostavlja bez daha.<\/p>\n","protected":false},"featured_media":26374,"comment_status":"open","ping_status":"closed","template":"","meta":{"_acf_changed":false},"product_brand":[],"product_cat":[252,187],"product_tag":[],"class_list":{"0":"post-3291","1":"product","2":"type-product","3":"status-publish","4":"has-post-thumbnail","6":"product_cat-amouage-marka","7":"product_cat-za-muskarce","9":"first","10":"instock","11":"taxable","12":"shipping-taxable","13":"purchasable","14":"product-type-variable","15":"has-default-attributes"},"acf":[],"_links":{"self":[{"href":"https:\/\/nicolefragrance.se\/hr\/wp-json\/wp\/v2\/product\/3291","targetHints":{"allow":["GET"]}}],"collection":[{"href":"https:\/\/nicolefragrance.se\/hr\/wp-json\/wp\/v2\/product"}],"about":[{"href":"https:\/\/nicolefragrance.se\/hr\/wp-json\/wp\/v2\/types\/product"}],"replies":[{"embeddable":true,"href":"https:\/\/nicolefragrance.se\/hr\/wp-json\/wp\/v2\/comments?post=3291"}],"version-history":[{"count":0,"href":"https:\/\/nicolefragrance.se\/hr\/wp-json\/wp\/v2\/product\/3291\/revisions"}],"wp:featuredmedia":[{"embeddable":true,"href":"https:\/\/nicolefragrance.se\/hr\/wp-json\/wp\/v2\/media\/26374"}],"wp:attachment":[{"href":"https:\/\/nicolefragrance.se\/hr\/wp-json\/wp\/v2\/media?parent=3291"}],"wp:term":[{"taxonomy":"product_brand","embeddable":true,"href":"https:\/\/nicolefragrance.se\/hr\/wp-json\/wp\/v2\/product_brand?post=3291"},{"taxonomy":"product_cat","embeddable":true,"href":"https:\/\/nicolefragrance.se\/hr\/wp-json\/wp\/v2\/product_cat?post=3291"},{"taxonomy":"product_tag","embeddable":true,"href":"https:\/\/nicolefragrance.se\/hr\/wp-json\/wp\/v2\/product_tag?post=3291"}],"curies":[{"name":"wp","href":"https:\/\/api.w.org\/{rel}","templated":true}]}}