{"id":3279,"date":"2023-08-09T09:23:53","date_gmt":"2023-08-09T07:23:53","guid":{"rendered":"https:\/\/nicolefragrance.se\/?post_type=product&#038;p=3279"},"modified":"2025-07-06T09:01:56","modified_gmt":"2025-07-06T07:01:56","slug":"tom-ford-noir-extreme-nicole-edp","status":"publish","type":"product","link":"https:\/\/nicolefragrance.se\/hr\/proizvod\/tom-ford-noir-extreme-nicole-edp\/","title":{"rendered":"Nicole 3045 EDP inspiriran s Noir Extreme Tom Ford"},"content":{"rendered":"<p><strong>Tom Ford Noir Extreme<\/strong> je elegantan i sofisticiran drvenasti mu\u0161ki miris, lansiran 2015. godine.\u00a0 Ovo je parfem koji na suptilan na\u010din otkriva dekadentnu stranu mu\u0161karca koji ga nosi.<\/p>\n<p>Ova parfemska kreacija donosi bogatu kombinaciju za\u010dinjenih nota i sjajnih citrusa. U vrhu parfema isti\u010du se note kardamoma, mu\u0161katnog ora\u0161\u010di\u0107a, \u0161afrana, mandarine i nerolija. U srcu ovog parfema nalazi se bogat, bar\u0161unast spoj cvjetova ru\u017ee i jasmina i cvijeta naran\u010de, dodaju\u0107i mirisu dubinu i senzualnost. Izuzetni \u0107ilibar se stapa sa sandalovinom i vanilijom za kremasti drveni zavr\u0161etak koji kompletira mirisni ugo\u0111aj.<\/p>\n<p><strong>Noir Extreme by Tom Ford<\/strong>\u00a0je miris za mu\u0161karca koji se isti\u010de svojom klasom i sofisticirano\u0161\u0107u. Savr\u0161en je za poslovne situacije u kojima istovremeno ne \u017eelite da se isti\u010dete previ\u0161e upadljivim mirisom, ali \u017eelite da ostavite dubok utisak. Tako\u0111er, zahvaljuju\u0107i svojoj toplini, ovaj parfem je dobar izbor za hladno vrijeme i zimski period.<\/p>\n<p><strong>Tom Ford Noir Extreme<\/strong> je sinonim za klasi\u010dnu eleganciju i sofisticiranost, predstavljaju\u0107i zavodljivog mu\u0161karca koji zna \u0161to \u017eeli i kako da ostvari svoje \u017eelje. Ovaj miris je suptilan izbor za modernog gospodina koji cijeni diskretan luksuz i profinjenost.<\/p>\n","protected":false},"excerpt":{"rendered":"<p>Tom Ford Noir Extreme je miris za mu\u0161karca koji se isti\u010de svojom klasom i sofisticirano\u0161\u0107u. Savr\u0161en je za poslovne situacije gdje ne \u017eelite nositi previ\u0161e upadljiv miris, ali \u017eelite ostaviti dubok utisak. Zahvaljuju\u0107i svojoj toplini, ovaj parfem je dobar izbor za hladno vrijeme i zimski period. U pitanju\u00a0je elegantan i sofisticiran miris koji otkriva dekadentnu stranu mu\u0161karca koji ga nosi.<\/p>\n","protected":false},"featured_media":26385,"comment_status":"open","ping_status":"closed","template":"","meta":{"_acf_changed":false},"product_brand":[],"product_cat":[203,187],"product_tag":[],"class_list":{"0":"post-3279","1":"product","2":"type-product","3":"status-publish","4":"has-post-thumbnail","6":"product_cat-tom-ford-marka","7":"product_cat-za-muskarce","9":"first","10":"instock","11":"taxable","12":"shipping-taxable","13":"purchasable","14":"product-type-variable","15":"has-default-attributes"},"acf":[],"_links":{"self":[{"href":"https:\/\/nicolefragrance.se\/hr\/wp-json\/wp\/v2\/product\/3279","targetHints":{"allow":["GET"]}}],"collection":[{"href":"https:\/\/nicolefragrance.se\/hr\/wp-json\/wp\/v2\/product"}],"about":[{"href":"https:\/\/nicolefragrance.se\/hr\/wp-json\/wp\/v2\/types\/product"}],"replies":[{"embeddable":true,"href":"https:\/\/nicolefragrance.se\/hr\/wp-json\/wp\/v2\/comments?post=3279"}],"version-history":[{"count":0,"href":"https:\/\/nicolefragrance.se\/hr\/wp-json\/wp\/v2\/product\/3279\/revisions"}],"wp:featuredmedia":[{"embeddable":true,"href":"https:\/\/nicolefragrance.se\/hr\/wp-json\/wp\/v2\/media\/26385"}],"wp:attachment":[{"href":"https:\/\/nicolefragrance.se\/hr\/wp-json\/wp\/v2\/media?parent=3279"}],"wp:term":[{"taxonomy":"product_brand","embeddable":true,"href":"https:\/\/nicolefragrance.se\/hr\/wp-json\/wp\/v2\/product_brand?post=3279"},{"taxonomy":"product_cat","embeddable":true,"href":"https:\/\/nicolefragrance.se\/hr\/wp-json\/wp\/v2\/product_cat?post=3279"},{"taxonomy":"product_tag","embeddable":true,"href":"https:\/\/nicolefragrance.se\/hr\/wp-json\/wp\/v2\/product_tag?post=3279"}],"curies":[{"name":"wp","href":"https:\/\/api.w.org\/{rel}","templated":true}]}}