{"id":3267,"date":"2023-08-09T09:10:23","date_gmt":"2023-08-09T07:10:23","guid":{"rendered":"https:\/\/nicolefragrance.se\/?post_type=product&#038;p=3267"},"modified":"2025-07-06T09:04:18","modified_gmt":"2025-07-06T07:04:18","slug":"tom-ford-noir-de-noir-nicole-edp","status":"publish","type":"product","link":"https:\/\/nicolefragrance.se\/hr\/proizvod\/tom-ford-noir-de-noir-nicole-edp\/","title":{"rendered":"Nicole 3044 EDP inspiriran s Noir de Noir Tom Ford"},"content":{"rendered":"<p><strong>Tom Ford Noir de Noir<\/strong> je univerzalni parfem koji o\u010darava svojom mra\u010dnom i intrigantnom notom. Ovaj miris je pravo remek-djelo koje istra\u017euje slo\u017een odnos izme\u0111u mu\u0161kosti i \u017eenstvenosti.<\/p>\n<p>Lansiran 2007. godine, ovaj parfem predstavlja kompoziciju koja igra sa kontrastima izme\u0111u bogatih \u017eenstvenih nota i mu\u017eevne dubine. Ovaj parfem je prava oda dualnosti, gdje se \u017eenstvenost i mu\u017eevnost spajaju u savr\u0161enoj harmoniji.<\/p>\n<p>Glavne note ovog parfema uklju\u010duju crnu ru\u017eu, crni tartuf, pa\u010duli, vaniliju i oud drvo.<\/p>\n<p>Noir de Noir je parfem za osobe koje se ne boje da istra\u017ee tamnu stranu svoje privla\u010dnosti. Ovaj miris je idealan za ve\u010der i posebne prilike, kada \u017eelite ostaviti neizbrisiv utisak. Noir de Noir by Tom Ford je tajanstven, seksi i hedonisti\u010dki miris.<\/p>\n<p>Osim svoje mra\u010dne arome, ovaj parfem nudi i izvanrednu postojanost. Kada ga nanesete, mo\u017eete biti sigurni da \u0107e vas pratiti tijekom cijelog dana ili ve\u010deri, \u010dine\u0107i vas neodoljivim i zapam\u0107enim.<\/p>\n<p><strong>Tom Ford Noir de Noir<\/strong> je vi\u0161e od mirisa &#8211; to je iskustvo koje istra\u017euje duboke aspekte va\u0161e li\u010dnosti. Neka vas ova mra\u010dna harmonija mirisa vodi kroz svijet strasti, tajanstva i privla\u010dnosti. Noir de Noir je izjava o individualnosti i hrabrosti da budete svoji.<\/p>\n","protected":false},"excerpt":{"rendered":"<p>Noir de Noir je parfem za osobe koje se ne boje istra\u017eivati tamnu stranu svoje privla\u010dnosti. Ovaj miris je idealan za ve\u010der i posebne prilike, kada \u017eelite ostaviti neizbrisiv utisak. Noir de Noir je tajanstven, seksi i hedonisti\u010dki miris. Osim svoje mra\u010dne arome, ovaj parfem nudi i izvanrednu postojanost. Kada ga nanesete, mo\u017eete biti sigurni da \u0107e vas pratiti tijekom cijelog dana ili ve\u010deri.<\/p>\n","protected":false},"featured_media":26396,"comment_status":"open","ping_status":"closed","template":"","meta":{"_acf_changed":false},"product_brand":[],"product_cat":[203,188,187,186],"product_tag":[],"class_list":{"0":"post-3267","1":"product","2":"type-product","3":"status-publish","4":"has-post-thumbnail","6":"product_cat-tom-ford-marka","7":"product_cat-unisex","8":"product_cat-za-muskarce","9":"product_cat-za-zene","11":"first","12":"instock","13":"taxable","14":"shipping-taxable","15":"purchasable","16":"product-type-variable","17":"has-default-attributes"},"acf":[],"_links":{"self":[{"href":"https:\/\/nicolefragrance.se\/hr\/wp-json\/wp\/v2\/product\/3267","targetHints":{"allow":["GET"]}}],"collection":[{"href":"https:\/\/nicolefragrance.se\/hr\/wp-json\/wp\/v2\/product"}],"about":[{"href":"https:\/\/nicolefragrance.se\/hr\/wp-json\/wp\/v2\/types\/product"}],"replies":[{"embeddable":true,"href":"https:\/\/nicolefragrance.se\/hr\/wp-json\/wp\/v2\/comments?post=3267"}],"version-history":[{"count":0,"href":"https:\/\/nicolefragrance.se\/hr\/wp-json\/wp\/v2\/product\/3267\/revisions"}],"wp:featuredmedia":[{"embeddable":true,"href":"https:\/\/nicolefragrance.se\/hr\/wp-json\/wp\/v2\/media\/26396"}],"wp:attachment":[{"href":"https:\/\/nicolefragrance.se\/hr\/wp-json\/wp\/v2\/media?parent=3267"}],"wp:term":[{"taxonomy":"product_brand","embeddable":true,"href":"https:\/\/nicolefragrance.se\/hr\/wp-json\/wp\/v2\/product_brand?post=3267"},{"taxonomy":"product_cat","embeddable":true,"href":"https:\/\/nicolefragrance.se\/hr\/wp-json\/wp\/v2\/product_cat?post=3267"},{"taxonomy":"product_tag","embeddable":true,"href":"https:\/\/nicolefragrance.se\/hr\/wp-json\/wp\/v2\/product_tag?post=3267"}],"curies":[{"name":"wp","href":"https:\/\/api.w.org\/{rel}","templated":true}]}}