{"id":3255,"date":"2023-08-04T12:50:37","date_gmt":"2023-08-04T10:50:37","guid":{"rendered":"https:\/\/nicolefragrance.se\/?post_type=product&#038;p=3255"},"modified":"2025-07-06T09:07:32","modified_gmt":"2025-07-06T07:07:32","slug":"gucci-guilty-absolute-nicole-edp","status":"publish","type":"product","link":"https:\/\/nicolefragrance.se\/hr\/proizvod\/gucci-guilty-absolute-nicole-edp\/","title":{"rendered":"Nicole 3043 EDP inspiriran s Guilty Absolute Gucci"},"content":{"rendered":"<p><strong>Gucci Guilty Absolute<\/strong> je orijentalno-drveni miris za mu\u0161karce, lansiran 2017. godine.<\/p>\n<p>Ovaj parfem donosi jedinstvenu kombinaciju mirisnih nota koje istovremeno izazivaju sje\u0107anje na klasi\u010dne ko\u017ene mirise iz pro\u0161losti, ali ostaju i suvremeni. Sastoji se od ko\u017enih nota u vrhu, dok srce parfema \u010dine \u010dempres i pa\u010duli, a osnova se zasniva na drvenim notama i vetiveru. Ova harmoni\u010dna mje\u0161avina ko\u017ee, drvenih nota i \u010dempresa daje parfemu suh, bogat i vrlo mu\u017eevan karakter.<\/p>\n<p><strong>Gucci Guilty Absolute<\/strong> je prava mu\u0161kost zatvorena u bo\u010dici. Ovaj mu\u0161ki parfem se smatra remek-djelom u svijetu mejnstrim parfimerije i to s razlogom. Njegova izra\u017eajnost i trajnost su impresivne, \u0161to ga \u010dini idealnim izborom za mu\u0161karce koji \u017eele da istaknu svoju jedinstvenost i samopouzdanje.<\/p>\n<p><strong>Gucci Guilty Absolute<\/strong> je kao stvoren za modernog mu\u0161karca koji \u017eivi \u017eivot punim plu\u0107ima i isti\u010de se svojim jedinstvenim stilom. Njegova izvanredna postojanost \u010dini ga idealnim izborom za sve aktivnosti, bilo da idete na posao, sastanak, ili ve\u010der u gradu. Gucci Guilty Absolute \u0107e vas pratiti i ostati sa vama, daju\u0107i vam osje\u0107aj sigurnosti i elegancije.<\/p>\n<p>Uz ovaj parfem svaki mu\u0161karac mo\u017ee nositi komadi\u0107 luksuza svakodnevno. Zato ne \u010dekajte, osvje\u017eite svoju kolekciju parfema ovim remek-djelom i istaknite se na najbolji mogu\u0107i na\u010din.<\/p>\n","protected":false},"excerpt":{"rendered":"<p>Gucci Guilty Absolute je kao stvoren za modernog mu\u0161karca koji \u017eivi \u017eivot punim plu\u0107ima i isti\u010de se svojim jedinstvenim stilom. Njegova izvanredna postojanost \u010dini ga idealnim izborom za sve aktivnosti, bilo da idete na posao, sastanak, ili ve\u010der u gradu. Gucci Guilty Absolute \u0107e vas pratiti i ostati sa vama, daju\u0107i vam osje\u0107aj sigurnosti i elegancije.<\/p>\n","protected":false},"featured_media":26407,"comment_status":"open","ping_status":"closed","template":"","meta":{"_acf_changed":false},"product_brand":[],"product_cat":[660,623],"product_tag":[],"class_list":{"0":"post-3255","1":"product","2":"type-product","3":"status-publish","4":"has-post-thumbnail","6":"product_cat-gucci-marke","7":"product_cat-for-man","9":"first","10":"instock","11":"taxable","12":"shipping-taxable","13":"purchasable","14":"product-type-variable","15":"has-default-attributes"},"acf":[],"_links":{"self":[{"href":"https:\/\/nicolefragrance.se\/hr\/wp-json\/wp\/v2\/product\/3255","targetHints":{"allow":["GET"]}}],"collection":[{"href":"https:\/\/nicolefragrance.se\/hr\/wp-json\/wp\/v2\/product"}],"about":[{"href":"https:\/\/nicolefragrance.se\/hr\/wp-json\/wp\/v2\/types\/product"}],"replies":[{"embeddable":true,"href":"https:\/\/nicolefragrance.se\/hr\/wp-json\/wp\/v2\/comments?post=3255"}],"version-history":[{"count":0,"href":"https:\/\/nicolefragrance.se\/hr\/wp-json\/wp\/v2\/product\/3255\/revisions"}],"wp:featuredmedia":[{"embeddable":true,"href":"https:\/\/nicolefragrance.se\/hr\/wp-json\/wp\/v2\/media\/26407"}],"wp:attachment":[{"href":"https:\/\/nicolefragrance.se\/hr\/wp-json\/wp\/v2\/media?parent=3255"}],"wp:term":[{"taxonomy":"product_brand","embeddable":true,"href":"https:\/\/nicolefragrance.se\/hr\/wp-json\/wp\/v2\/product_brand?post=3255"},{"taxonomy":"product_cat","embeddable":true,"href":"https:\/\/nicolefragrance.se\/hr\/wp-json\/wp\/v2\/product_cat?post=3255"},{"taxonomy":"product_tag","embeddable":true,"href":"https:\/\/nicolefragrance.se\/hr\/wp-json\/wp\/v2\/product_tag?post=3255"}],"curies":[{"name":"wp","href":"https:\/\/api.w.org\/{rel}","templated":true}]}}