{"id":3243,"date":"2023-08-04T09:27:39","date_gmt":"2023-08-04T07:27:39","guid":{"rendered":"https:\/\/nicolefragrance.se\/?post_type=product&#038;p=3243"},"modified":"2025-07-06T09:10:38","modified_gmt":"2025-07-06T07:10:38","slug":"xerjoff-1861-naxos-nicole-edp","status":"publish","type":"product","link":"https:\/\/nicolefragrance.se\/hr\/proizvod\/xerjoff-1861-naxos-nicole-edp\/","title":{"rendered":"Nicole 3042 EDP inspiriran s 1861 Naxos Xerjoff"},"content":{"rendered":"<p><strong>Xerjoff 1861 Naxos<\/strong> je univerzalni miris lansiran 2015. godine i od tada je postao prava ikona me\u0111u parfemskim entuzijastima. Ovaj miris je posebno poznat po svojoj jedinstvenoj i kompleksnoj aromi koja slavi Siciliju i njenu ljepotu, isti\u010du\u0107i njen autenti\u010dni mediteranski karakter.<\/p>\n<p>Sastav ovog parfema duboko je inspiriran Sicilijom, otokom koje odi\u0161e bogatom povije\u0161\u0107u i prirodnom ljepotom. U samom vrhu kompozicije, susre\u0107emo se sa svje\u017einom bergamota, limuna i mandarine. Ove note otvaraju miris svje\u017einom i vitalno\u0161\u0107u, kao da vas vode kroz \u0161arene sicilijanske planta\u017ee citrusa. U srcu mirisa isti\u010du se note lavande, ru\u017ee i cvijeta naran\u010de. One dodaju cvjetnu dimenziju parfemu, pru\u017eaju\u0107i mu blagu slatko\u0107u i nje\u017enost.\u00a0Baza mirisa sastoji se od pa\u010dulija, kedra i bijelog mo\u0161usa.<\/p>\n<p><strong>Xerjoff 1861 Naxos<\/strong> je parfem koji \u0107e vas odvesti na putovanje kroz Siciliju i prenijeti vam njenu autenti\u010dnu ljepotu i karakter. Ovaj miris je savr\u0161en za mu\u0161karce i \u017eene koji cijene kompleksnost i dubinu mirisa, kao i za one koji \u017eele da no\u0161enjem ovog parfema istaknu svoju sofisticiranost i eleganciju.<\/p>\n<p>Neka <strong>Xerjoff 1861 Naxos<\/strong> bude va\u0161 izbor ako tra\u017eite miris koji kombinira svje\u017einu, slatko\u0107u i dubinu u jedinstvenoj simfoniji mirisa. Osjetite duh Sicilije i njenog mediteranskog \u0161arma uz ovaj izvanredan parfem.<\/p>\n","protected":false},"excerpt":{"rendered":"<p>Xerjoff 1861 Naxos je parfem koji \u0107e vas odvesti na putovanje kroz Siciliju i prenijeti vam njenu autenti\u010dnu ljepotu i karakter. Ovaj miris je savr\u0161en za mu\u0161karce i \u017eene koji cijene kompleksnost i dubinu mirisa, kao i za one koji \u017eele no\u0161enjem ovog parfema istaknuti svoju sofisticiranost i eleganciju. Osjetite duh Sicilije i njenog mediteranskog \u0161arma uz ovaj izvanredan parfem.<\/p>\n","protected":false},"featured_media":26418,"comment_status":"open","ping_status":"closed","template":"","meta":{"_acf_changed":false},"product_brand":[],"product_cat":[188,251,187,186],"product_tag":[],"class_list":{"0":"post-3243","1":"product","2":"type-product","3":"status-publish","4":"has-post-thumbnail","6":"product_cat-unisex","7":"product_cat-xerjoff-marka","8":"product_cat-za-muskarce","9":"product_cat-za-zene","11":"first","12":"instock","13":"taxable","14":"shipping-taxable","15":"purchasable","16":"product-type-variable","17":"has-default-attributes"},"acf":[],"_links":{"self":[{"href":"https:\/\/nicolefragrance.se\/hr\/wp-json\/wp\/v2\/product\/3243","targetHints":{"allow":["GET"]}}],"collection":[{"href":"https:\/\/nicolefragrance.se\/hr\/wp-json\/wp\/v2\/product"}],"about":[{"href":"https:\/\/nicolefragrance.se\/hr\/wp-json\/wp\/v2\/types\/product"}],"replies":[{"embeddable":true,"href":"https:\/\/nicolefragrance.se\/hr\/wp-json\/wp\/v2\/comments?post=3243"}],"version-history":[{"count":0,"href":"https:\/\/nicolefragrance.se\/hr\/wp-json\/wp\/v2\/product\/3243\/revisions"}],"wp:featuredmedia":[{"embeddable":true,"href":"https:\/\/nicolefragrance.se\/hr\/wp-json\/wp\/v2\/media\/26418"}],"wp:attachment":[{"href":"https:\/\/nicolefragrance.se\/hr\/wp-json\/wp\/v2\/media?parent=3243"}],"wp:term":[{"taxonomy":"product_brand","embeddable":true,"href":"https:\/\/nicolefragrance.se\/hr\/wp-json\/wp\/v2\/product_brand?post=3243"},{"taxonomy":"product_cat","embeddable":true,"href":"https:\/\/nicolefragrance.se\/hr\/wp-json\/wp\/v2\/product_cat?post=3243"},{"taxonomy":"product_tag","embeddable":true,"href":"https:\/\/nicolefragrance.se\/hr\/wp-json\/wp\/v2\/product_tag?post=3243"}],"curies":[{"name":"wp","href":"https:\/\/api.w.org\/{rel}","templated":true}]}}