{"id":3232,"date":"2023-08-04T09:17:21","date_gmt":"2023-08-04T07:17:21","guid":{"rendered":"https:\/\/nicolefragrance.se\/?post_type=product&#038;p=3232"},"modified":"2025-07-06T09:18:34","modified_gmt":"2025-07-06T07:18:34","slug":"tom-ford-arabian-wood-nicole-edp","status":"publish","type":"product","link":"https:\/\/nicolefragrance.se\/hr\/proizvod\/tom-ford-arabian-wood-nicole-edp\/","title":{"rendered":"Nicole 3041 EDP inspiriran s Arabian Wood Tom Ford"},"content":{"rendered":"<p><strong>Tom Ford Arabian Wood<\/strong> je univerzalni parfem koji \u0107e vas odvesti na fascinantan put mirisnih \u010darolija dalekog Orijenta. Lansiran 2009. godine, Arabian Wood je dio Tom Ford Private Blend kolekcije, osobno kreirane od strane Tom Forda.<\/p>\n<p><strong>Arabian Wood<\/strong> je zavodljiva kombinacija drvenih nota sa jasnim \u0161ipro akordom. Ovaj miris pulsira toplinom drvenih tonova i rasko\u0161nih cvjetova, ostavljaju\u0107i za sobom neodoljiv trag luksuza.<\/p>\n<p><strong>Arabian Wood<\/strong>\u00a0o\u010darava osjetila bogatim cvjetnim notama, za\u010dinima, dragocijenim drvetom i egzoti\u010dnim irisom. Aromati\u010dna lavanda i galbanum dodaju da\u0161ak elegancije ovom intenzivnom mirisu. Ovo je uniseks parfem, savr\u0161en za mu\u0161karce i \u017eene koji \u017eele da se izraze kroz sofisticiran i intrigantan miris.<\/p>\n<p><strong>Arabian Wood by Tom Ford<\/strong> je mirisna avantura koja \u0107e vas odvesti na putovanje Orijentom i probuditi va\u0161a osjetila. Ovaj parfem je bogat, egzoti\u010dan i neodoljiv, idealan za posebne prilike i one koji cijene luksuz i originalnost.<\/p>\n<p>Dopustite da vas <strong>Arabian Wood<\/strong> zavede svojom \u010darolijom i dodajte da\u0161ak Orijenta svom svakodnevnom \u017eivotu.<\/p>\n","protected":false},"excerpt":{"rendered":"<p>Tom Ford Arabian Wood je mirisna avantura koja \u0107e vas odvesti na putovanje Orijentom i probuditi va\u0161a osjetila. Ovaj parfem je bogat, egzoti\u010dan i neodoljiv, idealan za posebne prilike i one koji cijene luksuz i originalnost. Ovo je uniseks parfem, savr\u0161en za mu\u0161karce i \u017eene koji \u017eele da se izraze kroz sofisticiran i intrigantan miris.<\/p>\n","protected":false},"featured_media":26429,"comment_status":"open","ping_status":"closed","template":"","meta":{"_acf_changed":false},"product_brand":[],"product_cat":[203,188,187,186],"product_tag":[],"class_list":{"0":"post-3232","1":"product","2":"type-product","3":"status-publish","4":"has-post-thumbnail","6":"product_cat-tom-ford-marka","7":"product_cat-unisex","8":"product_cat-za-muskarce","9":"product_cat-za-zene","11":"first","12":"instock","13":"taxable","14":"shipping-taxable","15":"purchasable","16":"product-type-variable","17":"has-default-attributes"},"acf":[],"_links":{"self":[{"href":"https:\/\/nicolefragrance.se\/hr\/wp-json\/wp\/v2\/product\/3232","targetHints":{"allow":["GET"]}}],"collection":[{"href":"https:\/\/nicolefragrance.se\/hr\/wp-json\/wp\/v2\/product"}],"about":[{"href":"https:\/\/nicolefragrance.se\/hr\/wp-json\/wp\/v2\/types\/product"}],"replies":[{"embeddable":true,"href":"https:\/\/nicolefragrance.se\/hr\/wp-json\/wp\/v2\/comments?post=3232"}],"version-history":[{"count":0,"href":"https:\/\/nicolefragrance.se\/hr\/wp-json\/wp\/v2\/product\/3232\/revisions"}],"wp:featuredmedia":[{"embeddable":true,"href":"https:\/\/nicolefragrance.se\/hr\/wp-json\/wp\/v2\/media\/26429"}],"wp:attachment":[{"href":"https:\/\/nicolefragrance.se\/hr\/wp-json\/wp\/v2\/media?parent=3232"}],"wp:term":[{"taxonomy":"product_brand","embeddable":true,"href":"https:\/\/nicolefragrance.se\/hr\/wp-json\/wp\/v2\/product_brand?post=3232"},{"taxonomy":"product_cat","embeddable":true,"href":"https:\/\/nicolefragrance.se\/hr\/wp-json\/wp\/v2\/product_cat?post=3232"},{"taxonomy":"product_tag","embeddable":true,"href":"https:\/\/nicolefragrance.se\/hr\/wp-json\/wp\/v2\/product_tag?post=3232"}],"curies":[{"name":"wp","href":"https:\/\/api.w.org\/{rel}","templated":true}]}}