{"id":3220,"date":"2023-08-03T14:24:11","date_gmt":"2023-08-03T12:24:11","guid":{"rendered":"https:\/\/nicolefragrance.se\/?post_type=product&#038;p=3220"},"modified":"2025-07-06T09:21:34","modified_gmt":"2025-07-06T07:21:34","slug":"dolce-gabbana-q-nicole-edp","status":"publish","type":"product","link":"https:\/\/nicolefragrance.se\/hr\/proizvod\/dolce-gabbana-q-nicole-edp\/","title":{"rendered":"Nicole 2042 EDP inspiriran s Q Dolce &#038; Gabbana"},"content":{"rendered":"<p><strong>Q by Dolce &amp; Gabbana<\/strong> je osvje\u017eavaju\u0107i i strastveni \u017eenski parfem koji donosi magneti\u010dnu privla\u010dnost. namijenjen je \u017eenama koje znaju \u0161to \u017eele. Ovaj miris je kreiran ekskluzivno za Dolce &amp; Gabbana od strane talentirane kreatorice parfema Daphne Bugey.<\/p>\n<p>Otvor parfema obasjavaju blistavi citrusni akordi sicilijanskog limuna i crvene naran\u010de, pra\u0107eni nje\u017enim laticama jasmina. <strong>Q by Dolce &amp; Gabbana<\/strong> je parfem sa vo\u0107nim i cvjetnim notama, oboga\u0107en sna\u017enom drvenom bazom. Svje\u017eina sicilijanskih limuna kombinirana sa kontrastnim slatkim i kiselim notama tre\u0161nje daje parfemu sofisticiran, ali hrabar miris.<\/p>\n<p>Ovaj parfem je predstavljen 2023. godine i od tada je postao prava senzacija. Kompozicija mirisnih nota ostavlja neodoljiv utisak i pru\u017ea osje\u0107aj samopouzdanja i strastvenosti.<\/p>\n<p>Gornje note parfema uklju\u010duju sicilijanski limun, krvavu naran\u010du i jasmin. U srednjem sloju parfema dominiraju tre\u0161nja i heliotrop, dodaju\u0107i dubinu i kompleksnost mirisu. Bazne note parfema sadr\u017ee mo\u0161us i cedar, pru\u017eaju\u0107i mu postojanost i toplinu na ko\u017ei.<\/p>\n<p><strong>Q by Dolce &amp; Gabbana<\/strong> je parfem za \u017eene koje \u017eive strastveno, znaju \u0161to \u017eele i privla\u010de pa\u017enju gdje god da se pojave. Ovaj miris je izuzetno sofisticiran, ali istovremeno hrabar i samouvjeren, isti\u010du\u0107i va\u0161u jedinstvenu li\u010dnost.<\/p>\n","protected":false},"excerpt":{"rendered":"<p>Dolce &amp; Gabbana Q je osvje\u017eavaju\u0107i i strastveni \u017eenski parfem koji donosi magneti\u010dnu privla\u010dnost. Ovo je parfem za \u017eene koje \u017eive strastveno, znaju \u0161to \u017eele i privla\u010de pa\u017enju gdje god da se pojave. Q by Dolce &amp; Gabbana je izuzetno sofisticiran, ali istovremeno hrabar i samouvjeren, isti\u010du\u0107i va\u0161u jedinstvenu li\u010dnost.<\/p>\n","protected":false},"featured_media":26440,"comment_status":"open","ping_status":"closed","template":"","meta":{"_acf_changed":false},"product_brand":[],"product_cat":[197,186],"product_tag":[],"class_list":{"0":"post-3220","1":"product","2":"type-product","3":"status-publish","4":"has-post-thumbnail","6":"product_cat-dolce-gabbana-marka","7":"product_cat-za-zene","9":"first","10":"instock","11":"taxable","12":"shipping-taxable","13":"purchasable","14":"product-type-variable","15":"has-default-attributes"},"acf":[],"_links":{"self":[{"href":"https:\/\/nicolefragrance.se\/hr\/wp-json\/wp\/v2\/product\/3220","targetHints":{"allow":["GET"]}}],"collection":[{"href":"https:\/\/nicolefragrance.se\/hr\/wp-json\/wp\/v2\/product"}],"about":[{"href":"https:\/\/nicolefragrance.se\/hr\/wp-json\/wp\/v2\/types\/product"}],"replies":[{"embeddable":true,"href":"https:\/\/nicolefragrance.se\/hr\/wp-json\/wp\/v2\/comments?post=3220"}],"version-history":[{"count":0,"href":"https:\/\/nicolefragrance.se\/hr\/wp-json\/wp\/v2\/product\/3220\/revisions"}],"wp:featuredmedia":[{"embeddable":true,"href":"https:\/\/nicolefragrance.se\/hr\/wp-json\/wp\/v2\/media\/26440"}],"wp:attachment":[{"href":"https:\/\/nicolefragrance.se\/hr\/wp-json\/wp\/v2\/media?parent=3220"}],"wp:term":[{"taxonomy":"product_brand","embeddable":true,"href":"https:\/\/nicolefragrance.se\/hr\/wp-json\/wp\/v2\/product_brand?post=3220"},{"taxonomy":"product_cat","embeddable":true,"href":"https:\/\/nicolefragrance.se\/hr\/wp-json\/wp\/v2\/product_cat?post=3220"},{"taxonomy":"product_tag","embeddable":true,"href":"https:\/\/nicolefragrance.se\/hr\/wp-json\/wp\/v2\/product_tag?post=3220"}],"curies":[{"name":"wp","href":"https:\/\/api.w.org\/{rel}","templated":true}]}}