{"id":3208,"date":"2023-08-03T14:09:30","date_gmt":"2023-08-03T12:09:30","guid":{"rendered":"https:\/\/nicolefragrance.se\/?post_type=product&#038;p=3208"},"modified":"2025-07-06T12:33:33","modified_gmt":"2025-07-06T10:33:33","slug":"prada-luna-rossa-ocean-nicole-edp","status":"publish","type":"product","link":"https:\/\/nicolefragrance.se\/hr\/proizvod\/prada-luna-rossa-ocean-nicole-edp\/","title":{"rendered":"Nicole 3040 EDP inspiriran s Luna Rossa Ocean Prada"},"content":{"rendered":"<p><strong>Prada Luna Rossa Ocean<\/strong> je osvje\u017eavaju\u0107 i mo\u0107an mu\u0161ki miris koji vas vodi na nezaboravno putovanje du\u017e obale oceana.<\/p>\n<p>Ovaj parfem se otvara svje\u017eim valom citrusnih vo\u0107nih nota koje se postepeno pretvaraju u za\u010dinsko-drvene note tamjana. Slatka vanilija dodaje senzualnu notu i ostavlja dugotrajan, kremast i topli trag na ko\u017ei. Ova kompozicija majstorski kombinira kontrastne, osvje\u017eavaju\u0107e note sa bogatim za\u010dinima.<\/p>\n<p>Iako mirisni profil nije revolucionaran, <strong>Prada Luna Rossa Ocean<\/strong> pru\u017ea nezaboravno iskustvo mirisnog putovanja.<\/p>\n<p>Pradin Luna Rossa Ocean EDP spada u kategoriju mo\u0107nih <em>Fougere<\/em>\u00a0parfema, donose\u0107i vam prirodno inspirirane, svje\u017ee i morske akorde. Ovaj parfem je kao stvoren za mu\u0161karce koji vole avanturu i putovanja.<\/p>\n<p>Prada, kao luksuzna modna ku\u0107a, donosi istu eleganciju i kvalitet u svijet parfema. <strong>Prada Luna Rossa Ocean<\/strong> je savr\u0161en izbor za sve prilike, bilo da se pripremate za va\u017ean sastanak ili romanti\u010dnu ve\u010der uz obalu.<\/p>\n<p>Zaronite u svje\u017einu oceana i osjetite mo\u0107 prirode sa Luna Rossa Ocean parfemom. Neka vas ovaj miris vodi kroz nezaboravno iskustvo mirisnih kontrasta i dubina.<\/p>\n","protected":false},"excerpt":{"rendered":"<p>Prada Luna Rossa Ocean je osvje\u017eavaju\u0107 i mo\u0107an mu\u0161ki miris koji vas vodi na nezaboravno putovanje du\u017e obale oceana. Ovaj miris je kao stvoren za mu\u0161karce koji vole avanturu i putovanja. Zaronite u svje\u017einu oceana i osjetite mo\u0107 prirode sa Luna Rossa Ocean parfemom. Neka vas ovaj miris vodi kroz nezaboravno iskustvo mirisnih kontrasta i dubina.<\/p>\n","protected":false},"featured_media":26451,"comment_status":"open","ping_status":"closed","template":"","meta":{"_acf_changed":false},"product_brand":[],"product_cat":[245,187],"product_tag":[],"class_list":{"0":"post-3208","1":"product","2":"type-product","3":"status-publish","4":"has-post-thumbnail","6":"product_cat-prada-marka","7":"product_cat-za-muskarce","9":"first","10":"instock","11":"taxable","12":"shipping-taxable","13":"purchasable","14":"product-type-variable","15":"has-default-attributes"},"acf":[],"_links":{"self":[{"href":"https:\/\/nicolefragrance.se\/hr\/wp-json\/wp\/v2\/product\/3208","targetHints":{"allow":["GET"]}}],"collection":[{"href":"https:\/\/nicolefragrance.se\/hr\/wp-json\/wp\/v2\/product"}],"about":[{"href":"https:\/\/nicolefragrance.se\/hr\/wp-json\/wp\/v2\/types\/product"}],"replies":[{"embeddable":true,"href":"https:\/\/nicolefragrance.se\/hr\/wp-json\/wp\/v2\/comments?post=3208"}],"version-history":[{"count":0,"href":"https:\/\/nicolefragrance.se\/hr\/wp-json\/wp\/v2\/product\/3208\/revisions"}],"wp:featuredmedia":[{"embeddable":true,"href":"https:\/\/nicolefragrance.se\/hr\/wp-json\/wp\/v2\/media\/26451"}],"wp:attachment":[{"href":"https:\/\/nicolefragrance.se\/hr\/wp-json\/wp\/v2\/media?parent=3208"}],"wp:term":[{"taxonomy":"product_brand","embeddable":true,"href":"https:\/\/nicolefragrance.se\/hr\/wp-json\/wp\/v2\/product_brand?post=3208"},{"taxonomy":"product_cat","embeddable":true,"href":"https:\/\/nicolefragrance.se\/hr\/wp-json\/wp\/v2\/product_cat?post=3208"},{"taxonomy":"product_tag","embeddable":true,"href":"https:\/\/nicolefragrance.se\/hr\/wp-json\/wp\/v2\/product_tag?post=3208"}],"curies":[{"name":"wp","href":"https:\/\/api.w.org\/{rel}","templated":true}]}}