{"id":3196,"date":"2023-08-02T12:34:09","date_gmt":"2023-08-02T10:34:09","guid":{"rendered":"https:\/\/nicolefragrance.se\/?post_type=product&#038;p=3196"},"modified":"2025-07-06T12:35:16","modified_gmt":"2025-07-06T10:35:16","slug":"franck-boclet-cocaine-nicole-edp","status":"publish","type":"product","link":"https:\/\/nicolefragrance.se\/hr\/proizvod\/franck-boclet-cocaine-nicole-edp\/","title":{"rendered":"Nicole 3039 EDP inspiriran s Cocaine Franck Boclet"},"content":{"rendered":"<p><strong>Franck Boclet Coca\u00efne<\/strong> je univerzalni parfem koji pru\u017ea iskustvo sun\u010danih, cvjetnih i orijentalnih nota, savr\u0161eno balansiranih kako bi privukao i \u017eene i mu\u0161karce. Ovaj miris je lansiran 2017. godine i od tada je postao simbol luksuza i senzualnosti.<\/p>\n<p>U samom otvaranju, do\u010dekati \u0107e vas topli i bogati mirisi ru\u017ei\u010dastih bobica, gorke naran\u010de, duhana i karamele. Srce mirisa je cvjetno, oboga\u0107eno notama orhideje, ljiljana i tuberoze koje unose svje\u017einu i eleganciju. Ove note daju parfemu dubinu i slo\u017eenost, isti\u010du\u0107i senzualnost u prvi plan.<\/p>\n<p>U baznim notama, nalaze se zemljane note pa\u010dulija, slatke vanilije i egzoti\u010dnog monoija, stvaraju\u0107i orijentalnu harmoniju mirisa. Ova kombinacija nota \u010dini <strong>Franck Boclet Coca\u00efne<\/strong> potpuno zaraznim mirisom koji \u0107e vas osvojiti.<\/p>\n<p>Jedna od impresivnih karakteristika ovog mirisa je njegova projekcija i dugotrajnost. Coca\u00efne se isti\u010de se po izvanrednoj projekciji koja \u0107e vas pratiti tijekom dana ili ve\u010deri, a njegova postojanost je tako\u0111er iznad prosjeka, obezbe\u0111uju\u0107i da se ovaj miris osje\u0107a satima nakon nano\u0161enja.<\/p>\n<p>Ukoliko tra\u017eite parfem koji \u0107e vas odvesti na putovanje sun\u010danim i egzoti\u010dnim destinacijama, Coca\u00efne je idealan izbor. Ovaj miris je simbol luksuza, senzualnosti i svega \u0161to je prefinjeno.<\/p>\n<p>U\u017eivajte u svijetu <strong>Franck Boclet Coca\u00efne<\/strong> i dozvolite da vas njegova toplina i egzotika obuzmu.<\/p>\n","protected":false},"excerpt":{"rendered":"<p>Franck Boclet Coca\u00efne je univerzalni parfem koji pru\u017ea iskustvo sun\u010danih, cvjetnih i orijentalnih nota, savr\u0161eno balansiranih kako bi privukao i \u017eene i mu\u0161karce. Jedna od impresivnih karakteristika ovog mirisa je njegova projekcija i dugotrajnost. Ukoliko tra\u017eite parfem koji \u0107e vas odvesti na putovanje sun\u010danim i egzoti\u010dnim destinacijama, Coca\u00efne je idealan izbor. Ovaj miris je simbol luksuza, senzualnosti i svega \u0161to je profinjeno.<\/p>\n","protected":false},"featured_media":26463,"comment_status":"open","ping_status":"closed","template":"","meta":{"_acf_changed":false},"product_brand":[],"product_cat":[250,188,187,186],"product_tag":[],"class_list":{"0":"post-3196","1":"product","2":"type-product","3":"status-publish","4":"has-post-thumbnail","6":"product_cat-franck-boclet-marka","7":"product_cat-unisex","8":"product_cat-za-muskarce","9":"product_cat-za-zene","11":"first","12":"instock","13":"sale","14":"taxable","15":"shipping-taxable","16":"purchasable","17":"product-type-variable","18":"has-default-attributes"},"acf":[],"_links":{"self":[{"href":"https:\/\/nicolefragrance.se\/hr\/wp-json\/wp\/v2\/product\/3196","targetHints":{"allow":["GET"]}}],"collection":[{"href":"https:\/\/nicolefragrance.se\/hr\/wp-json\/wp\/v2\/product"}],"about":[{"href":"https:\/\/nicolefragrance.se\/hr\/wp-json\/wp\/v2\/types\/product"}],"replies":[{"embeddable":true,"href":"https:\/\/nicolefragrance.se\/hr\/wp-json\/wp\/v2\/comments?post=3196"}],"version-history":[{"count":0,"href":"https:\/\/nicolefragrance.se\/hr\/wp-json\/wp\/v2\/product\/3196\/revisions"}],"wp:featuredmedia":[{"embeddable":true,"href":"https:\/\/nicolefragrance.se\/hr\/wp-json\/wp\/v2\/media\/26463"}],"wp:attachment":[{"href":"https:\/\/nicolefragrance.se\/hr\/wp-json\/wp\/v2\/media?parent=3196"}],"wp:term":[{"taxonomy":"product_brand","embeddable":true,"href":"https:\/\/nicolefragrance.se\/hr\/wp-json\/wp\/v2\/product_brand?post=3196"},{"taxonomy":"product_cat","embeddable":true,"href":"https:\/\/nicolefragrance.se\/hr\/wp-json\/wp\/v2\/product_cat?post=3196"},{"taxonomy":"product_tag","embeddable":true,"href":"https:\/\/nicolefragrance.se\/hr\/wp-json\/wp\/v2\/product_tag?post=3196"}],"curies":[{"name":"wp","href":"https:\/\/api.w.org\/{rel}","templated":true}]}}