{"id":3184,"date":"2023-08-02T12:15:06","date_gmt":"2023-08-02T10:15:06","guid":{"rendered":"https:\/\/nicolefragrance.se\/?post_type=product&#038;p=3184"},"modified":"2025-07-06T12:37:19","modified_gmt":"2025-07-06T10:37:19","slug":"creed-aventus-for-her-nicole-edp","status":"publish","type":"product","link":"https:\/\/nicolefragrance.se\/hr\/proizvod\/creed-aventus-for-her-nicole-edp\/","title":{"rendered":"Nicole 2041 EDP inspiriran s Aventus For Her Creed"},"content":{"rendered":"<p><strong>Creed Aventus For Her<\/strong> je \u017eenski parfem koji donosi svje\u017eu i vo\u0107no-cvjetnu harmoniju, predstavljaju\u0107i \u017eenski pandan legendarnom mu\u0161kom parfemu Aventus. Ovaj parfem vas vodi na putovanje mirisnih kontrasta i sofisticirane \u017eenstvenosti.<\/p>\n<p>Otvorite svoj dan notama svje\u017ee zelene jabuke, aromati\u010dnog ru\u017ei\u010dastog papra i osvje\u017eavaju\u0107e bergamot naran\u010de. Citrusne i vo\u0107ne note ovog parfema postepeno se razvijaju u cvjetni sr\u010dani akord sa notama ru\u017ee, ljiljana i ilang-ilanga. To su note koje odi\u0161u svje\u017einom i sofisticiranim cvjetnim bogatstvom.<\/p>\n<p>Gornje note uklju\u010duju zelenu jabuku, pa\u010duli, bergamot, limun, ljubi\u010dicu i ru\u017ei\u010dasti papar. Srednje note dodaju cvjetni ton sa ru\u017eom i mo\u0161usom. Ovi mirisi postepeno prelaze u duboke note sandalovine, mo\u0161usa i storaksa, stvaraju\u0107i toplu i senzualnu osnovu parfema.<\/p>\n<p><strong>Creed\u00a0 Aventus for Her<\/strong> je parfem koji traje i do 10-12 sati na ko\u017ei, na odje\u0107i i oko vas. Ovaj parfem predstavlja hrabru i samouvjerenu \u017eenu koja zra\u010di sofisticiranim \u0161armom.<\/p>\n<p>Kreiran 2016. godine <strong>Creed Aventus for Her<\/strong> je \u017eenstvena kompozicija koja odra\u017eava snagu, samopouzdanje i neodoljivu privla\u010dnost moderne \u017eene.<\/p>\n","protected":false},"excerpt":{"rendered":"<p>Creed Aventus For Her je \u017eenski parfem koji donosi svje\u017eu i vo\u0107no-cvjetnu harmoniju, predstavljaju\u0107i \u017eenski pandan legendarnom mu\u0161kom parfemu Aventus. Kreiran 2016. godine Creed Aventus for Her je \u017eenstvena kompozicija koja odra\u017eava snagu, samopouzdanje i neodoljivu privla\u010dnost moderne \u017eene. Ovaj parfem predstavlja hrabru i samouvjerenu \u017eenu koja zra\u010di sofisticiranim \u0161armom.<\/p>\n","protected":false},"featured_media":26474,"comment_status":"open","ping_status":"closed","template":"","meta":{"_acf_changed":false},"product_brand":[],"product_cat":[234,186],"product_tag":[],"class_list":{"0":"post-3184","1":"product","2":"type-product","3":"status-publish","4":"has-post-thumbnail","6":"product_cat-creed-marka","7":"product_cat-za-zene","9":"first","10":"instock","11":"taxable","12":"shipping-taxable","13":"purchasable","14":"product-type-variable","15":"has-default-attributes"},"acf":[],"_links":{"self":[{"href":"https:\/\/nicolefragrance.se\/hr\/wp-json\/wp\/v2\/product\/3184","targetHints":{"allow":["GET"]}}],"collection":[{"href":"https:\/\/nicolefragrance.se\/hr\/wp-json\/wp\/v2\/product"}],"about":[{"href":"https:\/\/nicolefragrance.se\/hr\/wp-json\/wp\/v2\/types\/product"}],"replies":[{"embeddable":true,"href":"https:\/\/nicolefragrance.se\/hr\/wp-json\/wp\/v2\/comments?post=3184"}],"version-history":[{"count":0,"href":"https:\/\/nicolefragrance.se\/hr\/wp-json\/wp\/v2\/product\/3184\/revisions"}],"wp:featuredmedia":[{"embeddable":true,"href":"https:\/\/nicolefragrance.se\/hr\/wp-json\/wp\/v2\/media\/26474"}],"wp:attachment":[{"href":"https:\/\/nicolefragrance.se\/hr\/wp-json\/wp\/v2\/media?parent=3184"}],"wp:term":[{"taxonomy":"product_brand","embeddable":true,"href":"https:\/\/nicolefragrance.se\/hr\/wp-json\/wp\/v2\/product_brand?post=3184"},{"taxonomy":"product_cat","embeddable":true,"href":"https:\/\/nicolefragrance.se\/hr\/wp-json\/wp\/v2\/product_cat?post=3184"},{"taxonomy":"product_tag","embeddable":true,"href":"https:\/\/nicolefragrance.se\/hr\/wp-json\/wp\/v2\/product_tag?post=3184"}],"curies":[{"name":"wp","href":"https:\/\/api.w.org\/{rel}","templated":true}]}}