{"id":3172,"date":"2023-08-02T11:41:32","date_gmt":"2023-08-02T09:41:32","guid":{"rendered":"https:\/\/nicolefragrance.se\/?post_type=product&#038;p=3172"},"modified":"2025-07-06T12:39:04","modified_gmt":"2025-07-06T10:39:04","slug":"shiseido-zen-nicole-edp","status":"publish","type":"product","link":"https:\/\/nicolefragrance.se\/hr\/proizvod\/shiseido-zen-nicole-edp\/","title":{"rendered":"Nicole 2040 EDP inspiriran s Zen Shiseido"},"content":{"rendered":"<p><strong>Shiseido Zen<\/strong> predstavlja cvjetno-drveni parfem namijenjen \u017eenama. Lansiran je 2007. godine, a kreator ovog mirisa je Michel Almairac.<\/p>\n<p>Ovaj parfem otvara svoje srce sa osvje\u017eavaju\u0107im notama ananasa, bergamota, ru\u017ee, naran\u010de i grejpfruta. U srcu mirisa osje\u0107aju se topli i senzualni tonovi crvene jabuke, lotosa, hijacinta, gardenije, ljiljana, ljubi\u010dice, irisa i frezije. Ovaj \u017eenski miris kombinira gornje note plave ru\u017ee i citrusa, srednje note frezije i ljubi\u010dice i bazne note ambera, pa\u010dulija i bijelog mo\u0161usa.<\/p>\n<p>Kombinacija ovih sastojaka ostavlja nje\u017ean trag na ko\u017ei i pru\u017ea trajnost mirisu tijekom dana. Zen prenosi slatko\u0107u i \u017eenstvenost u novom, modernom jeziku.<\/p>\n<p><strong>Shiseido Zen<\/strong> je vi\u0161e od mirisa &#8211; to je iskustvo koje vas vodi na putovanje kroz mirisne note i emocije. Svojom sofisticiranom i kompleksnom aromom, ovo je parfem za \u017eenu koja cijeni dubinu i suptilnost.<\/p>\n<p><strong>Shiseido Zen<\/strong> je miris koji \u0107e vas pratiti kroz sve trenutke \u017eivota, od posebnih prilika do svakodnevnih avantura. Njegova mje\u0161avina svje\u017eine, cvjetnih akorda i dubokih drvenih nota \u010dini ga svestranim izborom za svaku priliku. Ovo je miris koji \u0107e odisati elegancijom i samopouzdanjem, isti\u010du\u0107i va\u0161u jedinstvenu ljepotu.<\/p>\n<p>Zen nije samo miris, ve\u0107 izjava o stilu i na\u010dinu \u017eivota &#8211; simbol harmonije izme\u0111u prirode i duha.<\/p>\n","protected":false},"excerpt":{"rendered":"<p>Shiseido Zen je miris koji \u0107e vas pratiti kroz sve trenutke \u017eivota, od posebnih prilika do svakodnevnih avantura. Njegova mje\u0161avina svje\u017eine, cvjetnih akorda i dubokih drvenih nota \u010dini ga svestranim izborom za svaku priliku. Ovo je miris koji \u0107e odisati elegancijom i samopouzdanjem, isti\u010du\u0107i va\u0161u jedinstvenost.<\/p>\n","protected":false},"featured_media":26485,"comment_status":"open","ping_status":"closed","template":"","meta":{"_acf_changed":false},"product_brand":[],"product_cat":[249,186],"product_tag":[],"class_list":{"0":"post-3172","1":"product","2":"type-product","3":"status-publish","4":"has-post-thumbnail","6":"product_cat-shiseido-marka","7":"product_cat-za-zene","9":"first","10":"instock","11":"sale","12":"taxable","13":"shipping-taxable","14":"purchasable","15":"product-type-variable","16":"has-default-attributes"},"acf":[],"_links":{"self":[{"href":"https:\/\/nicolefragrance.se\/hr\/wp-json\/wp\/v2\/product\/3172","targetHints":{"allow":["GET"]}}],"collection":[{"href":"https:\/\/nicolefragrance.se\/hr\/wp-json\/wp\/v2\/product"}],"about":[{"href":"https:\/\/nicolefragrance.se\/hr\/wp-json\/wp\/v2\/types\/product"}],"replies":[{"embeddable":true,"href":"https:\/\/nicolefragrance.se\/hr\/wp-json\/wp\/v2\/comments?post=3172"}],"version-history":[{"count":0,"href":"https:\/\/nicolefragrance.se\/hr\/wp-json\/wp\/v2\/product\/3172\/revisions"}],"wp:featuredmedia":[{"embeddable":true,"href":"https:\/\/nicolefragrance.se\/hr\/wp-json\/wp\/v2\/media\/26485"}],"wp:attachment":[{"href":"https:\/\/nicolefragrance.se\/hr\/wp-json\/wp\/v2\/media?parent=3172"}],"wp:term":[{"taxonomy":"product_brand","embeddable":true,"href":"https:\/\/nicolefragrance.se\/hr\/wp-json\/wp\/v2\/product_brand?post=3172"},{"taxonomy":"product_cat","embeddable":true,"href":"https:\/\/nicolefragrance.se\/hr\/wp-json\/wp\/v2\/product_cat?post=3172"},{"taxonomy":"product_tag","embeddable":true,"href":"https:\/\/nicolefragrance.se\/hr\/wp-json\/wp\/v2\/product_tag?post=3172"}],"curies":[{"name":"wp","href":"https:\/\/api.w.org\/{rel}","templated":true}]}}