{"id":3160,"date":"2023-07-27T09:10:28","date_gmt":"2023-07-27T07:10:28","guid":{"rendered":"https:\/\/nicolefragrance.se\/?post_type=product&#038;p=3160"},"modified":"2025-07-06T12:42:25","modified_gmt":"2025-07-06T10:42:25","slug":"profumum-roma-acqua-di-sale-nicole-edp","status":"publish","type":"product","link":"https:\/\/nicolefragrance.se\/hr\/proizvod\/profumum-roma-acqua-di-sale-nicole-edp\/","title":{"rendered":"Nicole 3038 EDP inspiriran s Acqua di Sale Profumum Roma"},"content":{"rendered":"<p><strong>Profumum Roma Acqua di Sale<\/strong> je univerzalni parfem koji vas vodi na nezaboravno putovanje morima. Ovaj miris, lansiran 1996. godine, nosi ime koje na italijanskom zna\u010di &#8220;morska sol&#8221;.<\/p>\n<p>Ovaj parfem pogodan je kako za \u017eene tako i za mu\u0161karce, a njegova svje\u017eina i jedinstvenost \u0107e privu\u0107i sve ljubitelje mirisa mora. Acqua di Sale po\u010dinje gornjim notama kedra i akvati\u010dnih nota, koje vas odmah nose na obalu mora.<\/p>\n<p>Glavna karakteristika ovog mirisa je njegova svje\u017eina, kao da ste upravo iza\u0161li iz mora i na va\u0161oj ko\u017ei ostala nota soli. Projekcija i postojanost ovog parfema su iznad prosjeka, \u0161to zna\u010di da \u0107ete u\u017eivati u njegovoj mirisnoj magiji tijekom \u010ditavog dana.<\/p>\n<p><strong>Profumum Roma Acqua di Sale<\/strong> je opu\u0161toju\u0107i i osvje\u017eavaju\u0107i miris koji \u0107e vas podsjetiti na miris morske obale, svje\u017eeg povjetarca i sun\u010danih dana na pla\u017ei. On je druga\u010diji od ve\u0107ine parfema na tr\u017ei\u0161tu i nudi pravu esenciju morskog mirisa.<\/p>\n<p>Osim svoje svje\u017eine, ovaj miris ima i senzualnu i privla\u010dnu notu koja \u0107e vas osvojiti. Kvaliteta sirovih sastojaka i visoka koncentracija parfema garantiraju da \u0107e miris dugo trajati na va\u0161oj ko\u017ei.<\/p>\n","protected":false},"excerpt":{"rendered":"<p>Profumum Roma Acqua di Sale je opu\u0161taju\u0107i i osvje\u017eavaju\u0107i miris koji \u0107e vas podsjetiti na miris morske obale, svje\u017eeg povjetarca i sun\u010danih dana na pla\u017ei. On je druga\u010diji od ve\u0107ine parfema na tr\u017ei\u0161tu i nudi pravu esenciju morskog mirisa. Osim svoje svje\u017eine, ima i senzualnu notu koja \u0107e vas osvojiti. Kvaliteta sirovih sastojaka i visoka koncentracija parfema garantiraju da \u0107e miris dugo trajati na va\u0161oj ko\u017ei.<\/p>\n","protected":false},"featured_media":26496,"comment_status":"open","ping_status":"closed","template":"","meta":{"_acf_changed":false},"product_brand":[],"product_cat":[248,188,187,186],"product_tag":[],"class_list":{"0":"post-3160","1":"product","2":"type-product","3":"status-publish","4":"has-post-thumbnail","6":"product_cat-profumum-roma-marka","7":"product_cat-unisex","8":"product_cat-za-muskarce","9":"product_cat-za-zene","11":"first","12":"instock","13":"taxable","14":"shipping-taxable","15":"purchasable","16":"product-type-variable","17":"has-default-attributes"},"acf":[],"_links":{"self":[{"href":"https:\/\/nicolefragrance.se\/hr\/wp-json\/wp\/v2\/product\/3160","targetHints":{"allow":["GET"]}}],"collection":[{"href":"https:\/\/nicolefragrance.se\/hr\/wp-json\/wp\/v2\/product"}],"about":[{"href":"https:\/\/nicolefragrance.se\/hr\/wp-json\/wp\/v2\/types\/product"}],"replies":[{"embeddable":true,"href":"https:\/\/nicolefragrance.se\/hr\/wp-json\/wp\/v2\/comments?post=3160"}],"version-history":[{"count":0,"href":"https:\/\/nicolefragrance.se\/hr\/wp-json\/wp\/v2\/product\/3160\/revisions"}],"wp:featuredmedia":[{"embeddable":true,"href":"https:\/\/nicolefragrance.se\/hr\/wp-json\/wp\/v2\/media\/26496"}],"wp:attachment":[{"href":"https:\/\/nicolefragrance.se\/hr\/wp-json\/wp\/v2\/media?parent=3160"}],"wp:term":[{"taxonomy":"product_brand","embeddable":true,"href":"https:\/\/nicolefragrance.se\/hr\/wp-json\/wp\/v2\/product_brand?post=3160"},{"taxonomy":"product_cat","embeddable":true,"href":"https:\/\/nicolefragrance.se\/hr\/wp-json\/wp\/v2\/product_cat?post=3160"},{"taxonomy":"product_tag","embeddable":true,"href":"https:\/\/nicolefragrance.se\/hr\/wp-json\/wp\/v2\/product_tag?post=3160"}],"curies":[{"name":"wp","href":"https:\/\/api.w.org\/{rel}","templated":true}]}}