{"id":3136,"date":"2023-07-27T08:46:07","date_gmt":"2023-07-27T06:46:07","guid":{"rendered":"https:\/\/nicolefragrance.se\/?post_type=product&#038;p=3136"},"modified":"2025-07-07T07:24:38","modified_gmt":"2025-07-07T05:24:38","slug":"versace-pour-homme-dylan-blue-nicole-edp","status":"publish","type":"product","link":"https:\/\/nicolefragrance.se\/hr\/proizvod\/versace-pour-homme-dylan-blue-nicole-edp\/","title":{"rendered":"Nicole 3036 EDP inspiriran s Dylan Blue Versace"},"content":{"rendered":"<p><strong>Versace Pour Homme Dylan Blue <\/strong>predstavlja savr\u0161enstvo mu\u0161kog mirisa u \u017eanru aromati\u010dnog fu\u017eera. Lansiran 2016. godine, ovaj parfem je vrhunski spoj drvenih nota papirusa i crnog papra sa aromati\u010dnim notama kalabrijskog bergamota i grejpfruta.<\/p>\n<p><strong>Versace Dylan Blue<\/strong> je miris koji hrabro kombinira osvje\u017eavaju\u0107e note bergamota i grejpfruta sa intenzivnim ambroksom, crnim paparom, papirusovim drvetom i tamjanom, za\u010dinjen mineralnim mo\u0161usom, tonka zrnima i \u0161afranom.<\/p>\n<p>Ova kombinacija \u010dini da <strong>Versace Dylan Blue<\/strong> bude hrabar i samopouzdan miris koji istovremeno ne optere\u0107uje osjetila. Miris se otvara svje\u017eim i citrusnim notama, ali ubrzo prelazi u dublje i slo\u017eenije faze sa drvenastim i za\u010dinskim tonovima, ostavljaju\u0107i za sobom zavodljiv trag.<\/p>\n<p><strong>Versace Pour Homme Dylan Blue<\/strong> je idealan izbor za moderne mu\u0161karce koji te\u017ee da istaknu svoj sofisticiran ukus i karizmu. Ovaj miris predstavlja savr\u0161en spoj svje\u017eine, snage i elegancije, \u010dine\u0107i vas spremnim da osvojite svaku priliku.<\/p>\n<p>Neka Dylan Blue bude va\u0161a tajna za samopouzdanje i privla\u010dnost koja \u0107e vas pratiti tijekom cijelog dana.<\/p>\n<p>Zaplovite mirisnim vodama <strong>Dylan Blue<\/strong> parfema i do\u017eivite nepogre\u0161ivu i beskompromisnu mu\u0161kost u svom punom sjaju.<\/p>\n","protected":false},"excerpt":{"rendered":"<p>Versace Pour Homme Dylan Blue je idealan izbor za moderne mu\u0161karce koji te\u017ee da istaknu svoj sofisticiran ukus i karizmu. Ovaj miris predstavlja savr\u0161en spoj svje\u017eine, snage i elegancije, \u010dine\u0107i vas spremnim da osvojite svaku priliku. Neka Dylan Blue bude va\u0161a tajna za samopouzdanje i privla\u010dnost koja \u0107e vas pratiti tijekom cijelog dana.<\/p>\n","protected":false},"featured_media":26519,"comment_status":"open","ping_status":"closed","template":"","meta":{"_acf_changed":false},"product_brand":[],"product_cat":[665,623],"product_tag":[],"class_list":{"0":"post-3136","1":"product","2":"type-product","3":"status-publish","4":"has-post-thumbnail","6":"product_cat-versace-marke","7":"product_cat-for-man","9":"first","10":"instock","11":"taxable","12":"shipping-taxable","13":"purchasable","14":"product-type-variable","15":"has-default-attributes"},"acf":[],"_links":{"self":[{"href":"https:\/\/nicolefragrance.se\/hr\/wp-json\/wp\/v2\/product\/3136","targetHints":{"allow":["GET"]}}],"collection":[{"href":"https:\/\/nicolefragrance.se\/hr\/wp-json\/wp\/v2\/product"}],"about":[{"href":"https:\/\/nicolefragrance.se\/hr\/wp-json\/wp\/v2\/types\/product"}],"replies":[{"embeddable":true,"href":"https:\/\/nicolefragrance.se\/hr\/wp-json\/wp\/v2\/comments?post=3136"}],"version-history":[{"count":0,"href":"https:\/\/nicolefragrance.se\/hr\/wp-json\/wp\/v2\/product\/3136\/revisions"}],"wp:featuredmedia":[{"embeddable":true,"href":"https:\/\/nicolefragrance.se\/hr\/wp-json\/wp\/v2\/media\/26519"}],"wp:attachment":[{"href":"https:\/\/nicolefragrance.se\/hr\/wp-json\/wp\/v2\/media?parent=3136"}],"wp:term":[{"taxonomy":"product_brand","embeddable":true,"href":"https:\/\/nicolefragrance.se\/hr\/wp-json\/wp\/v2\/product_brand?post=3136"},{"taxonomy":"product_cat","embeddable":true,"href":"https:\/\/nicolefragrance.se\/hr\/wp-json\/wp\/v2\/product_cat?post=3136"},{"taxonomy":"product_tag","embeddable":true,"href":"https:\/\/nicolefragrance.se\/hr\/wp-json\/wp\/v2\/product_tag?post=3136"}],"curies":[{"name":"wp","href":"https:\/\/api.w.org\/{rel}","templated":true}]}}