{"id":3124,"date":"2023-07-27T08:19:41","date_gmt":"2023-07-27T06:19:41","guid":{"rendered":"https:\/\/nicolefragrance.se\/?post_type=product&#038;p=3124"},"modified":"2025-07-07T07:28:24","modified_gmt":"2025-07-07T05:28:24","slug":"kilian-good-girl-gone-bad-nicole-edp","status":"publish","type":"product","link":"https:\/\/nicolefragrance.se\/hr\/proizvod\/kilian-good-girl-gone-bad-nicole-edp\/","title":{"rendered":"Nicole 2039 EDP inspiriran s Good Girl Gone Bad Kilian"},"content":{"rendered":"<p><strong>Good Girl Gone Bad by Kilian<\/strong> je \u017eenski miris lansiran 2012. godine i od tada je osvojio srca mnogih \u017eena \u0161irom svijeta.<\/p>\n<p>Ovaj miris je neodoljiva kombinacija cvjetnih i vo\u0107nih nota, stvaraju\u0107i jedinstveni mirisni do\u017eivljaj koji \u0107e vas osvojiti svojom kompleksno\u0161\u0107u.<\/p>\n<p>Parfem Good Girl Gone Bad je kao vrtna oaza u kojoj se cvjetne latice vijore poput zavodljivih zvijezda. Ovaj miris balansira izme\u0111u nevinosti i razuzdanosti. Slatko\u0107a osmantusa, med od ru\u017ee i cvijet naran\u010de stvaraju nje\u017enu i o\u010daravaju\u0107u mirisnu harmoniju, podr\u017eanu eksplozijom tri cvijeta: tuberoze, jasmina i narcisa.<\/p>\n<p><strong>Good Girl Gone Bad by Kilian<\/strong> je miris savr\u0161en za \u017eenstvene i posebne trenutke. On \u0107e ista\u0107i va\u0161u jedinstvenost i dodati notu luksuza svakom outfit-u. Ovaj blag i nenametljiv miris traje dugo na ko\u017ei, pru\u017eaju\u0107i vam neodoljivu prisutnost gdje god da se pojavite.<\/p>\n<p>Osjetite eksploziju neodoljive \u017eenstvenosti uz <strong>Good Girl Gone Bad<\/strong>\u00a0i dopustite da vas odvede u carstvo osjetilnih mirisa.<\/p>\n","protected":false},"excerpt":{"rendered":"<p>Good Girl Gone Bad by Kilian je miris savr\u0161en za \u017eenstvene i posebne trenutke. Ovo je parfem koji \u0107e ista\u0107i va\u0161u jedinstvenost i dodati notu luksuza svakom outfit-u. Blag i nenametljiv miris traje dugo na ko\u017ei, pru\u017eaju\u0107i vam neodoljivu prisutnost gdje god da se pojavite. Osjetite eksploziju neodoljive \u017eenstvenosti uz Good Girl Gone Bad\u00a0i dopustite da vas odvede u carstvo osjetilnih mirisa.<\/p>\n","protected":false},"featured_media":26530,"comment_status":"open","ping_status":"closed","template":"","meta":{"_acf_changed":false},"product_brand":[],"product_cat":[190,186],"product_tag":[],"class_list":{"0":"post-3124","1":"product","2":"type-product","3":"status-publish","4":"has-post-thumbnail","6":"product_cat-kilian-marka","7":"product_cat-za-zene","9":"first","10":"instock","11":"sale","12":"taxable","13":"shipping-taxable","14":"purchasable","15":"product-type-variable","16":"has-default-attributes"},"acf":[],"_links":{"self":[{"href":"https:\/\/nicolefragrance.se\/hr\/wp-json\/wp\/v2\/product\/3124","targetHints":{"allow":["GET"]}}],"collection":[{"href":"https:\/\/nicolefragrance.se\/hr\/wp-json\/wp\/v2\/product"}],"about":[{"href":"https:\/\/nicolefragrance.se\/hr\/wp-json\/wp\/v2\/types\/product"}],"replies":[{"embeddable":true,"href":"https:\/\/nicolefragrance.se\/hr\/wp-json\/wp\/v2\/comments?post=3124"}],"version-history":[{"count":0,"href":"https:\/\/nicolefragrance.se\/hr\/wp-json\/wp\/v2\/product\/3124\/revisions"}],"wp:featuredmedia":[{"embeddable":true,"href":"https:\/\/nicolefragrance.se\/hr\/wp-json\/wp\/v2\/media\/26530"}],"wp:attachment":[{"href":"https:\/\/nicolefragrance.se\/hr\/wp-json\/wp\/v2\/media?parent=3124"}],"wp:term":[{"taxonomy":"product_brand","embeddable":true,"href":"https:\/\/nicolefragrance.se\/hr\/wp-json\/wp\/v2\/product_brand?post=3124"},{"taxonomy":"product_cat","embeddable":true,"href":"https:\/\/nicolefragrance.se\/hr\/wp-json\/wp\/v2\/product_cat?post=3124"},{"taxonomy":"product_tag","embeddable":true,"href":"https:\/\/nicolefragrance.se\/hr\/wp-json\/wp\/v2\/product_tag?post=3124"}],"curies":[{"name":"wp","href":"https:\/\/api.w.org\/{rel}","templated":true}]}}