{"id":31223,"date":"2025-10-20T21:41:08","date_gmt":"2025-10-20T19:41:08","guid":{"rendered":"https:\/\/nicolefragrance.se\/?post_type=product&#038;p=31223"},"modified":"2026-02-19T17:52:23","modified_gmt":"2026-02-19T16:52:23","slug":"stronger-with-you-sandalwood-giorgio-armani","status":"publish","type":"product","link":"https:\/\/nicolefragrance.se\/hr\/proizvod\/stronger-with-you-sandalwood-giorgio-armani\/","title":{"rendered":"Nicole 3107 EDP inspiriran s Stronger With You Sandalwood Giorgio Armani"},"content":{"rendered":"<h2 data-start=\"0\" data-end=\"76\"><strong data-start=\"0\" data-end=\"74\">Nicole 3107 EDP inspiriran Stronger With You Sandalwood Giorgio Armani<\/strong><\/h2>\n<h3 data-start=\"78\" data-end=\"97\"><strong data-start=\"78\" data-end=\"95\">Mirisne note:<\/strong><\/h3>\n<p data-start=\"99\" data-end=\"248\">\u2726 <strong data-start=\"101\" data-end=\"117\">Gornje note:<\/strong> \u0161afran<br data-start=\"142\" data-end=\"145\" \/>\u2726 <strong data-start=\"147\" data-end=\"164\">Srednje note:<\/strong> lavanda, kesten<br data-start=\"197\" data-end=\"200\" \/>\u2726 <strong data-start=\"202\" data-end=\"217\">Donje note:<\/strong> sandalovina, cedar, vanilija<\/p>\n<hr data-start=\"2118\" data-end=\"2121\" \/>\n<p>&nbsp;<\/p>\n<h3 data-start=\"250\" data-end=\"268\"><strong data-start=\"250\" data-end=\"266\">Opis parfema<\/strong><\/h3>\n<p data-start=\"128\" data-end=\"675\">Nicole 3107 EDP inspiriran je parfemom Stronger With You Sandalwood Giorgio Armani. Otvara se iznimno vibrantnom i rasko\u0161nom notom \u0161afrana. \u0160afran, poznat kao crveno zlato parfumerije, mirisu daje trenuta\u010dnu za\u010dinsku izra\u017eajnost pro\u017eetu diskretnim ko\u017enim podtonovima, \u010dine\u0107i uvod blistavim i upe\u010datljivim. Ve\u0107 u prvom dojmu stvara osje\u0107aj vrhunskog presti\u017ea i besprijekornog stila, donose\u0107i sna\u017ean dojam unutarnje sigurnosti koji najavljuje kompleksno, bar\u0161unasto srce \u0161to se postupno razvija na ko\u017ei i evocira autenti\u010dni luksuz.<\/p>\n<p data-start=\"679\" data-end=\"1167\">Kako se kompozicija razvija, u srcu se otkriva profinjena i zavodljiva fuzija aromati\u010dne lavande i pe\u010denog kestena. Lavanda unosi klasi\u010dnu eleganciju i \u010disto\u0107u, dok pe\u010deni kesten dodaje prepoznatljivu gurmansku toplinu i suptilno dimljenu teksturu koja srce \u010dini slojevitim i neodoljivo privla\u010dnim. Ova faza zra\u010di skladom i odmjerenim stilom, stvaraju\u0107i dojam mirisne aure koja je istodobno nje\u017ena i autoritativna, ostavljaju\u0107i trag prirodne karizme koji se nenametljivo \u0161iri prostorom.<\/p>\n<p data-start=\"1171\" data-end=\"1782\">U bazi Stronger With You Sandalwood dose\u017ee vrhunac svoje plemenite i iznimno postojane snage kroz dominantnu notu sandalovine. Sandalovina pru\u017ea bogatu, kremastu i duboko drvenastu dimenziju koja se savr\u0161eno nadopunjuje s cedrom i toplom vanilijom, daju\u0107i kompoziciji stabilnost i bar\u0161unastu puno\u0107u. Ova sna\u017ena baza osigurava impresivnu dugotrajnost na ko\u017ei, ostavljaju\u0107i za sobom trag koji priziva osje\u0107aj istinskog luksuza i stabilne, samouvjerene energije koja se satima zadr\u017eava u zraku. Zavr\u0161nica je smiruju\u0107a, suptilno vla\u017ena i izrazito sofisticirana, \u010dine\u0107i ga nezaboravnim izborom za posebne trenutke.<\/p>\n<hr data-start=\"2118\" data-end=\"2121\" \/>\n<p>&nbsp;<\/p>\n<p data-start=\"1315\" data-end=\"1342\"><strong data-start=\"1315\" data-end=\"1340\">Za koga je namijenjen<\/strong><\/p>\n<p data-start=\"1315\" data-end=\"1342\">Nicole 3107 EDP stvoren je za one koji cijene eleganciju i zrelost u mirisu, ali se ne \u017eele odre\u0107i suvremene senzualnosti. Rije\u010d je o <a href=\"https:\/\/nicolefragrance.se\/kategori\/unisex-sv\/\">unisex<\/a> parfemu idealnom za hladnije dane i ve\u010dernje prigode, savr\u0161enom za romanti\u010dne susrete i trenutke kada \u017eelite zra\u010diti profinjenom toplinom. Ako volite gurmansko-za\u010dinske mirise s nagla\u0161enom, kremastom drvenastom bazom, ova interpretacija bit \u0107e izvrstan izbor.<\/p>\n<hr data-start=\"2118\" data-end=\"2121\" \/>\n<p>&nbsp;<\/p>\n<p data-start=\"1756\" data-end=\"1797\"><strong data-start=\"1756\" data-end=\"1795\">Inspiracija i sli\u010dnost s originalom<\/strong><\/p>\n<p>Nicole 3107 EDP inspiriran je originalom <a href=\"https:\/\/www.armanibeauty.co.uk\/perfume\/mens-perfumes\/emporio-armani\/emporio-armani-stronger-with-you-sandalwood\/ww-00959-arm.html\" rel=\"noopener\">Stronger With You Sandalwood by Giorgio Armani<\/a>. Koncept je usmjeren na luksuznu, drvenastu i kremastu interpretaciju snage, \u0161to ga \u010dini jednom od najsuptilnijih i najsofisticiranijih verzija unutar Stronger With You linije. Nicole varijanta oslanja se na tu prepoznatljivu kremasto-drvenastu ravnote\u017eu, pru\u017eaju\u0107i vjernu interpretaciju sandalovine uz sna\u017enu projekciju i postojanost koja ostavlja upe\u010datljiv dojam.<\/p>\n<hr data-start=\"2118\" data-end=\"2121\" \/>\n<p data-start=\"1799\" data-end=\"2173\" data-is-last-node=\"\" data-is-only-node=\"\">\n","protected":false},"excerpt":{"rendered":"<p>? <strong>Tip mirisa:<\/strong> \u0107ilibarsko-drvenasti, unisex<br \/>\n\u2728 <strong>Intenzitet<\/strong>: Eau de Parfum (EDP)<br \/>\n? <strong>Godina lansiranja<\/strong>: 2024<br \/>\n? <strong>Sezona<\/strong>: jesen \/ zima \/ ve\u010dernje prigode<br \/>\n\u23f1\ufe0f <strong>Trajanje<\/strong>: dugotrajnost iznad prosjeka sa sna\u017enom aurom<\/p>\n","protected":false},"featured_media":31211,"comment_status":"open","ping_status":"closed","template":"","meta":{"_acf_changed":false},"product_brand":[],"product_cat":[191,188],"product_tag":[],"class_list":{"0":"post-31223","1":"product","2":"type-product","3":"status-publish","4":"has-post-thumbnail","6":"product_cat-armani-marka","7":"product_cat-unisex","9":"first","10":"instock","11":"taxable","12":"shipping-taxable","13":"purchasable","14":"product-type-variable","15":"has-default-attributes"},"acf":[],"_links":{"self":[{"href":"https:\/\/nicolefragrance.se\/hr\/wp-json\/wp\/v2\/product\/31223","targetHints":{"allow":["GET"]}}],"collection":[{"href":"https:\/\/nicolefragrance.se\/hr\/wp-json\/wp\/v2\/product"}],"about":[{"href":"https:\/\/nicolefragrance.se\/hr\/wp-json\/wp\/v2\/types\/product"}],"replies":[{"embeddable":true,"href":"https:\/\/nicolefragrance.se\/hr\/wp-json\/wp\/v2\/comments?post=31223"}],"version-history":[{"count":0,"href":"https:\/\/nicolefragrance.se\/hr\/wp-json\/wp\/v2\/product\/31223\/revisions"}],"wp:featuredmedia":[{"embeddable":true,"href":"https:\/\/nicolefragrance.se\/hr\/wp-json\/wp\/v2\/media\/31211"}],"wp:attachment":[{"href":"https:\/\/nicolefragrance.se\/hr\/wp-json\/wp\/v2\/media?parent=31223"}],"wp:term":[{"taxonomy":"product_brand","embeddable":true,"href":"https:\/\/nicolefragrance.se\/hr\/wp-json\/wp\/v2\/product_brand?post=31223"},{"taxonomy":"product_cat","embeddable":true,"href":"https:\/\/nicolefragrance.se\/hr\/wp-json\/wp\/v2\/product_cat?post=31223"},{"taxonomy":"product_tag","embeddable":true,"href":"https:\/\/nicolefragrance.se\/hr\/wp-json\/wp\/v2\/product_tag?post=31223"}],"curies":[{"name":"wp","href":"https:\/\/api.w.org\/{rel}","templated":true}]}}