{"id":31127,"date":"2025-10-20T21:00:30","date_gmt":"2025-10-20T19:00:30","guid":{"rendered":"https:\/\/nicolefragrance.se\/?post_type=product&#038;p=31127"},"modified":"2026-02-19T18:04:45","modified_gmt":"2026-02-19T17:04:45","slug":"versace-eros-energy","status":"publish","type":"product","link":"https:\/\/nicolefragrance.se\/hr\/proizvod\/versace-eros-energy\/","title":{"rendered":"Nicole 3104 EDP inspiriran s Versace Eros Energy"},"content":{"rendered":"<h2 data-start=\"0\" data-end=\"52\"><strong data-start=\"0\" data-end=\"50\">Nicole 3104 EDP inspiriran Versace Eros Energy<\/strong><\/h2>\n<h3 data-start=\"54\" data-end=\"73\"><strong data-start=\"54\" data-end=\"71\">Mirisne note:<\/strong><\/h3>\n<p data-start=\"75\" data-end=\"272\">\u2726 <strong data-start=\"77\" data-end=\"93\">Gornje note:<\/strong> limun, limeta, grejp, crvena naran\u010da, sicilijanski bergamot, mandarina<br data-start=\"121\" data-end=\"124\" \/>\u2726 <strong data-start=\"126\" data-end=\"143\">Srednje note:<\/strong> ru\u017ei\u010dasti papar, bijeli jantar (amber), crni ribiz<br data-start=\"176\" data-end=\"179\" \/>\u2726 <strong data-start=\"181\" data-end=\"196\">Donje note:<\/strong> mo\u0161us, hrastova mahovina, pa\u010duli<\/p>\n<hr data-start=\"2118\" data-end=\"2121\" \/>\n<p>&nbsp;<\/p>\n<h3 data-start=\"274\" data-end=\"292\"><strong data-start=\"274\" data-end=\"290\">Opis parfema<\/strong><\/h3>\n<p data-start=\"235\" data-end=\"779\">Nicole 3104 EDP inspiriran je parfemom Versace Eros Energy. Otvara se iznimno sna\u017enom i kristalno \u010distom eksplozijom citrusa. Kombinacija crvene naran\u010de, limete i grejpa donosi trenutni val solarne energije koji podi\u017ee raspolo\u017eenje i stvara osje\u0107aj poleta. Limun i sicilijanski bergamot dodaju dozu plemenite svje\u017eine i profinjene o\u0161trine, \u010dine\u0107i uvod modernim i dinami\u010dnim \u2013 poput jutra na suncem okupanoj mediteranskoj obali. Ve\u0107 u prvim trenucima miris pru\u017ea nalet samopouzdanja i najavljuje slojevito, karizmati\u010dno srce.<\/p>\n<p data-start=\"783\" data-end=\"1266\">Kako se kompozicija razvija, u srcu dolazi do izra\u017eaja sofisticirana fuzija crnog ribiza i toplog jantara. Crni ribiz unosi blagu vo\u0107nu svje\u017einu i prozra\u010dnu lako\u0107u koja uravnote\u017euje citrusnu energiju, dok ru\u017ei\u010dasti papar dodaje suptilnu za\u010dinsku teksturu. Ova faza odi\u0161e skladom i odmjerenim luksuzom, stvaraju\u0107i slojevit i izrazito privla\u010dan dojam. Srce mirisa utjelovljuje duh modernog mu\u0161karca \u2013 energi\u010dno, ali profinjeno, s prirodnom harizmom koja se nenametljivo \u0161iri prostorom.<\/p>\n<p data-start=\"1270\" data-end=\"1740\">U bazi miris dose\u017ee svoju punu, bar\u0161unastu i dugotrajnu snagu kroz drvenaste i mo\u0161usne akorde. Hrastova mahovina i pa\u010duli daju \u010dvrstu, plemenitu strukturu, dok mo\u0161us pru\u017ea \u010distu i senzualnu podlogu koja se skladno stapa s ko\u017eom. Ova sna\u017ena baza osigurava iznimnu postojanost i ostavlja trag koji evocira autenti\u010dan presti\u017e i stabilnu, samouvjerenu mu\u0161ku energiju. Zavr\u0161nica je smirena, elegantna i savr\u0161ena za mu\u0161karca koji \u017eeli zra\u010diti sigurnim, nepokolebljivim stilom.<\/p>\n<hr data-start=\"2118\" data-end=\"2121\" \/>\n<p>&nbsp;<\/p>\n<h3 data-start=\"1296\" data-end=\"1323\"><strong data-start=\"1296\" data-end=\"1321\">Za koga je namijenjen<\/strong><\/h3>\n<p data-start=\"1325\" data-end=\"1785\">Nicole 3104 EDP namijenjen je <a href=\"https:\/\/nicolefragrance.se\/kategori\/for-man\/\">mu\u0161karcima<\/a> koji vode aktivan \u017eivot, odi\u0161u optimizmom i tra\u017ee miris koji odra\u017eava njihovu unutarnju snagu. Idealan je za suvremene pojedince koji \u017eele upe\u010datljiv mirisni potpis tijekom toplih ljetnih dana, sportskih aktivnosti ili opu\u0161tenih popodnevnih susreta gdje dominiraju svje\u017eina i karizma. Zahvaljuju\u0107i uravnote\u017eenom i svijetlom karakteru, Versace Eros Energy i njegova Nicole interpretacija izvrstan su izbor za mu\u0161karce koji \u017eele mirisati moderno, \u010disto i iznimno profinjeno tijekom najtoplijih mjeseci u godini.<\/p>\n<hr data-start=\"2118\" data-end=\"2121\" \/>\n<p>&nbsp;<\/p>\n<h3 data-start=\"1787\" data-end=\"1828\"><strong data-start=\"1787\" data-end=\"1826\">Inspiracija i sli\u010dnost s originalom<\/strong><\/h3>\n<p data-start=\"1830\" data-end=\"2212\" data-is-last-node=\"\" data-is-only-node=\"\">Nicole 3104 EDP inspiriran je originalom <a href=\"https:\/\/www.versace.com\/row\/en\/men\/accessories\/fragrances-body-care\/eros-energy\/\" rel=\"noopener\">Versace Eros Energy<\/a>. Kreiran je kako bi vjerno prenio prepoznatljivu citrusnu eksploziju i vibrantnu solarnu energiju ovog mirisa. O\u010duvan je klju\u010dni kontrast izme\u0111u intenzivnih citrusa u otvaranju i bogate, karakteristi\u010dne drvenaste baze koja kompoziciji daje dubinu i trajnost. U Nicole verziji zadr\u017eana je snaga projekcije i dojam luksuza, pru\u017eaju\u0107i sli\u010dno upe\u010datljivo i dugotrajno mirisno iskustvo koje priziva autenti\u010dnu mediteransku energiju.<\/p>\n<hr data-start=\"2118\" data-end=\"2121\" \/>\n<p data-start=\"1830\" data-end=\"2212\" data-is-last-node=\"\" data-is-only-node=\"\">\n","protected":false},"excerpt":{"rendered":"<p>? <strong>Tip mirisa<\/strong>: aromati\u010dni foug\u00e8re, mu\u0161ki<br \/>\n\u2728 <strong>Intenzitet<\/strong>: Eau de Toilette (EDT)<br \/>\n? <strong>Godina lansiranja<\/strong>: 2012<br \/>\n? <strong>Sezona<\/strong>: prolje\u0107e \/ jesen \/ ve\u010dernje prigode \/ no\u0107ni izlasci<br \/>\n\u23f1\ufe0f <strong>Trajanje<\/strong>: dugotrajnost iznad prosjeka s izra\u017eenom aurom<\/p>\n","protected":false},"featured_media":31116,"comment_status":"open","ping_status":"closed","template":"","meta":{"_acf_changed":false},"product_brand":[],"product_cat":[665,623],"product_tag":[],"class_list":{"0":"post-31127","1":"product","2":"type-product","3":"status-publish","4":"has-post-thumbnail","6":"product_cat-versace-marke","7":"product_cat-for-man","9":"first","10":"instock","11":"taxable","12":"shipping-taxable","13":"purchasable","14":"product-type-variable","15":"has-default-attributes"},"acf":[],"_links":{"self":[{"href":"https:\/\/nicolefragrance.se\/hr\/wp-json\/wp\/v2\/product\/31127","targetHints":{"allow":["GET"]}}],"collection":[{"href":"https:\/\/nicolefragrance.se\/hr\/wp-json\/wp\/v2\/product"}],"about":[{"href":"https:\/\/nicolefragrance.se\/hr\/wp-json\/wp\/v2\/types\/product"}],"replies":[{"embeddable":true,"href":"https:\/\/nicolefragrance.se\/hr\/wp-json\/wp\/v2\/comments?post=31127"}],"version-history":[{"count":0,"href":"https:\/\/nicolefragrance.se\/hr\/wp-json\/wp\/v2\/product\/31127\/revisions"}],"wp:featuredmedia":[{"embeddable":true,"href":"https:\/\/nicolefragrance.se\/hr\/wp-json\/wp\/v2\/media\/31116"}],"wp:attachment":[{"href":"https:\/\/nicolefragrance.se\/hr\/wp-json\/wp\/v2\/media?parent=31127"}],"wp:term":[{"taxonomy":"product_brand","embeddable":true,"href":"https:\/\/nicolefragrance.se\/hr\/wp-json\/wp\/v2\/product_brand?post=31127"},{"taxonomy":"product_cat","embeddable":true,"href":"https:\/\/nicolefragrance.se\/hr\/wp-json\/wp\/v2\/product_cat?post=31127"},{"taxonomy":"product_tag","embeddable":true,"href":"https:\/\/nicolefragrance.se\/hr\/wp-json\/wp\/v2\/product_tag?post=31127"}],"curies":[{"name":"wp","href":"https:\/\/api.w.org\/{rel}","templated":true}]}}