{"id":3112,"date":"2023-05-24T12:47:10","date_gmt":"2023-05-24T10:47:10","guid":{"rendered":"https:\/\/nicolefragrance.se\/?post_type=product&#038;p=3112"},"modified":"2025-07-11T08:10:09","modified_gmt":"2025-07-11T06:10:09","slug":"fenty-beauty-nicole-edp","status":"publish","type":"product","link":"https:\/\/nicolefragrance.se\/hr\/proizvod\/fenty-beauty-nicole-edp\/","title":{"rendered":"Nicole 2038 EDP inspiriran s Fenty Beauty Fenty Beauty"},"content":{"rendered":"<p><strong>Fenty Beauty<\/strong> by Rihanna je miris koji odra\u017eava raznolikost i jedinstvenost svake \u017eene. Ovaj parfem je stvoren za sve \u017eene, bez obzira na nijansu ko\u017ee, osobine, stav, kulturu ili rasu. Fenty Beauty slavi razli\u010ditost i pru\u017ea jedinstveno iskustvo mirisa koje se isti\u010de i odra\u017eava \u010disto srce i du\u0161u svakog pojedinca.<\/p>\n<p>Glavne note ovog parfema uklju\u010duju magnoliju i mo\u0161us, zajedno sa tangerinom, bugarskom ru\u017eom, vanilijom, borovnicom i naznakama kokosa, geranija i pa\u010dulija. Ova raznovrsna kombinacija nota stvara miris koji se jedinstveno izra\u017eava na svakoj osobi koja ga nosi. <strong>Fenty Beauty<\/strong> je jedinstveno iskustvo, kao \u0161to je i svaka \u017eena koja ga nosi.<\/p>\n<p><strong>Fenty Beauty<\/strong> parfem odra\u017eava ideale raznolikosti i samopouzdanja koje predstavlja isti\u010du\u0107i ljepotu u svim nijansama i oblicima. Ovaj miris nosi poruku da je svaka \u017eena posebna i da ima pravo da bude ono \u0161to je.<\/p>\n<p>S obzirom na svoje bogate i raznovrsne note, <strong>Fenty Beauty<\/strong> parfem traje tijekom cijelog dana, ostavljaju\u0107i za sobom ugodan i prepoznatljiv mirisni trag. Ovo je miris koji slavi individualnost i pru\u017ea jedinstveno iskustvo mirisa za svaku \u017eenu.<\/p>\n","protected":false},"excerpt":{"rendered":"<p>Fenty Beauty je rasko\u0161an i luskuzan \u017eenski parfem koji odra\u017eava ideale raznolikosti i samopouzdanja koje predstavlja isti\u010du\u0107i ljepotu u svim nijansama i oblicima. Ovaj miris nosi poruku da je svaka \u017eena posebna i da ima pravo da bude ono \u0161to je. Fenty Beauty je jedinstveno iskustvo, kao \u0161to je i svaka \u017eena koja ga na sebi nosi.<\/p>\n","protected":false},"featured_media":28800,"comment_status":"open","ping_status":"closed","template":"","meta":{"_acf_changed":false},"product_brand":[],"product_cat":[247,188,187,186],"product_tag":[],"class_list":{"0":"post-3112","1":"product","2":"type-product","3":"status-publish","4":"has-post-thumbnail","6":"product_cat-fenty-beauty-marka","7":"product_cat-unisex","8":"product_cat-za-muskarce","9":"product_cat-za-zene","11":"first","12":"instock","13":"taxable","14":"shipping-taxable","15":"purchasable","16":"product-type-variable","17":"has-default-attributes"},"acf":[],"_links":{"self":[{"href":"https:\/\/nicolefragrance.se\/hr\/wp-json\/wp\/v2\/product\/3112","targetHints":{"allow":["GET"]}}],"collection":[{"href":"https:\/\/nicolefragrance.se\/hr\/wp-json\/wp\/v2\/product"}],"about":[{"href":"https:\/\/nicolefragrance.se\/hr\/wp-json\/wp\/v2\/types\/product"}],"replies":[{"embeddable":true,"href":"https:\/\/nicolefragrance.se\/hr\/wp-json\/wp\/v2\/comments?post=3112"}],"version-history":[{"count":0,"href":"https:\/\/nicolefragrance.se\/hr\/wp-json\/wp\/v2\/product\/3112\/revisions"}],"wp:featuredmedia":[{"embeddable":true,"href":"https:\/\/nicolefragrance.se\/hr\/wp-json\/wp\/v2\/media\/28800"}],"wp:attachment":[{"href":"https:\/\/nicolefragrance.se\/hr\/wp-json\/wp\/v2\/media?parent=3112"}],"wp:term":[{"taxonomy":"product_brand","embeddable":true,"href":"https:\/\/nicolefragrance.se\/hr\/wp-json\/wp\/v2\/product_brand?post=3112"},{"taxonomy":"product_cat","embeddable":true,"href":"https:\/\/nicolefragrance.se\/hr\/wp-json\/wp\/v2\/product_cat?post=3112"},{"taxonomy":"product_tag","embeddable":true,"href":"https:\/\/nicolefragrance.se\/hr\/wp-json\/wp\/v2\/product_tag?post=3112"}],"curies":[{"name":"wp","href":"https:\/\/api.w.org\/{rel}","templated":true}]}}