{"id":31059,"date":"2025-10-20T19:08:22","date_gmt":"2025-10-20T17:08:22","guid":{"rendered":"https:\/\/nicolefragrance.se\/?post_type=product&#038;p=31059"},"modified":"2026-02-19T18:15:11","modified_gmt":"2026-02-19T17:15:11","slug":"narcotic-delight-initio-parfums-prives","status":"publish","type":"product","link":"https:\/\/nicolefragrance.se\/hr\/proizvod\/narcotic-delight-initio-parfums-prives\/","title":{"rendered":"Nicole 3108 EDP inspiriran s Narcotic Delight Initio Parfums Prives"},"content":{"rendered":"<h2 data-start=\"115\" data-end=\"198\"><strong>Nicole 3108 EDP inspiriran mirisom Narcotic Delight Initio Parfums Priv\u00e9s<\/strong><\/h2>\n<h3 data-start=\"200\" data-end=\"219\"><strong data-start=\"200\" data-end=\"217\">Mirisne note:<\/strong><\/h3>\n<p data-start=\"221\" data-end=\"283\">\u2726 <strong data-start=\"223\" data-end=\"239\">Gornje note: <\/strong>tre\u0161nja, ru\u017ei\u010dasti biber, crni biber<br data-start=\"239\" data-end=\"242\" \/>\u2726 <strong data-start=\"244\" data-end=\"261\">Srednje note: <\/strong>konjak, hedion, ru\u017ea<br data-start=\"261\" data-end=\"264\" \/>\u2726 <strong data-start=\"266\" data-end=\"281\">Donje note: <\/strong>duvan, vanila, tonka, kedar, pa\u010duli<\/p>\n<hr data-start=\"285\" data-end=\"288\" \/>\n<p>&nbsp;<\/p>\n<h3 data-start=\"290\" data-end=\"310\"><strong data-start=\"294\" data-end=\"310\">Opis parfema<\/strong><\/h3>\n<p data-start=\"312\" data-end=\"709\">Nicole 3108 EDP inspirisan je Narcotic Delight Initio Parfums Prives parfemom. Otvara se eksplozivnom i intrigantnom kombinacijom so\u010dne tre\u0161nje i za\u010dinskih nota bibera. Ru\u017ei\u010dasti i crni biber pru\u017eaju mirisu trenutnu vrelu o\u0161trinu koja balansira vo\u0107nu slatko\u0107u tre\u0161nje, \u010dine\u0107i uvod u miris modernim, vibrantnim i pomalo drskim. Ovaj po\u010detak momentalno privla\u010di pa\u017enju svojom specifi\u010dnom energijom, evociraju\u0107i ose\u0107aj zabranjenog vo\u0107a i uzbu\u0111enja, pru\u017eaju\u0107i trenutni nalet samopouzdanja koji najavljuje duboko i opojno srce kompozicije.<\/p>\n<p data-start=\"312\" data-end=\"709\">Kako se miris razvija, u srcu nastupa prefinjena i \u201epijana\u201c fuzija konjaka i prosvetljenog hedionea. Konjak unosi bogatu, bar\u0161unastu i alkoholnu toplinu koja tre\u0161nju pretvara u dekadentni eliksir, dok hedione dodaje diskretnu cvetnu prozirnost koja osigurava da miris zadr\u017ei svoju projekciju i vazdu\u0161astost. Ova faza zra\u010di unutra\u0161njom snagom i magnetskom privla\u010dno\u0161\u0107u, \u010dine\u0107i srce mirisa slojevitim, vrelim i neizmerno senzualnim za okolinu, ostavljaju\u0107i utisak prirodne harizme koja dominira prostorom.<\/p>\n<p data-start=\"312\" data-end=\"709\">U bazi, Narcotic Delight dosti\u017ee vrhunac svoje adiktivnosti i neizmerno postojane mo\u0107i kroz spoj duvana i vanile. Duvan ovde nije grub, ve\u0107 bar\u0161unast i dimljen, pru\u017eaju\u0107i plemenitu strukturu koja se savr\u0161eno stapa sa kremastom slatko\u0107om vanile. Ova mo\u0107na baza osigurava rekordnu postojanost na ko\u017ei, ostavljaju\u0107i za sobom trag koji evocira miris autenti\u010dnog niche luksuza i vatrene energije koja se satima i danima ose\u0107a u vazduhu. Zavr\u0161nica je smiruju\u0107a, vla\u017ena i neopisivo sofisticirana, \u010dine\u0107i Narcotic Delight nezaboravnim saputnikom za no\u0107i koje traju zauvek.<\/p>\n<hr data-start=\"1333\" data-end=\"1336\" \/>\n<p>&nbsp;<\/p>\n<h3 data-start=\"1338\" data-end=\"1367\"><strong data-start=\"1342\" data-end=\"1367\">Za koga je namijenjen<\/strong><\/h3>\n<p data-start=\"1369\" data-end=\"1854\">Nicole 3108 EDP je kreiran za samouverene i strastvene osobe koje ne pristaju na prose\u010dnost i \u017eele da izraze svoju seksualnu energiju i magneti\u010dnu privla\u010dnost. To je parfem za hedoniste, za one koji u\u017eivaju u luksuzu i dramati\u010dnim izlascima. Zbog svoje izra\u017eene topline, gurmanskog profila i sna\u017ene aure, idealan je za hladne ve\u010deri, zimske praznike i intimne prilike. Ako tra\u017eite miris koji izaziva zavisnost i komunicira snagu zavo\u0111enja, ovaj <a href=\"https:\/\/nicolefragrance.se\/kategori\/unisex-sv\/\">unisex parfem<\/a> je pravi izbor.<\/p>\n<hr data-start=\"1856\" data-end=\"1859\" \/>\n<p>&nbsp;<\/p>\n<h3 data-start=\"1861\" data-end=\"1904\"><strong data-start=\"1865\" data-end=\"1904\">Inspiracija i sli\u010dnost s originalom<\/strong><\/h3>\n<p data-start=\"1906\" data-end=\"2212\">Nicole 3108 EDP inspirisan je originalom <a href=\"https:\/\/initioparfums.com\/products\/narcotic-delight\" rel=\"noopener\">Narcotic Delight Initio Parfums Prives<\/a>. Nicole varijanta verno prati njegov opojni gurmansko-likerski karakter, fokusiraju\u0107i se na izra\u017eajnost akorda konjaka, duvana i tre\u0161nje, \u010dime se posti\u017ee sli\u010dan mo\u0107an, adiktivan i dugotrajan mirisni do\u017eivljaj.<\/p>\n<hr data-start=\"1856\" data-end=\"1859\" \/>\n","protected":false},"excerpt":{"rendered":"<p>? <strong data-start=\"0\" data-end=\"15\" data-is-only-node=\"\">Tip mirisa:<\/strong> jantarno-gurmanski, unisex<br \/>\n\u2728 <strong data-start=\"45\" data-end=\"60\">Intenzitet:<\/strong> Eau de Parfum (EDP)<br \/>\n? <strong data-start=\"83\" data-end=\"105\">Godina lansiranja:<\/strong> 2024.<br \/>\n? <strong data-start=\"114\" data-end=\"125\">Sezona:<\/strong> jesen \/ zima \/ ve\u010dernje prilike<br \/>\n\u23f1\ufe0f <strong data-start=\"160\" data-end=\"173\">Trajnost:<\/strong> iznimno postojan s jakom do vrlo izra\u017eenom aurom<\/p>\n","protected":false},"featured_media":31047,"comment_status":"open","ping_status":"closed","template":"","meta":{"_acf_changed":false},"product_brand":[],"product_cat":[646,624],"product_tag":[],"class_list":{"0":"post-31059","1":"product","2":"type-product","3":"status-publish","4":"has-post-thumbnail","6":"product_cat-initio-parfums-prives-marke","7":"product_cat-unisex-sv","9":"first","10":"instock","11":"taxable","12":"shipping-taxable","13":"purchasable","14":"product-type-variable","15":"has-default-attributes"},"acf":[],"_links":{"self":[{"href":"https:\/\/nicolefragrance.se\/hr\/wp-json\/wp\/v2\/product\/31059","targetHints":{"allow":["GET"]}}],"collection":[{"href":"https:\/\/nicolefragrance.se\/hr\/wp-json\/wp\/v2\/product"}],"about":[{"href":"https:\/\/nicolefragrance.se\/hr\/wp-json\/wp\/v2\/types\/product"}],"replies":[{"embeddable":true,"href":"https:\/\/nicolefragrance.se\/hr\/wp-json\/wp\/v2\/comments?post=31059"}],"version-history":[{"count":0,"href":"https:\/\/nicolefragrance.se\/hr\/wp-json\/wp\/v2\/product\/31059\/revisions"}],"wp:featuredmedia":[{"embeddable":true,"href":"https:\/\/nicolefragrance.se\/hr\/wp-json\/wp\/v2\/media\/31047"}],"wp:attachment":[{"href":"https:\/\/nicolefragrance.se\/hr\/wp-json\/wp\/v2\/media?parent=31059"}],"wp:term":[{"taxonomy":"product_brand","embeddable":true,"href":"https:\/\/nicolefragrance.se\/hr\/wp-json\/wp\/v2\/product_brand?post=31059"},{"taxonomy":"product_cat","embeddable":true,"href":"https:\/\/nicolefragrance.se\/hr\/wp-json\/wp\/v2\/product_cat?post=31059"},{"taxonomy":"product_tag","embeddable":true,"href":"https:\/\/nicolefragrance.se\/hr\/wp-json\/wp\/v2\/product_tag?post=31059"}],"curies":[{"name":"wp","href":"https:\/\/api.w.org\/{rel}","templated":true}]}}