{"id":3100,"date":"2023-05-19T09:29:27","date_gmt":"2023-05-19T07:29:27","guid":{"rendered":"https:\/\/nicolefragrance.se\/?post_type=product&#038;p=3100"},"modified":"2025-07-07T07:30:48","modified_gmt":"2025-07-07T05:30:48","slug":"ysl-lhomme-lintense-nicole-edp","status":"publish","type":"product","link":"https:\/\/nicolefragrance.se\/hr\/proizvod\/ysl-lhomme-lintense-nicole-edp\/","title":{"rendered":"Nicole 3035 EDP inspiriran s L Homme L Intense Yves Saint Laurent"},"content":{"rendered":"<p><strong>YSL L&#8217;Homme L&#8217;Intense <\/strong>je mu\u0161ki parfem lansiran 2013. godine kao savr\u0161en spoj citrusnih nota, za\u010dina i drvenih akorda. Ovaj parfem je namijenjen mu\u0161karcima koji tra\u017ee miris koji \u0107e ih ista\u0107i, pru\u017eaju\u0107i istovremeno neodoljivu lako\u0107u.<\/p>\n<p>Otvor parfema oboga\u0107en je osvje\u017eavaju\u0107im notama limuna i bergamota. Ovaj prvi utisak ostavlja utisak svje\u017eine i vitalnosti, isti\u010du\u0107i va\u0161u energiju i samopouzdanje. Crni papar se tako\u0111er pojavljuje u otvoru, dodaju\u0107i parfemu izazovnu notu za\u010dina. Srce mirisa nagla\u0161eno je notama cvijeta naran\u010de i indijskog davana cvijeta (artemizija), koje dodaju cvjetnu i blago za\u010dinjenu dimenziju mirisu. Ove note se postepeno stapaju sa drvenim akordima i ambergrisom u suhom donjem dijelu parfema.<\/p>\n<p><strong>YSL L&#8217;Homme L&#8217;Intense<\/strong> je savr\u0161en miris za svakodnevnu upotrebu. Miris se razvija tijekom dana, ostavljaju\u0107i za sobom ugodnu aromu koja \u0107e vas pratiti. Ovo je miris koji \u0107e ista\u0107i va\u0161u individualnost i dodati notu luksuza svakodnevnim trenucima.<\/p>\n<p>Ovo je izuzetno zavodljiv miris koji kombinira svje\u017einu citrusa sa bogatstvom drvenih i cvjetnih nota. Ovaj parfem je idealan izbor za modernog mu\u0161karca koji \u017eeli da se istakne svojom lako\u0107om i samopouzdanjem. Dodajte notu elegancije svom svakodnevnom \u017eivotu uz <strong>YSL L&#8217;Homme L&#8217;Intense<\/strong>.<\/p>\n","protected":false},"excerpt":{"rendered":"<p>YSL L&#8217;Homme L&#8217;Intense je savr\u0161en miris za svakodnevnu upotrebu. Miris se razvija tijekom dana, ostavljaju\u0107i za sobom ugodnu aromu koja \u0107e vas pratiti. Ovo je miris koji \u0107e istaknuti va\u0161u individualnost i dodati notu luksuza svakodnevnim trenucima. Idealan je izbor za modernog mu\u0161karca koji \u017eeli da se istakne svojom lako\u0107om i samopouzdanjem.<\/p>\n","protected":false},"featured_media":26541,"comment_status":"open","ping_status":"closed","template":"","meta":{"_acf_changed":false},"product_brand":[],"product_cat":[206,187],"product_tag":[],"class_list":{"0":"post-3100","1":"product","2":"type-product","3":"status-publish","4":"has-post-thumbnail","6":"product_cat-yves-saint-laurent-marka","7":"product_cat-za-muskarce","9":"first","10":"instock","11":"taxable","12":"shipping-taxable","13":"purchasable","14":"product-type-variable","15":"has-default-attributes"},"acf":[],"_links":{"self":[{"href":"https:\/\/nicolefragrance.se\/hr\/wp-json\/wp\/v2\/product\/3100","targetHints":{"allow":["GET"]}}],"collection":[{"href":"https:\/\/nicolefragrance.se\/hr\/wp-json\/wp\/v2\/product"}],"about":[{"href":"https:\/\/nicolefragrance.se\/hr\/wp-json\/wp\/v2\/types\/product"}],"replies":[{"embeddable":true,"href":"https:\/\/nicolefragrance.se\/hr\/wp-json\/wp\/v2\/comments?post=3100"}],"version-history":[{"count":0,"href":"https:\/\/nicolefragrance.se\/hr\/wp-json\/wp\/v2\/product\/3100\/revisions"}],"wp:featuredmedia":[{"embeddable":true,"href":"https:\/\/nicolefragrance.se\/hr\/wp-json\/wp\/v2\/media\/26541"}],"wp:attachment":[{"href":"https:\/\/nicolefragrance.se\/hr\/wp-json\/wp\/v2\/media?parent=3100"}],"wp:term":[{"taxonomy":"product_brand","embeddable":true,"href":"https:\/\/nicolefragrance.se\/hr\/wp-json\/wp\/v2\/product_brand?post=3100"},{"taxonomy":"product_cat","embeddable":true,"href":"https:\/\/nicolefragrance.se\/hr\/wp-json\/wp\/v2\/product_cat?post=3100"},{"taxonomy":"product_tag","embeddable":true,"href":"https:\/\/nicolefragrance.se\/hr\/wp-json\/wp\/v2\/product_tag?post=3100"}],"curies":[{"name":"wp","href":"https:\/\/api.w.org\/{rel}","templated":true}]}}