{"id":3076,"date":"2023-05-16T11:12:58","date_gmt":"2023-05-16T09:12:58","guid":{"rendered":"https:\/\/nicolefragrance.se\/?post_type=product&#038;p=3076"},"modified":"2025-07-07T07:35:59","modified_gmt":"2025-07-07T05:35:59","slug":"versace-eros-flame-nicole-edp","status":"publish","type":"product","link":"https:\/\/nicolefragrance.se\/hr\/proizvod\/versace-eros-flame-nicole-edp\/","title":{"rendered":"Nicole 3033 EDP inspiriran s Eros Flame Versace"},"content":{"rendered":"<p><strong>Versace Eros Flame<\/strong> je mu\u0161ki miris koji isti\u010de strastvenu i vatrenu prirodu. Lansiran kao dio Versace Eros kolekcije 2018. godine, ovaj parfem je inspiriran gr\u010dkim bogom ljubavi, Erosom i nosi sa sobom istu strast i privla\u010dnost.<\/p>\n<p>Glavne note ovog parfema obuhva\u0107aju citrusne note poput mandarine i naran\u010de, koje pru\u017eaju svje\u017einu i energiju. U srcu mirisa isti\u010de se nota ru\u017emarina, koji dodaje karakter i dubinu. Osnovna nota je vanilija, koja pru\u017ea slatku i senzualnu notu, dodatno nagla\u0161avaju\u0107i strast ovog mirisa.<\/p>\n<p><strong>Versace Eros Flame<\/strong> je parfem savr\u0161en za romanti\u010dne trenutke i posebne prilike. Njegova strastvena priroda ga \u010dini idealnim izborom za ve\u010dernje izlaske ili romanti\u010dne ve\u010dere. Kada nosite Eros Flame, ostavljate za sobom neodoljiv miris koji \u0107e privu\u0107i pa\u017enju i ostaviti neizbrisiv utisak.<\/p>\n<p>Ovaj miris je tako\u0111er poznat po svojoj izuzetnoj trajnosti. Jednom kada ga nanesete, mo\u017eete biti sigurni da \u0107e vas pratiti tijekom cijelog dana ili ve\u010deri, \u010dine\u0107i vas magnetom za komplimente i pa\u017enju.<\/p>\n<p><strong>Versace Eros Flame<\/strong> je miris za mu\u0161karce koji znaju \u0161to \u017eele i idu za tim. On je simbol strasti, privla\u010dnosti i samopouzdanja. Neka vas ovaj miris inspirira da izrazite svoju unutra\u0161nju vatru i strast. Eros Flame je eksplozija arome koja \u0107e vas odu\u0161eviti i ostaviti vas zauvijek zapam\u0107enim.<\/p>\n","protected":false},"excerpt":{"rendered":"<p>Versace Eros Flame je miris za mu\u0161karce koji znaju \u0161to \u017eele i idu za tim. Ovo je parfem savr\u0161en za romanti\u010dne trenutke i posebne prilike. Njegova strastvena priroda ga \u010dini idealnim izborom za ve\u010dernje izlaske ili romanti\u010dne ve\u010dere. Kada nosite Eros Flame, ostavljate za sobom neodoljiv miris koji \u0107e privu\u0107i pa\u017enju i ostaviti neizbrisiv utisak.<\/p>\n","protected":false},"featured_media":26563,"comment_status":"open","ping_status":"closed","template":"","meta":{"_acf_changed":false},"product_brand":[],"product_cat":[211,187],"product_tag":[],"class_list":{"0":"post-3076","1":"product","2":"type-product","3":"status-publish","4":"has-post-thumbnail","6":"product_cat-versace-marka","7":"product_cat-za-muskarce","9":"first","10":"instock","11":"taxable","12":"shipping-taxable","13":"purchasable","14":"product-type-variable","15":"has-default-attributes"},"acf":[],"_links":{"self":[{"href":"https:\/\/nicolefragrance.se\/hr\/wp-json\/wp\/v2\/product\/3076","targetHints":{"allow":["GET"]}}],"collection":[{"href":"https:\/\/nicolefragrance.se\/hr\/wp-json\/wp\/v2\/product"}],"about":[{"href":"https:\/\/nicolefragrance.se\/hr\/wp-json\/wp\/v2\/types\/product"}],"replies":[{"embeddable":true,"href":"https:\/\/nicolefragrance.se\/hr\/wp-json\/wp\/v2\/comments?post=3076"}],"version-history":[{"count":0,"href":"https:\/\/nicolefragrance.se\/hr\/wp-json\/wp\/v2\/product\/3076\/revisions"}],"wp:featuredmedia":[{"embeddable":true,"href":"https:\/\/nicolefragrance.se\/hr\/wp-json\/wp\/v2\/media\/26563"}],"wp:attachment":[{"href":"https:\/\/nicolefragrance.se\/hr\/wp-json\/wp\/v2\/media?parent=3076"}],"wp:term":[{"taxonomy":"product_brand","embeddable":true,"href":"https:\/\/nicolefragrance.se\/hr\/wp-json\/wp\/v2\/product_brand?post=3076"},{"taxonomy":"product_cat","embeddable":true,"href":"https:\/\/nicolefragrance.se\/hr\/wp-json\/wp\/v2\/product_cat?post=3076"},{"taxonomy":"product_tag","embeddable":true,"href":"https:\/\/nicolefragrance.se\/hr\/wp-json\/wp\/v2\/product_tag?post=3076"}],"curies":[{"name":"wp","href":"https:\/\/api.w.org\/{rel}","templated":true}]}}