{"id":3064,"date":"2023-05-16T08:55:52","date_gmt":"2023-05-16T06:55:52","guid":{"rendered":"https:\/\/nicolefragrance.se\/?post_type=product&#038;p=3064"},"modified":"2025-07-07T07:38:49","modified_gmt":"2025-07-07T05:38:49","slug":"mancera-jardin-exclusif-nicole-edp","status":"publish","type":"product","link":"https:\/\/nicolefragrance.se\/hr\/proizvod\/mancera-jardin-exclusif-nicole-edp\/","title":{"rendered":"Nicole 3032 EDP inspiriran s Jardin Exclusif Mancera"},"content":{"rendered":"<p><strong>Jardin Exclusif by Mancera<\/strong> je unisex parfem koji predstavlja savr\u0161enu harmoniju vo\u0107nih i cvjetnih nota, stvaraju\u0107i jedinstveno iskustvo za sva\u010dije osjetilo mirisa.<\/p>\n<p>Miris se otvara svje\u017eim vo\u0107nim notama koje uklju\u010duju kru\u0161ku, bijelu breskvu, limun, karamel, zelenu jabuku, crni ribizl i sicilijansku naran\u010du. Ovaj \u0161armantan prvi utisak odmah privla\u010di pa\u017enju i \u010dini da se osje\u0107ate osvje\u017eeno i probu\u0111eno. U srcu mirisa otkriva se buket cvjetnih nota, uklju\u010duju\u0107i jantar, jasmin, ljubi\u010dicu i bugarsku ru\u017eu. Cvjetne note dodaju dubinu i slo\u017eenost mirisu, stvaraju\u0107i osje\u0107aj elegancije i sofisticiranosti. Baza mirisa otkriva toplinu drvenih akorda, uklju\u010duju\u0107i bijeli mo\u0161us, madagaskarsku vaniliju i sandalovinu. Ovi duboki i senzualni tonovi daju mirisu zemaljsku i dugotrajnu notu koja \u0107e vas pratiti tijekom cijelog dana.<\/p>\n<p><strong>Jardin Exclusif by Mancera<\/strong> je izuzetno svestran miris koji se mo\u017ee nositi u razli\u010ditim prilikama. Idealan je za svakodnevnu upotrebu, ali je dovoljno elegantan i da ga nosite i za posebne trenutke i doga\u0111aje. Ovaj miris \u0107e vas o\u010darati svojom ljepotom i postati va\u0161a tajna za dobijanje komplimenata.<\/p>\n<p><strong>Mancera Jardin Exclusif<\/strong> \u0107e vam pru\u017eiti osje\u0107aj svje\u017eine i elegancije, \u010dine\u0107i vas spremnim da zasjajite u svakoj prilici. Uzmite ovaj parfem sa sobom i do\u017eivite \u010daroliju Jardin Exclusif by Mancera.<\/p>\n","protected":false},"excerpt":{"rendered":"<p>Jardin Exclusif by Mancera je izuzetno svestran miris koji se mo\u017ee nositi u razli\u010ditim prilikama. Idealan je za svakodnevnu upotrebu, ali je dovoljno elegantan i da ga nosite i za posebne trenutke i doga\u0111aje. Ovaj miris \u0107e vas o\u010darati svojom ljepotom i postati va\u0161a tajna za dobijanje komplimenata. Jardin Exclusif \u0107e vam pru\u017eiti osje\u0107aj svje\u017eine i elegancije, \u010dine\u0107i vas spremnim da zasjajite u svakoj prilici.<\/p>\n","protected":false},"featured_media":26574,"comment_status":"open","ping_status":"closed","template":"","meta":{"_acf_changed":false},"product_brand":[],"product_cat":[238,188,187,186],"product_tag":[],"class_list":{"0":"post-3064","1":"product","2":"type-product","3":"status-publish","4":"has-post-thumbnail","6":"product_cat-mancera-marka","7":"product_cat-unisex","8":"product_cat-za-muskarce","9":"product_cat-za-zene","11":"first","12":"instock","13":"taxable","14":"shipping-taxable","15":"purchasable","16":"product-type-variable","17":"has-default-attributes"},"acf":[],"_links":{"self":[{"href":"https:\/\/nicolefragrance.se\/hr\/wp-json\/wp\/v2\/product\/3064","targetHints":{"allow":["GET"]}}],"collection":[{"href":"https:\/\/nicolefragrance.se\/hr\/wp-json\/wp\/v2\/product"}],"about":[{"href":"https:\/\/nicolefragrance.se\/hr\/wp-json\/wp\/v2\/types\/product"}],"replies":[{"embeddable":true,"href":"https:\/\/nicolefragrance.se\/hr\/wp-json\/wp\/v2\/comments?post=3064"}],"version-history":[{"count":0,"href":"https:\/\/nicolefragrance.se\/hr\/wp-json\/wp\/v2\/product\/3064\/revisions"}],"wp:featuredmedia":[{"embeddable":true,"href":"https:\/\/nicolefragrance.se\/hr\/wp-json\/wp\/v2\/media\/26574"}],"wp:attachment":[{"href":"https:\/\/nicolefragrance.se\/hr\/wp-json\/wp\/v2\/media?parent=3064"}],"wp:term":[{"taxonomy":"product_brand","embeddable":true,"href":"https:\/\/nicolefragrance.se\/hr\/wp-json\/wp\/v2\/product_brand?post=3064"},{"taxonomy":"product_cat","embeddable":true,"href":"https:\/\/nicolefragrance.se\/hr\/wp-json\/wp\/v2\/product_cat?post=3064"},{"taxonomy":"product_tag","embeddable":true,"href":"https:\/\/nicolefragrance.se\/hr\/wp-json\/wp\/v2\/product_tag?post=3064"}],"curies":[{"name":"wp","href":"https:\/\/api.w.org\/{rel}","templated":true}]}}