{"id":3052,"date":"2023-05-15T09:48:46","date_gmt":"2023-05-15T07:48:46","guid":{"rendered":"https:\/\/nicolefragrance.se\/?post_type=product&#038;p=3052"},"modified":"2025-07-07T07:40:38","modified_gmt":"2025-07-07T05:40:38","slug":"tom-ford-grey-vetiver-nicole-edp","status":"publish","type":"product","link":"https:\/\/nicolefragrance.se\/hr\/proizvod\/tom-ford-grey-vetiver-nicole-edp\/","title":{"rendered":"Nicole 3031 EDP inspiriran s Grey Vetiver Tom Ford"},"content":{"rendered":"<p><strong>Tom Ford Grey Vetiver<\/strong> je univerzalni parfem koji donosi eleganciju vjetrovite svje\u017eine. Kreiran 2009. godine, ovaj miris je predstavljen kao parfem sa dominantnim vetiverom, prate\u0107im notama soli i sun\u010danim drvenim akordima. On je prava oda prirodnoj svje\u017eini i luksuzu.<\/p>\n<p>Glavne note ovog parfema obuhva\u0107aju blistave citrusne note, za\u010dine, drvo i vetiver. Citrusi dodaju osvje\u017eavaju\u0107i sjaj, dok za\u010dini pru\u017eaju dubinu i karakter. Vetiver, prirodni sastojak poznat po svojoj svje\u017eini i zemljanom mirisu, dominira ovim mirisom. U srcu parfema, otkriva se zanimljiva kombinacija mu\u0161katnog ora\u0161\u010di\u0107a, irisovog korjena i pimenta. Ove note dodaju mirisu za\u010dinjen karakter i suptilnu slatko\u0107u.<\/p>\n<p>Baza parfema sastoji se od vetivera, mo\u0161usa i drvenih nota. Vetiver ostavlja dugotrajan utisak svje\u017eine, dok drvene note pru\u017eaju toplinu i dubinu. Mo\u0161us dodaje senzualnost i eleganciju.<\/p>\n<p><strong>Tom Ford Grey Vetiver<\/strong> je izrazito ljetni i osvje\u017eavaju\u0107i miris, \u0161to ga \u010dini savr\u0161enim izborom za toplije dane. Iako univerzalan, njegova suptilna mu\u017eevna nota ga \u010dini posebno privla\u010dnim za pripadnike ja\u010deg spola.<\/p>\n<p>Neka vas ovaj miris vodi kroz svijet luksuza i prirodne svje\u017eine, dodaju\u0107i vam notu sofisticiranosti i samopouzdanja.<\/p>\n","protected":false},"excerpt":{"rendered":"<p>Tom Ford Grey Vetiver je izrazito ljetni i osvje\u017eavaju\u0107i miris, \u0161to ga \u010dini savr\u0161enim izborom za toplije dane. Iako univerzalan, njegova suptilna mu\u017eevna nota ga \u010dini posebno privla\u010dnim za pripadnike ja\u010deg spola. Neka vas ovaj miris vodi kroz svijet luksuza i prirodne svje\u017eine, dodaju\u0107i vam notu sofisticiranosti i samopouzdanja. Ovaj parfem je prava oda prirodnoj svje\u017eini i luksuzu.<\/p>\n","protected":false},"featured_media":26585,"comment_status":"open","ping_status":"closed","template":"","meta":{"_acf_changed":false},"product_brand":[],"product_cat":[203,188,187,186],"product_tag":[],"class_list":{"0":"post-3052","1":"product","2":"type-product","3":"status-publish","4":"has-post-thumbnail","6":"product_cat-tom-ford-marka","7":"product_cat-unisex","8":"product_cat-za-muskarce","9":"product_cat-za-zene","11":"first","12":"instock","13":"taxable","14":"shipping-taxable","15":"purchasable","16":"product-type-variable","17":"has-default-attributes"},"acf":[],"_links":{"self":[{"href":"https:\/\/nicolefragrance.se\/hr\/wp-json\/wp\/v2\/product\/3052","targetHints":{"allow":["GET"]}}],"collection":[{"href":"https:\/\/nicolefragrance.se\/hr\/wp-json\/wp\/v2\/product"}],"about":[{"href":"https:\/\/nicolefragrance.se\/hr\/wp-json\/wp\/v2\/types\/product"}],"replies":[{"embeddable":true,"href":"https:\/\/nicolefragrance.se\/hr\/wp-json\/wp\/v2\/comments?post=3052"}],"version-history":[{"count":0,"href":"https:\/\/nicolefragrance.se\/hr\/wp-json\/wp\/v2\/product\/3052\/revisions"}],"wp:featuredmedia":[{"embeddable":true,"href":"https:\/\/nicolefragrance.se\/hr\/wp-json\/wp\/v2\/media\/26585"}],"wp:attachment":[{"href":"https:\/\/nicolefragrance.se\/hr\/wp-json\/wp\/v2\/media?parent=3052"}],"wp:term":[{"taxonomy":"product_brand","embeddable":true,"href":"https:\/\/nicolefragrance.se\/hr\/wp-json\/wp\/v2\/product_brand?post=3052"},{"taxonomy":"product_cat","embeddable":true,"href":"https:\/\/nicolefragrance.se\/hr\/wp-json\/wp\/v2\/product_cat?post=3052"},{"taxonomy":"product_tag","embeddable":true,"href":"https:\/\/nicolefragrance.se\/hr\/wp-json\/wp\/v2\/product_tag?post=3052"}],"curies":[{"name":"wp","href":"https:\/\/api.w.org\/{rel}","templated":true}]}}