{"id":30408,"date":"2025-09-01T23:12:44","date_gmt":"2025-09-01T21:12:44","guid":{"rendered":"https:\/\/nicolefragrance.se\/?post_type=product&#038;p=30408"},"modified":"2026-04-12T19:34:13","modified_gmt":"2026-04-12T17:34:13","slug":"vanilla-28-kayali-fragrances","status":"publish","type":"product","link":"https:\/\/nicolefragrance.se\/hr\/proizvod\/vanilla-28-kayali-fragrances\/","title":{"rendered":"Nicole 3102 EDP inspiriran s Vanilla 28 Kayali Fragrances"},"content":{"rendered":"<p data-start=\"83\" data-end=\"345\"><strong data-start=\"83\" data-end=\"142\">Nicole 3102 EDP <\/strong>inspiriran s Vanilla 28 Kayali Fragrances <a href=\"https:\/\/nicolefragrance.se\/kategori\/unisex-sv\/\">univerzalni je miris<\/a> koji od prvog susreta osvaja svojom toplinom i rasko\u0161nom elegancijom. Namijenjen je svima koji vole notu vanilije, ali \u017eele da ona bude predstavljena na zreliji, luksuzniji na\u010din.<\/p>\n<p data-start=\"347\" data-end=\"845\">Otvara se svje\u017eim i nje\u017enim akordima vanilije orhideje i jasmina, koji parfemu daju cvjetnu lako\u0107u i elegantan uvod. U srcu mirisa pojavljuje se bogata brazilska tonka i topla, balsami\u010dna tonka mahunica, koje dodaju dubinu i kremastu puno\u0107u. U bazi dominira sme\u0111i \u0161e\u0107er, koji parfemu daje gurmanski ton. U kombinaciji s mo\u0161usom, jantarom i pa\u010dulijem \u010dini ga zrelim i profinjenim. Rezultat je harmonija toplog, gurmanskog i zavodljivog parfema, koji ostaje dovoljno luksuzan i za ve\u010dernje prilike.<\/p>\n<p data-start=\"847\" data-end=\"1115\"><strong data-start=\"83\" data-end=\"142\">Nicole 3102 EDP <\/strong>univerzalno je nosiv, a njegova posebnost le\u017ei i u sposobnosti da se kombinira s drugim parfemima, nagla\u0161avaju\u0107i njihove gurmanske, cvjetne ili drvenaste tonove. Time pru\u017ea personalizirani potpis, prilago\u0111en ukusu osobe koja ga nosi.<\/p>\n<p data-start=\"1117\" data-end=\"1353\"><strong data-start=\"83\" data-end=\"142\">Nicole 3102 EDP<\/strong> savr\u0161en je izbor za ljubitelje toplih i slatkih mirisa koji \u017eele ne\u0161to vi\u0161e od obi\u010dne vanilije. Sa svojom gurmanskom toplinom i luksuznim karakterom, ovaj miris simbolizira udobnost, senzualnost i moderan luksuz.<\/p>\n<p style=\"text-align: center;\" data-start=\"1355\" data-end=\"1376\">\u2501\u2501\u2501\u2501\u2501\u2501\u2501\u2501\u25c7\u25c6\u25c7\u2501\u2501\u2501\u2501\u2501\u2501\u2501\u2501<\/p>\n<p data-start=\"1378\" data-end=\"1797\">Mirisi <a href=\"https:\/\/nicolefragrance.se\/om-oss\/\"><strong data-start=\"1385\" data-end=\"1395\">Nicole<\/strong><\/a> nastaju od francuskih esencija i sadr\u017ee visokih 30% do 35% koncentrata parfema, \u0161to ih \u010dini jo\u0161 dugotrajnijima i intenzivnijima. Svi na\u0161i proizvodi prolaze dermatolo\u0161ka ispitivanja i imaju sve potrebne dozvole i certifikate, uklju\u010duju\u0107i <a href=\"https:\/\/ifrafragrance.org\/initiatives-positions\/safe-use-fragrance-science\/ifra-standards\" rel=\"noopener\">IFRA<\/a> \u2013 me\u0111unarodni garant kvalitete. Na\u0161i mirisi ekolo\u0161ki su prihvatljivi, ne sadr\u017ee sinteti\u010dke boje i formulirani su kako bi pru\u017eili luksuzno parfemsko iskustvo.<\/p>\n<p data-start=\"1799\" data-end=\"2072\"><strong data-start=\"1799\" data-end=\"1817\">Nicole parfemi<\/strong> bazirani su na visokokvalitetnim mirisnim esencijama i pakiraju se u elegantne bo\u010dice od 30 ml, 50 ml i 100 ml. Na taj na\u010din ne pla\u0107ate skupu dizajnersku ambala\u017eu i ime brenda, ve\u0107 dobivate miris inspiriran originalnim parfemima po pristupa\u010dnoj cijeni.<\/p>\n","protected":false},"excerpt":{"rendered":"<p><strong>Nicole 3102 EDP<\/strong> univerzalno je nosiv parfem, a njegova posebnost le\u017ei u sposobnosti da se kombinira s drugim parfemima, nagla\u0161avaju\u0107i njihove gurmanske, cvjetne ili drvenaste tonove. Savr\u0161en je izbor za ljubitelje toplih i slatkih mirisa koji \u017eele ne\u0161to vi\u0161e od obi\u010dne vanilije.<\/p>\n","protected":false},"featured_media":30407,"comment_status":"open","ping_status":"closed","template":"","meta":{"_acf_changed":false},"product_brand":[],"product_cat":[188,726],"product_tag":[],"class_list":{"0":"post-30408","1":"product","2":"type-product","3":"status-publish","4":"has-post-thumbnail","6":"product_cat-unisex","7":"product_cat-kayali-fragrances-marka","9":"first","10":"instock","11":"taxable","12":"shipping-taxable","13":"purchasable","14":"product-type-variable","15":"has-default-attributes"},"acf":[],"_links":{"self":[{"href":"https:\/\/nicolefragrance.se\/hr\/wp-json\/wp\/v2\/product\/30408","targetHints":{"allow":["GET"]}}],"collection":[{"href":"https:\/\/nicolefragrance.se\/hr\/wp-json\/wp\/v2\/product"}],"about":[{"href":"https:\/\/nicolefragrance.se\/hr\/wp-json\/wp\/v2\/types\/product"}],"replies":[{"embeddable":true,"href":"https:\/\/nicolefragrance.se\/hr\/wp-json\/wp\/v2\/comments?post=30408"}],"version-history":[{"count":0,"href":"https:\/\/nicolefragrance.se\/hr\/wp-json\/wp\/v2\/product\/30408\/revisions"}],"wp:featuredmedia":[{"embeddable":true,"href":"https:\/\/nicolefragrance.se\/hr\/wp-json\/wp\/v2\/media\/30407"}],"wp:attachment":[{"href":"https:\/\/nicolefragrance.se\/hr\/wp-json\/wp\/v2\/media?parent=30408"}],"wp:term":[{"taxonomy":"product_brand","embeddable":true,"href":"https:\/\/nicolefragrance.se\/hr\/wp-json\/wp\/v2\/product_brand?post=30408"},{"taxonomy":"product_cat","embeddable":true,"href":"https:\/\/nicolefragrance.se\/hr\/wp-json\/wp\/v2\/product_cat?post=30408"},{"taxonomy":"product_tag","embeddable":true,"href":"https:\/\/nicolefragrance.se\/hr\/wp-json\/wp\/v2\/product_tag?post=30408"}],"curies":[{"name":"wp","href":"https:\/\/api.w.org\/{rel}","templated":true}]}}