{"id":3040,"date":"2023-04-11T08:40:41","date_gmt":"2023-04-11T06:40:41","guid":{"rendered":"https:\/\/nicolefragrance.se\/?post_type=product&#038;p=3040"},"modified":"2025-07-07T07:42:24","modified_gmt":"2025-07-07T05:42:24","slug":"dior-sauvage-elixir-nicole-edp","status":"publish","type":"product","link":"https:\/\/nicolefragrance.se\/hr\/proizvod\/dior-sauvage-elixir-nicole-edp\/","title":{"rendered":"Nicole 3030 EDP inspiriran s Sauvage Elixir Dior"},"content":{"rendered":"<p><strong>Dior Sauvage Elixir<\/strong> je mu\u0161ki parfem koji balansira ikoni\u010dnu svje\u017einu sa notama grejpfruta, organske lavande, za\u010dina i slatkog, bogatog drve\u0107a.<\/p>\n<p>Lagano citrusno otvaranje sa grejpfrutom u kombinaciji sa ora\u0161\u010di\u0107em kao vode\u0107om notom i kardamonom kao svje\u017eim za\u010dinom je nevjerojatan spoj koji vas doslovno ostavlja bez daha pri prvom mirisu. Otvaranje je glatko i o\u0161tro istovremeno, i jednostavno po\u010dinje da zauzima prostor oko vas. Drveni, svje\u017ei ili za\u010dinski tonovi &#8211; svaka mirisna nota parfema eksplodira, osvaja, zahva\u0107a i obavija.<\/p>\n<p><strong>Dior Sauvage Elixir<\/strong> je parfem koji nosi snagu prirode i mu\u017eevnu energiju. Sa svojim intenzivnim notama i izuzetno koncentrisanim formulom, ovo je parfem za mu\u0161karca koji voli da se isti\u010de, da ostavlja nezaboravan trag i budi pa\u017enju gdje god da se pojavi. Elixir verzija ovog mirisa donosi dublje dimenzije poznate svje\u017eine, uvode\u0107i nove, privla\u010dne slojeve koji ostaju prisutni tijekom dana.<\/p>\n<p>Sauvage Elixir je vi\u0161e od obi\u010dnog parfema &#8211; to je izjava, identitet i potpis. Za one koji \u017eele da naglase svoju jedinstvenost, ovaj miris \u0107e biti saveznik u postizanju nepogre\u0161ivog stila i karizme. Bez obzira na priliku, <strong>Dior Sauvage Elixir<\/strong> \u0107e vas pratiti svojim dubokim notama, ostavljaju\u0107i nezaboravan pe\u010dat gdje god da krenete.<\/p>\n","protected":false},"excerpt":{"rendered":"<p>Dior Sauvage Elixir je parfem koji nosi snagu prirode i mu\u017eevnu energiju. Sa svojim intenzivnim notama i izuzetno koncentriranom formulom, ovo je parfem za mu\u0161karca koji voli da se isti\u010de, da ostavlja nezaboravan trag i budi pa\u017enju gdje god da se pojavi. Za one koji \u017eele naglasiti svoju jedinstvenost, ovaj miris \u0107e biti saveznik u postizanju nepogre\u0161ivog stila i karizme.<\/p>\n","protected":false},"featured_media":26596,"comment_status":"open","ping_status":"closed","template":"","meta":{"_acf_changed":false},"product_brand":[],"product_cat":[647,623],"product_tag":[],"class_list":{"0":"post-3040","1":"product","2":"type-product","3":"status-publish","4":"has-post-thumbnail","6":"product_cat-dior-marke","7":"product_cat-for-man","9":"first","10":"instock","11":"featured","12":"taxable","13":"shipping-taxable","14":"purchasable","15":"product-type-variable","16":"has-default-attributes"},"acf":[],"_links":{"self":[{"href":"https:\/\/nicolefragrance.se\/hr\/wp-json\/wp\/v2\/product\/3040","targetHints":{"allow":["GET"]}}],"collection":[{"href":"https:\/\/nicolefragrance.se\/hr\/wp-json\/wp\/v2\/product"}],"about":[{"href":"https:\/\/nicolefragrance.se\/hr\/wp-json\/wp\/v2\/types\/product"}],"replies":[{"embeddable":true,"href":"https:\/\/nicolefragrance.se\/hr\/wp-json\/wp\/v2\/comments?post=3040"}],"version-history":[{"count":0,"href":"https:\/\/nicolefragrance.se\/hr\/wp-json\/wp\/v2\/product\/3040\/revisions"}],"wp:featuredmedia":[{"embeddable":true,"href":"https:\/\/nicolefragrance.se\/hr\/wp-json\/wp\/v2\/media\/26596"}],"wp:attachment":[{"href":"https:\/\/nicolefragrance.se\/hr\/wp-json\/wp\/v2\/media?parent=3040"}],"wp:term":[{"taxonomy":"product_brand","embeddable":true,"href":"https:\/\/nicolefragrance.se\/hr\/wp-json\/wp\/v2\/product_brand?post=3040"},{"taxonomy":"product_cat","embeddable":true,"href":"https:\/\/nicolefragrance.se\/hr\/wp-json\/wp\/v2\/product_cat?post=3040"},{"taxonomy":"product_tag","embeddable":true,"href":"https:\/\/nicolefragrance.se\/hr\/wp-json\/wp\/v2\/product_tag?post=3040"}],"curies":[{"name":"wp","href":"https:\/\/api.w.org\/{rel}","templated":true}]}}