{"id":30365,"date":"2025-09-01T22:46:34","date_gmt":"2025-09-01T20:46:34","guid":{"rendered":"https:\/\/nicolefragrance.se\/?post_type=product&#038;p=30365"},"modified":"2025-09-11T07:47:18","modified_gmt":"2025-09-11T05:47:18","slug":"tom-ford-jasmin-rouge","status":"publish","type":"product","link":"https:\/\/nicolefragrance.se\/hr\/proizvod\/tom-ford-jasmin-rouge\/","title":{"rendered":"Nicole 2077 EDP inspiriran s Tom Ford Jasmin Rouge"},"content":{"rendered":"<p data-start=\"83\" data-end=\"256\"><strong data-start=\"83\" data-end=\"135\">Nicole 2077 EDP <\/strong>inspiriran s\u00a0 Tom Ford Jasmin Rouge luksuzni je <a href=\"https:\/\/nicolefragrance.se\/kategori\/for-kvinnor\/\">\u017eenski parfem<\/a> lansiran 2011. godine, koji spaja provokativnu snagu za\u010dina i rasko\u0161nu puno\u0107u cvjetnih nota.<\/p>\n<p data-start=\"258\" data-end=\"811\">Ovaj miris se izdvaja svojom za\u010dinsko-cvjetnom kompozicijom, osmi\u0161ljenom da istakne intenzivnu, zavodljivu stranu jasmina. U kombinaciji s kaduljom i toplim za\u010dinima, parfem dobiva neo\u010dekivanu snagu i orijentalni prizvuk. Cvjetni dio kompozicije dodatno oboga\u0107uje ylang-ylang, koji doprinosi slo\u017eenosti i daje mirisu blagu slatkastu i aromati\u010dnu dimenziju. U bazi se razvijaju labdanum i amber, zaokru\u017euju\u0107i parfem senzualnom, bogatom i zavodljivom toplinom. Rezultat je miris rasko\u0161an, zasi\u0107en i mo\u0107an, idealan za one koji \u017eele ostaviti sna\u017ean dojam.<\/p>\n<p data-start=\"813\" data-end=\"1054\">Inspiracija iza <strong>Nicole 2077 EDP<\/strong>\u00a0krije se u glamuru i rasko\u0161i crvenog karmina, simbola smjelosti i \u017eenstvenosti. To je miris za ve\u010dernje prilike, posebne trenutke i situacije kada \u017eelite naglasiti svoju eroti\u010dnost i samopouzdanje.<\/p>\n<p data-start=\"1056\" data-end=\"1317\"><strong>Nicole 2077 EDP<\/strong> nije tipi\u010dan cvjetni parfem \u2013 otkriva novu, neo\u010dekivanu stranu jasmina koja balansira izme\u0111u senzualne meko\u0107e i za\u010dinske provokativnosti. Namijenjen je osobama koje vole izra\u017eene, karaktern\u0435 parfeme i ne boje se biti u centru pa\u017enje.<\/p>\n<p style=\"text-align: center;\" data-start=\"1319\" data-end=\"1340\">\u2501\u2501\u2501\u2501\u2501\u2501\u2501\u2501\u25c7\u25c6\u25c7\u2501\u2501\u2501\u2501\u2501\u2501\u2501\u2501<\/p>\n<p data-start=\"1342\" data-end=\"1773\">Mirisi <a href=\"https:\/\/nicolefragrance.se\/om-oss\/\"><strong data-start=\"1349\" data-end=\"1359\">Nicole<\/strong><\/a> nastaju od originalnih francuskih esencija i sadr\u017ee visokih 30% do 35% koncentrata parfema, \u0161to ih \u010dini jo\u0161 dugotrajnijima i intenzivnijima. Svi na\u0161i proizvodi prolaze dermatolo\u0161ka ispitivanja i imaju sve potrebne dozvole i certifikate, uklju\u010duju\u0107i <a href=\"https:\/\/ifrafragrance.org\/initiatives-positions\/safe-use-fragrance-science\/ifra-standards\" rel=\"noopener\">IFRA<\/a> \u2013 me\u0111unarodni garant kvalitete. Na\u0161i mirisi ekolo\u0161ki su prihvatljivi, ne sadr\u017ee sinteti\u010dke boje i formulirani su kako bi pru\u017eili luksuzno parfemsko iskustvo.<\/p>\n<p data-start=\"1775\" data-end=\"2048\"><strong data-start=\"1775\" data-end=\"1793\">Nicole parfemi<\/strong> bazirani su na visokokvalitetnim mirisnim esencijama i pakiraju se u elegantne bo\u010dice od 30 ml, 50 ml i 100 ml. Na taj na\u010din ne pla\u0107ate skupu dizajnersku ambala\u017eu i ime brenda, ve\u0107 dobivate miris inspiriran originalnim parfemima po pristupa\u010dnoj cijeni.<\/p>\n","protected":false},"excerpt":{"rendered":"<p><strong>Nicole 2077 EDP<\/strong> nije tipi\u010dan cvjetni parfem \u2013 otkriva novu, neo\u010dekivanu stranu jasmina. Namijenjen je osobama koje vole izra\u017eene, karaktern\u0435 parfeme i ne boje se biti u centru pa\u017enje. To je miris za ve\u010dernje prilike, posebne trenutke i situacije kada \u017eelite naglasiti svoju eroti\u010dnost i samopouzdanje.<\/p>\n","protected":false},"featured_media":30387,"comment_status":"open","ping_status":"closed","template":"","meta":{"_acf_changed":false},"product_brand":[],"product_cat":[203,186],"product_tag":[],"class_list":{"0":"post-30365","1":"product","2":"type-product","3":"status-publish","4":"has-post-thumbnail","6":"product_cat-tom-ford-marka","7":"product_cat-za-zene","9":"first","10":"instock","11":"taxable","12":"shipping-taxable","13":"purchasable","14":"product-type-variable","15":"has-default-attributes"},"acf":[],"_links":{"self":[{"href":"https:\/\/nicolefragrance.se\/hr\/wp-json\/wp\/v2\/product\/30365","targetHints":{"allow":["GET"]}}],"collection":[{"href":"https:\/\/nicolefragrance.se\/hr\/wp-json\/wp\/v2\/product"}],"about":[{"href":"https:\/\/nicolefragrance.se\/hr\/wp-json\/wp\/v2\/types\/product"}],"replies":[{"embeddable":true,"href":"https:\/\/nicolefragrance.se\/hr\/wp-json\/wp\/v2\/comments?post=30365"}],"version-history":[{"count":0,"href":"https:\/\/nicolefragrance.se\/hr\/wp-json\/wp\/v2\/product\/30365\/revisions"}],"wp:featuredmedia":[{"embeddable":true,"href":"https:\/\/nicolefragrance.se\/hr\/wp-json\/wp\/v2\/media\/30387"}],"wp:attachment":[{"href":"https:\/\/nicolefragrance.se\/hr\/wp-json\/wp\/v2\/media?parent=30365"}],"wp:term":[{"taxonomy":"product_brand","embeddable":true,"href":"https:\/\/nicolefragrance.se\/hr\/wp-json\/wp\/v2\/product_brand?post=30365"},{"taxonomy":"product_cat","embeddable":true,"href":"https:\/\/nicolefragrance.se\/hr\/wp-json\/wp\/v2\/product_cat?post=30365"},{"taxonomy":"product_tag","embeddable":true,"href":"https:\/\/nicolefragrance.se\/hr\/wp-json\/wp\/v2\/product_tag?post=30365"}],"curies":[{"name":"wp","href":"https:\/\/api.w.org\/{rel}","templated":true}]}}