{"id":30334,"date":"2025-09-01T22:35:14","date_gmt":"2025-09-01T20:35:14","guid":{"rendered":"https:\/\/nicolefragrance.se\/?post_type=product&#038;p=30334"},"modified":"2025-09-11T07:47:24","modified_gmt":"2025-09-11T05:47:24","slug":"le-beau-flower-edition-jean-paul-gaultier","status":"publish","type":"product","link":"https:\/\/nicolefragrance.se\/hr\/proizvod\/le-beau-flower-edition-jean-paul-gaultier\/","title":{"rendered":"Nicole 3101 EDP inspiriran s Le Beau Flower Edition Jean Paul Gaultier"},"content":{"rendered":"<p data-start=\"95\" data-end=\"348\"><strong data-start=\"95\" data-end=\"167\">Nicole 3101 EDP <\/strong>inspiriran s Le Beau Flower Edition Jean Paul Gaultier je limitirano izdanje <a href=\"https:\/\/nicolefragrance.se\/kategori\/for-man\/\">mu\u0161kog parfema<\/a> iz 2025. godine. Ovaj miris spaja zavodljivost, snagu i floralnu misterioznost, isti\u010du\u0107i kontrast izme\u0111u svje\u017eine i duboko senzualnih tonova.<\/p>\n<p data-start=\"350\" data-end=\"758\">Otvaranje parfema donosi eksploziju egzoti\u010dnog kumkvata i limuna, koji unose osvje\u017eavaju\u0107u i energi\u010dnu iskru. Citrusni uvod je lagan, so\u010dan i neodoljivo privla\u010dan. Srce kompozicije otkriva ljubi\u010dicu i geranij, pru\u017eaju\u0107i mu\u0161ku, aromati\u010dnu i suptilno cvjetnu dimenziju koja dodaje sloj misterije i \u0161arma. Ovaj cvjetni kontrast unosi ravnote\u017eu izme\u0111u snage i elegancije, nagla\u0161avaju\u0107i sofisticiranu mu\u017eevnost.<\/p>\n<p data-start=\"760\" data-end=\"1076\">Kako se parfem razvija, dolazi do izra\u017eaja senzualna osnova od ka\u0161merana, tonke i pa\u010dulija. Ka\u0161meran daje bar\u0161unastu toplinu i rasko\u0161, tonka unosi kremastu, gotovo gurmansku slast, dok pa\u010duli pru\u017ea zemljanu dubinu i zavodljivu mu\u017eevnu notu. Rezultat je mo\u0107an i intenzivan \u201cdry down\u201d koji ostavlja nezaboravan trag.<\/p>\n<p data-start=\"1078\" data-end=\"1348\"><strong data-start=\"95\" data-end=\"167\">Nicole 3101 EDP<\/strong> parfem je za mu\u0161karce koji \u017eele biti uo\u010deni \u2013 zavodljiv, misteriozan i provokativan, a istovremeno osvje\u017eavaju\u0107e moderan. Inspiriran mitolo\u0161kom pri\u010dom o Rajskom vrtu, ovaj miris donosi igru kontrasta: svjetlost i sjenu, nevinost i isku\u0161enje.<\/p>\n<p style=\"text-align: center;\" data-start=\"1350\" data-end=\"1371\">\u2501\u2501\u2501\u2501\u2501\u2501\u2501\u2501\u25c7\u25c6\u25c7\u2501\u2501\u2501\u2501\u2501\u2501\u2501\u2501<\/p>\n<p data-start=\"1373\" data-end=\"1792\">Mirisi <a href=\"https:\/\/nicolefragrance.se\/om-oss\/\"><strong data-start=\"1380\" data-end=\"1390\">Nicole<\/strong><\/a> nastaju od francuskih esencija i sadr\u017ee visokih 30% do 35% koncentrata parfema, \u0161to ih \u010dini jo\u0161 dugotrajnijima i intenzivnijima. Svi na\u0161i proizvodi prolaze dermatolo\u0161ka ispitivanja i imaju sve potrebne dozvole i certifikate, uklju\u010duju\u0107i <a href=\"https:\/\/ifrafragrance.org\/initiatives-positions\/safe-use-fragrance-science\/ifra-standards\" rel=\"noopener\">IFRA<\/a> \u2013 me\u0111unarodni garant kvalitete. Na\u0161i mirisi ekolo\u0161ki su prihvatljivi, ne sadr\u017ee sinteti\u010dke boje i formulirani su kako bi pru\u017eili luksuzno parfemsko iskustvo.<\/p>\n<p data-start=\"1794\" data-end=\"2067\"><strong data-start=\"1794\" data-end=\"1812\">Nicole parfemi<\/strong> bazirani su na visokokvalitetnim mirisnim esencijama i pakiraju se u elegantne bo\u010dice od 30 ml, 50 ml i 100 ml. Na taj na\u010din ne pla\u0107ate skupu dizajnersku ambala\u017eu i ime brenda, ve\u0107 dobivate miris inspiriran originalnim parfemima po pristupa\u010dnoj cijeni.<\/p>\n","protected":false},"excerpt":{"rendered":"<p><strong>Nicole 3101 EDP<\/strong> parfem je koji spaja zavodljivost, snagu i floralnu misterioznost. Namijenjen je mu\u0161karcima koji \u017eele biti uo\u010deni \u2013 zavodljiv, misteriozan i provokativan, a istovremeno osvje\u017eavaju\u0107e moderan. Inspiriran mitolo\u0161kom pri\u010dom o Rajskom vrtu, ovaj miris donosi igru kontrasta \u2013 svjetlost i sjenu, nevinost i isku\u0161enje.<\/p>\n","protected":false},"featured_media":30356,"comment_status":"open","ping_status":"closed","template":"","meta":{"_acf_changed":false},"product_brand":[],"product_cat":[640,623],"product_tag":[],"class_list":{"0":"post-30334","1":"product","2":"type-product","3":"status-publish","4":"has-post-thumbnail","6":"product_cat-jean-paul-gaultier-marke","7":"product_cat-for-man","9":"first","10":"instock","11":"taxable","12":"shipping-taxable","13":"purchasable","14":"product-type-variable","15":"has-default-attributes"},"acf":[],"_links":{"self":[{"href":"https:\/\/nicolefragrance.se\/hr\/wp-json\/wp\/v2\/product\/30334","targetHints":{"allow":["GET"]}}],"collection":[{"href":"https:\/\/nicolefragrance.se\/hr\/wp-json\/wp\/v2\/product"}],"about":[{"href":"https:\/\/nicolefragrance.se\/hr\/wp-json\/wp\/v2\/types\/product"}],"replies":[{"embeddable":true,"href":"https:\/\/nicolefragrance.se\/hr\/wp-json\/wp\/v2\/comments?post=30334"}],"version-history":[{"count":0,"href":"https:\/\/nicolefragrance.se\/hr\/wp-json\/wp\/v2\/product\/30334\/revisions"}],"wp:featuredmedia":[{"embeddable":true,"href":"https:\/\/nicolefragrance.se\/hr\/wp-json\/wp\/v2\/media\/30356"}],"wp:attachment":[{"href":"https:\/\/nicolefragrance.se\/hr\/wp-json\/wp\/v2\/media?parent=30334"}],"wp:term":[{"taxonomy":"product_brand","embeddable":true,"href":"https:\/\/nicolefragrance.se\/hr\/wp-json\/wp\/v2\/product_brand?post=30334"},{"taxonomy":"product_cat","embeddable":true,"href":"https:\/\/nicolefragrance.se\/hr\/wp-json\/wp\/v2\/product_cat?post=30334"},{"taxonomy":"product_tag","embeddable":true,"href":"https:\/\/nicolefragrance.se\/hr\/wp-json\/wp\/v2\/product_tag?post=30334"}],"curies":[{"name":"wp","href":"https:\/\/api.w.org\/{rel}","templated":true}]}}