{"id":30303,"date":"2025-09-01T22:23:42","date_gmt":"2025-09-01T20:23:42","guid":{"rendered":"https:\/\/nicolefragrance.se\/?post_type=product&#038;p=30303"},"modified":"2025-09-11T07:47:28","modified_gmt":"2025-09-11T05:47:28","slug":"narciso-rodriguez-poudree","status":"publish","type":"product","link":"https:\/\/nicolefragrance.se\/hr\/proizvod\/narciso-rodriguez-poudree\/","title":{"rendered":"Nicole 2076 EDP inspiriran s Narciso Rodriguez Poudree"},"content":{"rendered":"<p data-start=\"85\" data-end=\"243\"><strong data-start=\"85\" data-end=\"141\">Nicole 2076 EDP <\/strong>inspiriran s Narciso Rodriguez Poudree lansiran je 2016. godine i predstavlja <a href=\"https:\/\/nicolefragrance.se\/kategori\/for-kvinnor\/\">\u017eenski parfem<\/a> iz obitelji cvjetno-drvenasto-mo\u0161u\u0161nih mirisa.<\/p>\n<p data-start=\"245\" data-end=\"803\">Ovaj elegantni miris otkriva svoj karakter kroz rasko\u0161ni cvjetni uvod u kojem se pro\u017eimaju bugarska ru\u017ea, jasmin i cvijet naran\u010de. Kombinacija ovih nota stvara svje\u017e, \u010dist i \u017eenstven po\u010detak, koji vodi prema srcu parfema \u2013 prepoznatljivom <strong data-start=\"484\" data-end=\"508\">Narciso mo\u0161us akordu<\/strong>. Upravo ovaj puderasti, kremasti mo\u0161us daje kompoziciji poseban ton, podsje\u0107aju\u0107i na luksuzni pre\u0161ani kozmeti\u010dki prah, istovremeno nje\u017ean i sofisticiran. Baza parfema donosi toplinu i \u010dvrstinu kroz note cedra i vetivera, dok prisutnost kumarina pru\u017ea suptilnu slast i zaokru\u017euje cijeli miris.<\/p>\n<p data-start=\"805\" data-end=\"1013\">Ovaj balans \u010dini da <strong data-start=\"85\" data-end=\"141\">Nicole 2076 EDP<\/strong>\u00a0djeluje istovremeno moderno i klasi\u010dno \u2013 miris koji odi\u0161e meko\u0107om, ali i karakterom. Puderasta aura parfema pru\u017ea osje\u0107aj udobnosti, nje\u017enosti i elegancije.<\/p>\n<p data-start=\"1015\" data-end=\"1359\"><strong data-start=\"85\" data-end=\"141\">Nicole 2076 EDP<\/strong> namijenjen je \u017eenama koje \u017eele naglasiti svoju sofisticiranost i \u017eenstvenost na suptilan na\u010din. Nije nametljiv parfem, ve\u0107 miris koji gradi intimnu auru oko osobe koja ga nosi. Idealno se uklapa u dnevne prilike, ali jednako dobro funkcionira i u ve\u010dernjim satima kada \u017eelite ostaviti dojam otmjenosti i luksuza.<\/p>\n<p style=\"text-align: center;\" data-start=\"1361\" data-end=\"1382\">\u2501\u2501\u2501\u2501\u2501\u2501\u2501\u2501\u25c7\u25c6\u25c7\u2501\u2501\u2501\u2501\u2501\u2501\u2501\u2501<\/p>\n<p data-start=\"1384\" data-end=\"1815\">Mirisi <a href=\"https:\/\/nicolefragrance.se\/om-oss\/\"><strong data-start=\"1391\" data-end=\"1401\">Nicole<\/strong><\/a> nastaju od originalnih francuskih esencija i sadr\u017ee visokih 30% do 35% koncentrata parfema, \u0161to ih \u010dini jo\u0161 dugotrajnijima i intenzivnijima. Svi na\u0161i proizvodi prolaze dermatolo\u0161ka ispitivanja i imaju sve potrebne dozvole i certifikate, uklju\u010duju\u0107i <a href=\"https:\/\/ifrafragrance.org\/initiatives-positions\/safe-use-fragrance-science\/ifra-standards\" rel=\"noopener\">IFRA<\/a> \u2013 me\u0111unarodni garant kvalitete. Na\u0161i mirisi ekolo\u0161ki su prihvatljivi, ne sadr\u017ee sinteti\u010dke boje i formulirani su kako bi pru\u017eili luksuzno parfemsko iskustvo.<\/p>\n<p data-start=\"1817\" data-end=\"2090\"><strong data-start=\"1817\" data-end=\"1835\">Nicole parfemi<\/strong> bazirani su na visokokvalitetnim mirisnim esencijama i pakiraju se u elegantne bo\u010dice od 30 ml, 50 ml i 100 ml. Na taj na\u010din ne pla\u0107ate skupu dizajnersku ambala\u017eu i ime brenda, ve\u0107 dobivate miris inspiriran originalnim parfemima po pristupa\u010dnoj cijeni.<\/p>\n","protected":false},"excerpt":{"rendered":"<p><strong>Nicole 2076 EDP<\/strong> namijenjen je \u017eenama koje \u017eele naglasiti svoju sofisticiranost i \u017eenstvenost na suptilan na\u010din. Nije nametljiv parfem, ve\u0107 miris koji stvara intimnu aureolu oko osobe koja ga nosi. Savr\u0161eno se uklapa u dnevne prilike, ali jednako dobro funkcionira i u ve\u010dernjim satima kada \u017eelite ostaviti dojam otmjenosti i luksuza.<\/p>\n","protected":false},"featured_media":30325,"comment_status":"open","ping_status":"closed","template":"","meta":{"_acf_changed":false},"product_brand":[],"product_cat":[213,186],"product_tag":[],"class_list":{"0":"post-30303","1":"product","2":"type-product","3":"status-publish","4":"has-post-thumbnail","6":"product_cat-narciso-rodriguez-marka","7":"product_cat-za-zene","9":"first","10":"instock","11":"taxable","12":"shipping-taxable","13":"purchasable","14":"product-type-variable","15":"has-default-attributes"},"acf":[],"_links":{"self":[{"href":"https:\/\/nicolefragrance.se\/hr\/wp-json\/wp\/v2\/product\/30303","targetHints":{"allow":["GET"]}}],"collection":[{"href":"https:\/\/nicolefragrance.se\/hr\/wp-json\/wp\/v2\/product"}],"about":[{"href":"https:\/\/nicolefragrance.se\/hr\/wp-json\/wp\/v2\/types\/product"}],"replies":[{"embeddable":true,"href":"https:\/\/nicolefragrance.se\/hr\/wp-json\/wp\/v2\/comments?post=30303"}],"version-history":[{"count":0,"href":"https:\/\/nicolefragrance.se\/hr\/wp-json\/wp\/v2\/product\/30303\/revisions"}],"wp:featuredmedia":[{"embeddable":true,"href":"https:\/\/nicolefragrance.se\/hr\/wp-json\/wp\/v2\/media\/30325"}],"wp:attachment":[{"href":"https:\/\/nicolefragrance.se\/hr\/wp-json\/wp\/v2\/media?parent=30303"}],"wp:term":[{"taxonomy":"product_brand","embeddable":true,"href":"https:\/\/nicolefragrance.se\/hr\/wp-json\/wp\/v2\/product_brand?post=30303"},{"taxonomy":"product_cat","embeddable":true,"href":"https:\/\/nicolefragrance.se\/hr\/wp-json\/wp\/v2\/product_cat?post=30303"},{"taxonomy":"product_tag","embeddable":true,"href":"https:\/\/nicolefragrance.se\/hr\/wp-json\/wp\/v2\/product_tag?post=30303"}],"curies":[{"name":"wp","href":"https:\/\/api.w.org\/{rel}","templated":true}]}}