{"id":30270,"date":"2025-09-01T22:08:48","date_gmt":"2025-09-01T20:08:48","guid":{"rendered":"https:\/\/nicolefragrance.se\/?post_type=product&#038;p=30270"},"modified":"2026-03-20T14:30:04","modified_gmt":"2026-03-20T13:30:04","slug":"narciso-rodriguez-pure-musc-for-her","status":"publish","type":"product","link":"https:\/\/nicolefragrance.se\/hr\/proizvod\/narciso-rodriguez-pure-musc-for-her\/","title":{"rendered":"Nicole 2075 EDP inspiriran s Narciso Rodriguez Pure Musc For Her"},"content":{"rendered":"<p data-start=\"85\" data-end=\"382\"><strong data-start=\"85\" data-end=\"151\">Nicole 2075 EDP <\/strong>inspiriran s Narciso Rodriguez Pure Musc For Her cvjetno-drvenasti je <a href=\"https:\/\/nicolefragrance.se\/kategori\/for-kvinnor\/\">parfem za \u017eene<\/a> koji donosi reinterpretaciju prepoznatljivog brendiranog mo\u0161usa. Kreiran je kako bi naglasio prirodnu ljepotu i unutarnju snagu \u017eene, a istovremeno pru\u017eio osje\u0107aj nje\u017enosti, topline i luksuza.<\/p>\n<p data-start=\"384\" data-end=\"752\">U vrhu parfema nalaze se note cvijeta naran\u010de, koje unose svjetlost, \u017eenstvenost i da\u0161ak svje\u017eine. Srce mirisa \u010dini bogati akord mo\u0161usa \u2013 sredi\u0161nji element cijele kompozicije \u2013 koji donosi \u010disto\u0107u i prepoznatljiv osje\u0107aj na ko\u017ei. U osnovi se razvija ka\u0161meran, nota koja parfemu daje dubinu, meko\u0107u i zavodljivu toplinu, stvaraju\u0107i dojam luksuznog, obavijaju\u0107eg vela.<\/p>\n<p data-start=\"754\" data-end=\"1076\"><strong data-start=\"85\" data-end=\"151\">Nicole 2075 EDP<\/strong> nije samo parfem \u2013 zami\u0161ljen je kao temeljni sloj mirisne garderobe. Mo\u017ee se nositi samostalno, kada odi\u0161e \u010disto\u0107om i minimalisti\u010dkim luksuzom, ali i u kombinaciji s drugim mirisima iz kolekcije. Ova \u201eumjetnost mo\u0161usa\u201c omogu\u0107ava svakoj \u017eeni da stvori vlastiti, jedinstveni potpis.<\/p>\n<p data-start=\"1078\" data-end=\"1439\">Sa svojim kontrastom nje\u017enog i senzualnog, <strong data-start=\"85\" data-end=\"151\">Nicole 2075 EDP<\/strong>\u00a0idealan je izbor za \u017eene koje tra\u017ee parfem \u0161to odi\u0161e sofisticirano\u0161\u0107u i snagom. Istodobno ostaje suptilan i nenametljiv, a njegova toplina i postojanost \u010dine ga savr\u0161enim za svakodnevno no\u0161enje. Odli\u010dan je i za posebne prilike kada \u017eelite naglasiti svoju prirodnu senzualnost.<\/p>\n<p style=\"text-align: center;\" data-start=\"1441\" data-end=\"1462\">\u2501\u2501\u2501\u2501\u2501\u2501\u2501\u2501\u25c7\u25c6\u25c7\u2501\u2501\u2501\u2501\u2501\u2501\u2501\u2501<\/p>\n<p data-start=\"1464\" data-end=\"1895\">Mirisi <a href=\"https:\/\/nicolefragrance.se\/om-oss\/\"><strong data-start=\"1471\" data-end=\"1481\">Nicole<\/strong><\/a> nastaju od originalnih francuskih esencija i sadr\u017ee visokih 30% do 35% koncentrata parfema, \u0161to ih \u010dini jo\u0161 dugotrajnijima i intenzivnijima. Svi na\u0161i proizvodi prolaze dermatolo\u0161ka ispitivanja i imaju sve potrebne dozvole i certifikate, uklju\u010duju\u0107i <a href=\"https:\/\/ifrafragrance.org\/initiatives-positions\/safe-use-fragrance-science\/ifra-standards\" rel=\"noopener\">IFRA<\/a> \u2013 me\u0111unarodni garant kvalitete. Na\u0161i mirisi ekolo\u0161ki su prihvatljivi, ne sadr\u017ee sinteti\u010dke boje i formulirani su kako bi pru\u017eili luksuzno parfemsko iskustvo.<\/p>\n<p data-start=\"1897\" data-end=\"2170\"><strong data-start=\"1897\" data-end=\"1915\">Nicole parfemi<\/strong> bazirani su na visokokvalitetnim mirisnim esencijama i pakiraju se u elegantne bo\u010dice od 30 ml, 50 ml i 100 ml. Na taj na\u010din ne pla\u0107ate skupu dizajnersku ambala\u017eu i ime brenda, ve\u0107 dobivate miris inspiriran originalnim parfemima po pristupa\u010dnoj cijeni.<\/p>\n","protected":false},"excerpt":{"rendered":"<p><strong>Nicole 2075 EDP<\/strong> idealan je izbor za \u017eene koje tra\u017ee parfem \u0161to odi\u0161e sofisticirano\u0161\u0107u i snagom. Istovremeno ostaje suptilan i nenametljiv, a njegova toplina i postojanost \u010dine ga savr\u0161enim za svakodnevno no\u0161enje. Odli\u010dan je i za posebne prilike kada \u017eelite naglasiti svoju prirodnu senzualnost.<\/p>\n","protected":false},"featured_media":30293,"comment_status":"open","ping_status":"closed","template":"","meta":{"_acf_changed":false},"product_brand":[],"product_cat":[213,186],"product_tag":[],"class_list":{"0":"post-30270","1":"product","2":"type-product","3":"status-publish","4":"has-post-thumbnail","6":"product_cat-narciso-rodriguez-marka","7":"product_cat-za-zene","9":"first","10":"instock","11":"taxable","12":"shipping-taxable","13":"purchasable","14":"product-type-variable","15":"has-default-attributes"},"acf":[],"_links":{"self":[{"href":"https:\/\/nicolefragrance.se\/hr\/wp-json\/wp\/v2\/product\/30270","targetHints":{"allow":["GET"]}}],"collection":[{"href":"https:\/\/nicolefragrance.se\/hr\/wp-json\/wp\/v2\/product"}],"about":[{"href":"https:\/\/nicolefragrance.se\/hr\/wp-json\/wp\/v2\/types\/product"}],"replies":[{"embeddable":true,"href":"https:\/\/nicolefragrance.se\/hr\/wp-json\/wp\/v2\/comments?post=30270"}],"version-history":[{"count":0,"href":"https:\/\/nicolefragrance.se\/hr\/wp-json\/wp\/v2\/product\/30270\/revisions"}],"wp:featuredmedia":[{"embeddable":true,"href":"https:\/\/nicolefragrance.se\/hr\/wp-json\/wp\/v2\/media\/30293"}],"wp:attachment":[{"href":"https:\/\/nicolefragrance.se\/hr\/wp-json\/wp\/v2\/media?parent=30270"}],"wp:term":[{"taxonomy":"product_brand","embeddable":true,"href":"https:\/\/nicolefragrance.se\/hr\/wp-json\/wp\/v2\/product_brand?post=30270"},{"taxonomy":"product_cat","embeddable":true,"href":"https:\/\/nicolefragrance.se\/hr\/wp-json\/wp\/v2\/product_cat?post=30270"},{"taxonomy":"product_tag","embeddable":true,"href":"https:\/\/nicolefragrance.se\/hr\/wp-json\/wp\/v2\/product_tag?post=30270"}],"curies":[{"name":"wp","href":"https:\/\/api.w.org\/{rel}","templated":true}]}}