{"id":30237,"date":"2025-09-01T21:14:50","date_gmt":"2025-09-01T19:14:50","guid":{"rendered":"https:\/\/nicolefragrance.se\/?post_type=product&#038;p=30237"},"modified":"2026-01-31T23:04:14","modified_gmt":"2026-01-31T22:04:14","slug":"black-phantom-by-kilian","status":"publish","type":"product","link":"https:\/\/nicolefragrance.se\/hr\/proizvod\/black-phantom-by-kilian\/","title":{"rendered":"Nicole 3100 EDP inspiriran s Black Phantom By Kilian"},"content":{"rendered":"<p data-start=\"84\" data-end=\"363\"><strong>Nicole 3100 EDP inspiriran s Black Phantom By Kilian<\/strong> miris je koji spaja zavodljivu tamu i rasko\u0161ne gurmanske note. Lansiran 2017. godine, ovaj parfem ubrzo je stekao kultni status me\u0111u ljubiteljima luksuznih <a href=\"https:\/\/nicolefragrance.se\/kategori\/unisex-sv\/\">unisex mirisa<\/a> namijenjenih hladnijim danima i ve\u010dernjim prilikama.<\/p>\n<p data-start=\"365\" data-end=\"999\">Na samom po\u010detku osje\u0107a se intenzivna i opojna nota ruma, koja parfemu daje prepoznatljiv karakter opijenosti i uvodi u bogatu pri\u010du \u0161to se razvija u srcu kompozicije. U njemu dominira rasko\u0161na mje\u0161avina tamne \u010dokolade, kave i badema, oboga\u0107ena cvjetnim dodirom heliotropa. Zajedno stvaraju dojam dekadentnog deserta \u2013 toplog i aromati\u010dnog, poput irske kave preto\u010dene u parfem. U osnovi, <strong>Nicole 3100 EDP<\/strong>\u00a0razvija se u zavodljivu harmoniju karamele, \u0161e\u0107erne trske, sandalovine, vanilije, tonke i vetivera. Suptilna kombinacija slatkih i drvenastih tonova daje mu dugotrajan, senzualan zavr\u0161etak koji ostavlja neodoljiv trag na ko\u017ei.<\/p>\n<p data-start=\"1001\" data-end=\"1346\"><strong>Nicole 3100 EDP <\/strong>\u00a0stvoren je za ljubitelje intenzivnih i bogatih parfema koji tra\u017ee miris s karakterom. Idealan je za hladne dane, ve\u010dernje izlaske i posebne prilike kada \u017eelite naglasiti svoju jedinstvenost i privla\u010dnost. Ovaj parfem jednako dobro pristaje i \u017eenama i mu\u0161karcima, nagla\u0161avaju\u0107i snagu i eleganciju u svakoj situaciji.<\/p>\n<p style=\"text-align: center;\" data-start=\"1348\" data-end=\"1369\">\u2501\u2501\u2501\u2501\u2501\u2501\u2501\u2501\u25c7\u25c6\u25c7\u2501\u2501\u2501\u2501\u2501\u2501\u2501\u2501<\/p>\n<p data-start=\"1371\" data-end=\"1772\">Mirisi <a href=\"https:\/\/nicolefragrance.se\/om-oss\/\"><strong data-start=\"1378\" data-end=\"1388\">Nicole<\/strong><\/a> nastaju od francuskih esencija. Svi na\u0161i proizvodi prolaze dermatolo\u0161ka ispitivanja i imaju sve potrebne dozvole i certifikate, me\u0111u kojima i <a href=\"https:\/\/ifrafragrance.org\/initiatives-positions\/safe-use-fragrance-science\/ifra-standards\" rel=\"noopener\">IFRA<\/a> \u2013 me\u0111unarodni garant kvalitete. Na\u0161i mirisi ekolo\u0161ki su prihvatljivi i ne sadr\u017ee sinteti\u010dke boje. Koncentrat kategorije <strong data-start=\"1656\" data-end=\"1699\">\u201cEDP (Eau de Parfum) \u2013 fine fragrances\u201c<\/strong> ozna\u010dava da se ne radi o toaletnim vodama, ve\u0107 isklju\u010divo o parfemima.<\/p>\n<p data-start=\"1774\" data-end=\"2047\"><strong data-start=\"1774\" data-end=\"1792\">Nicole parfemi<\/strong> bazirani su na visokokvalitetnim mirisnim esencijama i pakiraju se u elegantne bo\u010dice od 30 ml, 50 ml i 100 ml. Na taj na\u010din ne pla\u0107ate skupu dizajnersku ambala\u017eu i ime brenda, ve\u0107 dobivate miris inspiriran originalnim parfemima po pristupa\u010dnoj cijeni.<\/p>\n","protected":false},"excerpt":{"rendered":"<p><strong>Nicole 3100 EDP<\/strong> stvoren je za ljubitelje intenzivnih i bogatih parfema koji tra\u017ee miris s karakterom. Idealan je za hladne dane, ve\u010dernje izlaske i posebne prilike kada \u017eelite naglasiti svoju jedinstvenost i privla\u010dnost. Ovaj parfem jednako dobro pristaje i \u017eenama i mu\u0161karcima, isti\u010du\u0107i snagu i eleganciju u svakoj prilici.<\/p>\n","protected":false},"featured_media":30266,"comment_status":"open","ping_status":"closed","template":"","meta":{"_acf_changed":false},"product_brand":[],"product_cat":[190,188],"product_tag":[],"class_list":{"0":"post-30237","1":"product","2":"type-product","3":"status-publish","4":"has-post-thumbnail","6":"product_cat-kilian-marka","7":"product_cat-unisex","9":"first","10":"instock","11":"taxable","12":"shipping-taxable","13":"purchasable","14":"product-type-variable","15":"has-default-attributes"},"acf":[],"_links":{"self":[{"href":"https:\/\/nicolefragrance.se\/hr\/wp-json\/wp\/v2\/product\/30237","targetHints":{"allow":["GET"]}}],"collection":[{"href":"https:\/\/nicolefragrance.se\/hr\/wp-json\/wp\/v2\/product"}],"about":[{"href":"https:\/\/nicolefragrance.se\/hr\/wp-json\/wp\/v2\/types\/product"}],"replies":[{"embeddable":true,"href":"https:\/\/nicolefragrance.se\/hr\/wp-json\/wp\/v2\/comments?post=30237"}],"version-history":[{"count":0,"href":"https:\/\/nicolefragrance.se\/hr\/wp-json\/wp\/v2\/product\/30237\/revisions"}],"wp:featuredmedia":[{"embeddable":true,"href":"https:\/\/nicolefragrance.se\/hr\/wp-json\/wp\/v2\/media\/30266"}],"wp:attachment":[{"href":"https:\/\/nicolefragrance.se\/hr\/wp-json\/wp\/v2\/media?parent=30237"}],"wp:term":[{"taxonomy":"product_brand","embeddable":true,"href":"https:\/\/nicolefragrance.se\/hr\/wp-json\/wp\/v2\/product_brand?post=30237"},{"taxonomy":"product_cat","embeddable":true,"href":"https:\/\/nicolefragrance.se\/hr\/wp-json\/wp\/v2\/product_cat?post=30237"},{"taxonomy":"product_tag","embeddable":true,"href":"https:\/\/nicolefragrance.se\/hr\/wp-json\/wp\/v2\/product_tag?post=30237"}],"curies":[{"name":"wp","href":"https:\/\/api.w.org\/{rel}","templated":true}]}}