{"id":30202,"date":"2025-09-01T19:26:55","date_gmt":"2025-09-01T17:26:55","guid":{"rendered":"https:\/\/nicolefragrance.se\/?post_type=product&#038;p=30202"},"modified":"2025-09-11T07:47:39","modified_gmt":"2025-09-11T05:47:39","slug":"chanel-chance-eau-splendide","status":"publish","type":"product","link":"https:\/\/nicolefragrance.se\/hr\/proizvod\/chanel-chance-eau-splendide\/","title":{"rendered":"Nicole 2074 EDP inspiriran s Chanel Chance Eau Splendide"},"content":{"rendered":"<p data-start=\"107\" data-end=\"453\"><strong>Nicole 2074 EDP <\/strong>inspiriran s Chanel Chance Eau Splendide novi je svjetlucavi cvjetno-vo\u0107ni <a href=\"https:\/\/nicolefragrance.se\/kategori\/for-kvinnor\/\">\u017eenski parfem<\/a>, lansiran 2025. godine. Kao nova interpretacija kultne Chance kolekcije, ovaj miris donosi energiju pokreta, radosti i spontanosti. Idealan je za \u017eene koje zra\u010de elegancijom te \u017eele obogatiti svakodnevicu optimizmom i profinjenim \u0161armom.<\/p>\n<p data-start=\"455\" data-end=\"864\">Miris se otvara blistavim i zavodljivim akordima maline, \u010dije vo\u0107ne i cvjetne nijanse stvaraju trenutni osje\u0107aj veselja i svje\u017eine. U srcu parfema dominira ru\u017ei\u010dasti geranij s blagim dodirom mente, oplemenjen puderastim akcentima irisa koji unosi notu profinjenosti. U osnovi parfema razvija se skladna kombinacija misti\u010dnog cedra i bijelog mo\u0161usa, koji mirisu daju postojanost, toplinu i profinjenu meko\u0107u.<\/p>\n<p data-start=\"866\" data-end=\"1201\"><strong>Nicole 2074 EDP<\/strong> osmi\u0161ljen je za modernu, dinami\u010dnu i vedru \u017eenu koja voli pratiti ritam \u017eivota i u svakoj prilici prona\u0107i trenutak sre\u0107e. Njegova cvjetno-vo\u0107na kompozicija \u010dini ga savr\u0161enim izborom za prolje\u0107e i ljeto, dok dugotrajnost i prozra\u010dnost mirisa omogu\u0107uju da ostavi besprijekoran trag tijekom cijelog dana.<\/p>\n<p style=\"text-align: center;\" data-start=\"1203\" data-end=\"1224\">\u2501\u2501\u2501\u2501\u2501\u2501\u2501\u2501\u25c7\u25c6\u25c7\u2501\u2501\u2501\u2501\u2501\u2501\u2501\u2501<\/p>\n<p data-start=\"1226\" data-end=\"1658\">Mirisi <a href=\"https:\/\/nicolefragrance.se\/om-oss\/\"><strong data-start=\"1233\" data-end=\"1243\">Nicole<\/strong><\/a> nastaju od originalnih francuskih esencija i sadr\u017ee visokih 30% do 35% koncentrata parfema, \u0161to ih \u010dini jo\u0161 dugotrajnijima i intenzivnijima. Svi na\u0161i proizvodi prolaze dermatolo\u0161ka ispitivanja te imaju sve potrebne dozvole i certifikate, uklju\u010duju\u0107i <a href=\"https:\/\/ifrafragrance.org\/initiatives-positions\/safe-use-fragrance-science\/ifra-standards\" rel=\"noopener\">IFRA<\/a> \u2013 me\u0111unarodni garant kvalitete. Na\u0161i mirisi su ekolo\u0161ki prihvatljivi, ne sadr\u017ee sinteti\u010dke boje i formulirani su kako bi pru\u017eili luksuzno parfemsko iskustvo.<\/p>\n<p data-start=\"1660\" data-end=\"1933\"><strong data-start=\"1660\" data-end=\"1678\">Nicole parfemi<\/strong> bazirani su na visokokvalitetnim mirisnim esencijama i pakiraju se u elegantne bo\u010dice od 30 ml, 50 ml i 100 ml. Na taj na\u010din ne pla\u0107ate skupu dizajnersku ambala\u017eu i ime brenda, ve\u0107 dobivate miris inspiriran originalnim parfemima po pristupa\u010dnoj cijeni.<\/p>\n","protected":false},"excerpt":{"rendered":"<p><strong>Nicole 2074 EDP<\/strong> osmi\u0161ljen je za modernu, dinami\u010dnu i vedru \u017eenu koja voli pratiti ritam \u017eivota i u svakoj prilici prona\u0107i trenutak sre\u0107e. Njegova cvjetno-vo\u0107na kompozicija \u010dini ga savr\u0161enim izborom za prolje\u0107e i ljeto, dok dugotrajnost i prozra\u010dnost mirisa omogu\u0107uju da ostavi besprijekoran trag tijekom cijelog dana.<\/p>\n","protected":false},"featured_media":30225,"comment_status":"open","ping_status":"closed","template":"","meta":{"_acf_changed":false},"product_brand":[],"product_cat":[195,186],"product_tag":[],"class_list":{"0":"post-30202","1":"product","2":"type-product","3":"status-publish","4":"has-post-thumbnail","6":"product_cat-chanel-marka","7":"product_cat-za-zene","9":"first","10":"instock","11":"featured","12":"taxable","13":"shipping-taxable","14":"purchasable","15":"product-type-variable","16":"has-default-attributes"},"acf":[],"_links":{"self":[{"href":"https:\/\/nicolefragrance.se\/hr\/wp-json\/wp\/v2\/product\/30202","targetHints":{"allow":["GET"]}}],"collection":[{"href":"https:\/\/nicolefragrance.se\/hr\/wp-json\/wp\/v2\/product"}],"about":[{"href":"https:\/\/nicolefragrance.se\/hr\/wp-json\/wp\/v2\/types\/product"}],"replies":[{"embeddable":true,"href":"https:\/\/nicolefragrance.se\/hr\/wp-json\/wp\/v2\/comments?post=30202"}],"version-history":[{"count":0,"href":"https:\/\/nicolefragrance.se\/hr\/wp-json\/wp\/v2\/product\/30202\/revisions"}],"wp:featuredmedia":[{"embeddable":true,"href":"https:\/\/nicolefragrance.se\/hr\/wp-json\/wp\/v2\/media\/30225"}],"wp:attachment":[{"href":"https:\/\/nicolefragrance.se\/hr\/wp-json\/wp\/v2\/media?parent=30202"}],"wp:term":[{"taxonomy":"product_brand","embeddable":true,"href":"https:\/\/nicolefragrance.se\/hr\/wp-json\/wp\/v2\/product_brand?post=30202"},{"taxonomy":"product_cat","embeddable":true,"href":"https:\/\/nicolefragrance.se\/hr\/wp-json\/wp\/v2\/product_cat?post=30202"},{"taxonomy":"product_tag","embeddable":true,"href":"https:\/\/nicolefragrance.se\/hr\/wp-json\/wp\/v2\/product_tag?post=30202"}],"curies":[{"name":"wp","href":"https:\/\/api.w.org\/{rel}","templated":true}]}}